{"id":1308,"date":"2019-05-27T12:07:38","date_gmt":"2019-05-27T12:07:38","guid":{"rendered":"https:\/\/deutschkurs-stuttgart.de\/jobs\/"},"modified":"2025-03-28T10:52:57","modified_gmt":"2025-03-28T09:52:57","slug":"jobs","status":"publish","type":"page","link":"https:\/\/deutschkurs-stuttgart.de\/en\/jobs\/","title":{"rendered":"Jobs"},"content":{"rendered":"\n<style type=\"text\/css\" data-created_by=\"avia_inline_auto\" id=\"style-css-av-3rrgo-3986381b43d68a2e4a3023b63e16e4b5\">\n.flex_column.av-3rrgo-3986381b43d68a2e4a3023b63e16e4b5{\nborder-radius:0px 0px 0px 0px;\npadding:0px 0px 0px 0px;\n}\n<\/style>\n<div  class='flex_column av-3rrgo-3986381b43d68a2e4a3023b63e16e4b5 av_one_full  avia-builder-el-0  el_before_av_one_full  avia-builder-el-first  first flex_column_div av-zero-column-padding  '     ><style type=\"text\/css\" data-created_by=\"avia_inline_auto\" id=\"style-css-av-jw6buhhb-139c516ad1d27c6b0c682d9b741c60ae\">\n.avia-image-container.av-jw6buhhb-139c516ad1d27c6b0c682d9b741c60ae img.avia_image{\nbox-shadow:none;\n}\n.avia-image-container.av-jw6buhhb-139c516ad1d27c6b0c682d9b741c60ae .av-image-caption-overlay-center{\ncolor:#ffffff;\n}\n<\/style>\n<div  class='avia-image-container av-jw6buhhb-139c516ad1d27c6b0c682d9b741c60ae av-styling- avia-align-center  avia-builder-el-1  avia-builder-el-no-sibling '   itemprop=\"image\" itemscope=\"itemscope\" itemtype=\"https:\/\/schema.org\/ImageObject\" ><div class=\"avia-image-container-inner\"><div class=\"avia-image-overlay-wrap\"><img decoding=\"async\" fetchpriority=\"high\" class='wp-image-804 avia-img-lazy-loading-not-804 avia_image ' src=\"https:\/\/deutschkurs-stuttgart.de\/wp-content\/uploads\/2019\/05\/deutschkolleg-stuttgart-jobs-1500x573.jpg\" alt='Arbeiten im Deutschkolleg Stuttgart' title='deutschkolleg-stuttgart-jobs'  height=\"573\" width=\"1500\"  itemprop=\"thumbnailUrl\" srcset=\"https:\/\/deutschkurs-stuttgart.de\/wp-content\/uploads\/2019\/05\/deutschkolleg-stuttgart-jobs.jpg 1500w, https:\/\/deutschkurs-stuttgart.de\/wp-content\/uploads\/2019\/05\/deutschkolleg-stuttgart-jobs-300x115.jpg 300w, https:\/\/deutschkurs-stuttgart.de\/wp-content\/uploads\/2019\/05\/deutschkolleg-stuttgart-jobs-768x293.jpg 768w, https:\/\/deutschkurs-stuttgart.de\/wp-content\/uploads\/2019\/05\/deutschkolleg-stuttgart-jobs-1030x393.jpg 1030w, https:\/\/deutschkurs-stuttgart.de\/wp-content\/uploads\/2019\/05\/deutschkolleg-stuttgart-jobs-705x269.jpg 705w, https:\/\/deutschkurs-stuttgart.de\/wp-content\/uploads\/2019\/05\/deutschkolleg-stuttgart-jobs-450x172.jpg 450w\" sizes=\"(max-width: 1500px) 100vw, 1500px\" \/><\/div><\/div><\/div><\/div>\n\n<style type=\"text\/css\" data-created_by=\"avia_inline_auto\" id=\"style-css-av-1qm7g-bcac57a836483b768a5e28c4a7613286\">\n.flex_column.av-1qm7g-bcac57a836483b768a5e28c4a7613286{\nborder-radius:0px 0px 0px 0px;\npadding:0px 0px 0px 0px;\n}\n<\/style>\n<div  class='flex_column av-1qm7g-bcac57a836483b768a5e28c4a7613286 av_one_full  avia-builder-el-2  el_after_av_one_full  avia-builder-el-last  first flex_column_div av-zero-column-padding  column-top-margin'     ><section  class='av_textblock_section av-jtri1aed-d5e0d6581702c234382410f29200f75a '   itemscope=\"itemscope\" itemtype=\"https:\/\/schema.org\/CreativeWork\" ><div class='avia_textblock'  itemprop=\"text\" ><h1>Stellenangebote im Deutschkolleg<\/h1>\n<\/div><\/section><br \/>\n\n<style type=\"text\/css\" data-created_by=\"avia_inline_auto\" id=\"style-css-av-juutyfrg-f2a55e626120034cf59f28e3130d42c9\">\n#top .hr.hr-invisible.av-juutyfrg-f2a55e626120034cf59f28e3130d42c9{\nheight:20px;\n}\n<\/style>\n<div  class='hr av-juutyfrg-f2a55e626120034cf59f28e3130d42c9 hr-invisible  avia-builder-el-4  el_after_av_textblock  el_before_av_textblock '><span class='hr-inner '><span class=\"hr-inner-style\"><\/span><\/span><\/div><br \/>\n<section  class='av_textblock_section av-juuu9nh3-37b52ed42ababdf1dc4fca97acfeb6fe '   itemscope=\"itemscope\" itemtype=\"https:\/\/schema.org\/CreativeWork\" ><div class='avia_textblock'  itemprop=\"text\" ><h2>Aktuelle Stellenangebote<\/h2>\n<p><strong>Deutsch unterrichten im Deutschkolleg<\/strong><\/p>\n<p>Das Deutschkolleg sucht immer wieder Honorarkr\u00e4fte f\u00fcr kurz- und l\u00e4ngerfristige Vertretungen sowie f\u00fcr feste Deputate.<br \/>\nJe nach Voraussetzungen sind auch Festanstellungen m\u00f6glich.<\/p>\n<p>Unseren Vorstellungen entsprechen Sie am besten, wenn Sie folgende Voraussetzungen erf\u00fcllen:<\/p>\n<ul>\n<li>Studium im sprachlichen Bereich<\/li>\n<li>Unterrichtserfahrung in DaF<\/li>\n<li>(Zusatz)ausbildung in DaF<\/li>\n<li>Erfahrungen in der Pr\u00fcfungsvorbereitung (DSH\/TestDaF)<\/li>\n<li>Erfahrungen mit unserer Zielgruppe<\/li>\n<li>Computerkenntnisse<\/li>\n<\/ul>\n<h3>Bewerbungsunterlagen<\/h3>\n<p>F\u00fcr Ihre Email-Bewerbung gen\u00fcgt ein einfaches Anschreiben. Beschreiben Sie ausschlie\u00dflich Ihre Erfahrungen im Bereich Deutsch als Fremdsprache. Bitte f\u00fcgen Sie Ihren Dateien aus Sicherheitsgr\u00fcnden keine Dateianh\u00e4nge an und verwenden Sie f\u00fcr Ihr Schreiben das reine Textformat (keine html-Mails).<\/p>\n<h3>Bewerbungen<\/h3>\n<p>Ihre Bewerbung als Honorarkraft richten Sie bitte per Email an:<\/p>\n<p>Deutschkolleg Stuttgart<br \/>\nDaniela H\u00e4gele<br \/>\npaed.koordination@deutschkolleg-stuttgart.de<\/p>\n<\/div><\/section><\/p><\/div>\n","protected":false},"excerpt":{"rendered":"","protected":false},"author":4,"featured_media":0,"parent":0,"menu_order":0,"comment_status":"closed","ping_status":"closed","template":"","meta":{"footnotes":""},"class_list":["post-1308","page","type-page","status-publish","hentry"],"yoast_head":"<!-- This site is optimized with the Yoast SEO plugin v26.4 - https:\/\/yoast.com\/wordpress\/plugins\/seo\/ -->\n<title>Jobs - Deutschkolleg Stuttgart<\/title>\n<meta name=\"description\" content=\"Das Deutschkolleg sucht immer wieder Honorarkr\u00e4fte f\u00fcr kurz- und l\u00e4ngerfristige Vertretungen sowie f\u00fcr feste Deputate.\" \/>\n<meta name=\"robots\" content=\"index, follow, max-snippet:-1, max-image-preview:large, max-video-preview:-1\" \/>\n<link rel=\"canonical\" href=\"https:\/\/deutschkurs-stuttgart.de\/en\/jobs\/\" \/>\n<meta property=\"og:locale\" content=\"en_US\" \/>\n<meta property=\"og:type\" content=\"article\" \/>\n<meta property=\"og:title\" content=\"Jobs - Deutschkolleg Stuttgart\" \/>\n<meta property=\"og:description\" content=\"Das Deutschkolleg sucht immer wieder Honorarkr\u00e4fte f\u00fcr kurz- und l\u00e4ngerfristige Vertretungen sowie f\u00fcr feste Deputate.\" \/>\n<meta property=\"og:url\" content=\"https:\/\/deutschkurs-stuttgart.de\/en\/jobs\/\" \/>\n<meta property=\"og:site_name\" content=\"Deutschkolleg Stuttgart\" \/>\n<meta property=\"article:publisher\" content=\"https:\/\/www.facebook.com\/DeutschkollegStuttgart\" \/>\n<meta property=\"article:modified_time\" content=\"2025-03-28T09:52:57+00:00\" \/>\n<meta name=\"twitter:card\" content=\"summary_large_image\" \/>\n<meta name=\"twitter:label1\" content=\"Est. reading time\" \/>\n\t<meta name=\"twitter:data1\" content=\"2 minutes\" \/>\n<script type=\"application\/ld+json\" class=\"yoast-schema-graph\">{\"@context\":\"https:\/\/schema.org\",\"@graph\":[{\"@type\":\"WebPage\",\"@id\":\"https:\/\/deutschkurs-stuttgart.de\/en\/jobs\/\",\"url\":\"https:\/\/deutschkurs-stuttgart.de\/en\/jobs\/\",\"name\":\"Jobs - Deutschkolleg Stuttgart\",\"isPartOf\":{\"@id\":\"https:\/\/deutschkurs-stuttgart.de\/de\/#website\"},\"datePublished\":\"2019-05-27T12:07:38+00:00\",\"dateModified\":\"2025-03-28T09:52:57+00:00\",\"description\":\"Das Deutschkolleg sucht immer wieder Honorarkr\u00e4fte f\u00fcr kurz- und l\u00e4ngerfristige Vertretungen sowie f\u00fcr feste Deputate.\",\"breadcrumb\":{\"@id\":\"https:\/\/deutschkurs-stuttgart.de\/en\/jobs\/#breadcrumb\"},\"inLanguage\":\"en-US\",\"potentialAction\":[{\"@type\":\"ReadAction\",\"target\":[\"https:\/\/deutschkurs-stuttgart.de\/en\/jobs\/\"]}]},{\"@type\":\"BreadcrumbList\",\"@id\":\"https:\/\/deutschkurs-stuttgart.de\/en\/jobs\/#breadcrumb\",\"itemListElement\":[{\"@type\":\"ListItem\",\"position\":1,\"name\":\"Startseite\",\"item\":\"https:\/\/deutschkurs-stuttgart.de\/en\/deutschkolleg\/\"},{\"@type\":\"ListItem\",\"position\":2,\"name\":\"Jobs\"}]},{\"@type\":\"WebSite\",\"@id\":\"https:\/\/deutschkurs-stuttgart.de\/de\/#website\",\"url\":\"https:\/\/deutschkurs-stuttgart.de\/de\/\",\"name\":\"Deutschkolleg Stuttgart\",\"description\":\"Deutschkurse f\u00fcr Uni und Beruf\",\"publisher\":{\"@id\":\"https:\/\/deutschkurs-stuttgart.de\/de\/#organization\"},\"potentialAction\":[{\"@type\":\"SearchAction\",\"target\":{\"@type\":\"EntryPoint\",\"urlTemplate\":\"https:\/\/deutschkurs-stuttgart.de\/de\/?s={search_term_string}\"},\"query-input\":{\"@type\":\"PropertyValueSpecification\",\"valueRequired\":true,\"valueName\":\"search_term_string\"}}],\"inLanguage\":\"en-US\"},{\"@type\":\"Organization\",\"@id\":\"https:\/\/deutschkurs-stuttgart.de\/de\/#organization\",\"name\":\"Deutschkolleg Stuttgart\",\"url\":\"https:\/\/deutschkurs-stuttgart.de\/de\/\",\"logo\":{\"@type\":\"ImageObject\",\"inLanguage\":\"en-US\",\"@id\":\"https:\/\/deutschkurs-stuttgart.de\/de\/#\/schema\/logo\/image\/\",\"url\":\"https:\/\/deutschkurs-stuttgart.de\/wp-content\/uploads\/2019\/05\/DK-Logo.png\",\"contentUrl\":\"https:\/\/deutschkurs-stuttgart.de\/wp-content\/uploads\/2019\/05\/DK-Logo.png\",\"width\":200,\"height\":152,\"caption\":\"Deutschkolleg Stuttgart\"},\"image\":{\"@id\":\"https:\/\/deutschkurs-stuttgart.de\/de\/#\/schema\/logo\/image\/\"},\"sameAs\":[\"https:\/\/www.facebook.com\/DeutschkollegStuttgart\",\"https:\/\/www.instagram.com\/deutschkolleg.stuttgart\/\"]}]}<\/script>\n<!-- \/ Yoast SEO plugin. -->","yoast_head_json":{"title":"Jobs - Deutschkolleg Stuttgart","description":"Das Deutschkolleg sucht immer wieder Honorarkr\u00e4fte f\u00fcr kurz- und l\u00e4ngerfristige Vertretungen sowie f\u00fcr feste Deputate.","robots":{"index":"index","follow":"follow","max-snippet":"max-snippet:-1","max-image-preview":"max-image-preview:large","max-video-preview":"max-video-preview:-1"},"canonical":"https:\/\/deutschkurs-stuttgart.de\/en\/jobs\/","og_locale":"en_US","og_type":"article","og_title":"Jobs - Deutschkolleg Stuttgart","og_description":"Das Deutschkolleg sucht immer wieder Honorarkr\u00e4fte f\u00fcr kurz- und l\u00e4ngerfristige Vertretungen sowie f\u00fcr feste Deputate.","og_url":"https:\/\/deutschkurs-stuttgart.de\/en\/jobs\/","og_site_name":"Deutschkolleg Stuttgart","article_publisher":"https:\/\/www.facebook.com\/DeutschkollegStuttgart","article_modified_time":"2025-03-28T09:52:57+00:00","twitter_card":"summary_large_image","twitter_misc":{"Est. reading time":"2 minutes"},"schema":{"@context":"https:\/\/schema.org","@graph":[{"@type":"WebPage","@id":"https:\/\/deutschkurs-stuttgart.de\/en\/jobs\/","url":"https:\/\/deutschkurs-stuttgart.de\/en\/jobs\/","name":"Jobs - Deutschkolleg Stuttgart","isPartOf":{"@id":"https:\/\/deutschkurs-stuttgart.de\/de\/#website"},"datePublished":"2019-05-27T12:07:38+00:00","dateModified":"2025-03-28T09:52:57+00:00","description":"Das Deutschkolleg sucht immer wieder Honorarkr\u00e4fte f\u00fcr kurz- und l\u00e4ngerfristige Vertretungen sowie f\u00fcr feste Deputate.","breadcrumb":{"@id":"https:\/\/deutschkurs-stuttgart.de\/en\/jobs\/#breadcrumb"},"inLanguage":"en-US","potentialAction":[{"@type":"ReadAction","target":["https:\/\/deutschkurs-stuttgart.de\/en\/jobs\/"]}]},{"@type":"BreadcrumbList","@id":"https:\/\/deutschkurs-stuttgart.de\/en\/jobs\/#breadcrumb","itemListElement":[{"@type":"ListItem","position":1,"name":"Startseite","item":"https:\/\/deutschkurs-stuttgart.de\/en\/deutschkolleg\/"},{"@type":"ListItem","position":2,"name":"Jobs"}]},{"@type":"WebSite","@id":"https:\/\/deutschkurs-stuttgart.de\/de\/#website","url":"https:\/\/deutschkurs-stuttgart.de\/de\/","name":"Deutschkolleg Stuttgart","description":"Deutschkurse f\u00fcr Uni und Beruf","publisher":{"@id":"https:\/\/deutschkurs-stuttgart.de\/de\/#organization"},"potentialAction":[{"@type":"SearchAction","target":{"@type":"EntryPoint","urlTemplate":"https:\/\/deutschkurs-stuttgart.de\/de\/?s={search_term_string}"},"query-input":{"@type":"PropertyValueSpecification","valueRequired":true,"valueName":"search_term_string"}}],"inLanguage":"en-US"},{"@type":"Organization","@id":"https:\/\/deutschkurs-stuttgart.de\/de\/#organization","name":"Deutschkolleg Stuttgart","url":"https:\/\/deutschkurs-stuttgart.de\/de\/","logo":{"@type":"ImageObject","inLanguage":"en-US","@id":"https:\/\/deutschkurs-stuttgart.de\/de\/#\/schema\/logo\/image\/","url":"https:\/\/deutschkurs-stuttgart.de\/wp-content\/uploads\/2019\/05\/DK-Logo.png","contentUrl":"https:\/\/deutschkurs-stuttgart.de\/wp-content\/uploads\/2019\/05\/DK-Logo.png","width":200,"height":152,"caption":"Deutschkolleg Stuttgart"},"image":{"@id":"https:\/\/deutschkurs-stuttgart.de\/de\/#\/schema\/logo\/image\/"},"sameAs":["https:\/\/www.facebook.com\/DeutschkollegStuttgart","https:\/\/www.instagram.com\/deutschkolleg.stuttgart\/"]}]}},"_links":{"self":[{"href":"https:\/\/deutschkurs-stuttgart.de\/en\/wp-json\/wp\/v2\/pages\/1308","targetHints":{"allow":["GET"]}}],"collection":[{"href":"https:\/\/deutschkurs-stuttgart.de\/en\/wp-json\/wp\/v2\/pages"}],"about":[{"href":"https:\/\/deutschkurs-stuttgart.de\/en\/wp-json\/wp\/v2\/types\/page"}],"author":[{"embeddable":true,"href":"https:\/\/deutschkurs-stuttgart.de\/en\/wp-json\/wp\/v2\/users\/4"}],"replies":[{"embeddable":true,"href":"https:\/\/deutschkurs-stuttgart.de\/en\/wp-json\/wp\/v2\/comments?post=1308"}],"version-history":[{"count":6,"href":"https:\/\/deutschkurs-stuttgart.de\/en\/wp-json\/wp\/v2\/pages\/1308\/revisions"}],"predecessor-version":[{"id":5684,"href":"https:\/\/deutschkurs-stuttgart.de\/en\/wp-json\/wp\/v2\/pages\/1308\/revisions\/5684"}],"wp:attachment":[{"href":"https:\/\/deutschkurs-stuttgart.de\/en\/wp-json\/wp\/v2\/media?parent=1308"}],"curies":[{"name":"wp","href":"https:\/\/api.w.org\/{rel}","templated":true}]}}