{"id":886,"date":"2019-05-27T10:19:05","date_gmt":"2019-05-27T10:19:05","guid":{"rendered":"https:\/\/deutschkurs-stuttgart.de\/?page_id=886"},"modified":"2024-01-31T13:41:30","modified_gmt":"2024-01-31T12:41:30","slug":"deutschkolleg-stuttgart","status":"publish","type":"page","link":"https:\/\/deutschkurs-stuttgart.de\/de\/","title":{"rendered":"Deutschkolleg"},"content":{"rendered":"\n<style type=\"text\/css\" data-created_by=\"avia_inline_auto\" id=\"style-css-av-3rrgo-3986381b43d68a2e4a3023b63e16e4b5\">\n.flex_column.av-3rrgo-3986381b43d68a2e4a3023b63e16e4b5{\nborder-radius:0px 0px 0px 0px;\npadding:0px 0px 0px 0px;\n}\n<\/style>\n<div  class='flex_column av-3rrgo-3986381b43d68a2e4a3023b63e16e4b5 av_one_full  avia-builder-el-0  el_before_av_hr  avia-builder-el-first  first flex_column_div av-zero-column-padding  '     ><style type=\"text\/css\" data-created_by=\"avia_inline_auto\" id=\"style-css-av-jw67yw2h-b807cbb31f351db5f5ece645d93154d3\">\n.avia-image-container.av-jw67yw2h-b807cbb31f351db5f5ece645d93154d3 img.avia_image{\nbox-shadow:none;\n}\n.avia-image-container.av-jw67yw2h-b807cbb31f351db5f5ece645d93154d3 .av-image-caption-overlay-center{\ncolor:#ffffff;\n}\n<\/style>\n<div  class='avia-image-container av-jw67yw2h-b807cbb31f351db5f5ece645d93154d3 av-styling- avia-align-center  avia-builder-el-1  avia-builder-el-no-sibling '   itemprop=\"image\" itemscope=\"itemscope\" itemtype=\"https:\/\/schema.org\/ImageObject\" ><div class=\"avia-image-container-inner\"><div class=\"avia-image-overlay-wrap\"><img decoding=\"async\" fetchpriority=\"high\" class='wp-image-807 avia-img-lazy-loading-not-807 avia_image ' src=\"https:\/\/deutschkurs-stuttgart.de\/wp-content\/uploads\/2019\/05\/deutschkurs-im-deutschkolleg-stuttgart-1500x573.jpg\" alt='Optimal Deutschlernen im Deutschkolleg Stuttgart' title='Deutschkurs im Deutschkolleg Stuttgart'  height=\"573\" width=\"1500\"  itemprop=\"thumbnailUrl\" srcset=\"https:\/\/deutschkurs-stuttgart.de\/wp-content\/uploads\/2019\/05\/deutschkurs-im-deutschkolleg-stuttgart.jpg 1500w, https:\/\/deutschkurs-stuttgart.de\/wp-content\/uploads\/2019\/05\/deutschkurs-im-deutschkolleg-stuttgart-300x115.jpg 300w, https:\/\/deutschkurs-stuttgart.de\/wp-content\/uploads\/2019\/05\/deutschkurs-im-deutschkolleg-stuttgart-768x293.jpg 768w, https:\/\/deutschkurs-stuttgart.de\/wp-content\/uploads\/2019\/05\/deutschkurs-im-deutschkolleg-stuttgart-1030x393.jpg 1030w, https:\/\/deutschkurs-stuttgart.de\/wp-content\/uploads\/2019\/05\/deutschkurs-im-deutschkolleg-stuttgart-705x269.jpg 705w, https:\/\/deutschkurs-stuttgart.de\/wp-content\/uploads\/2019\/05\/deutschkurs-im-deutschkolleg-stuttgart-450x172.jpg 450w\" sizes=\"(max-width: 1500px) 100vw, 1500px\" \/><\/div><\/div><\/div><\/div>\n\n<style type=\"text\/css\" data-created_by=\"avia_inline_auto\" id=\"style-css-av-ldmuuq92-0485f6c3fcf2cd33dd029cdec679ed28\">\n#top .hr.hr-invisible.av-ldmuuq92-0485f6c3fcf2cd33dd029cdec679ed28{\nheight:20px;\n}\n<\/style>\n<div  class='hr av-ldmuuq92-0485f6c3fcf2cd33dd029cdec679ed28 hr-invisible  avia-builder-el-2  el_after_av_one_full  el_before_av_textblock '><span class='hr-inner '><span class=\"hr-inner-style\"><\/span><\/span><\/div>\n<section  class='av_textblock_section av-ldmuskzq-8c9b660a47bbb5bf265a7edf3c013f38 '   itemscope=\"itemscope\" itemtype=\"https:\/\/schema.org\/CreativeWork\" ><div class='avia_textblock'  itemprop=\"text\" ><p><strong>++Neu: Abendkurse f\u00fcr Studierende und junge Berufst\u00e4tige &#8211; Jetzt informieren: <a href=\"https:\/\/deutschkurs-stuttgart.de\/de\/abendkurse-deutsch-als-fremdsprache\/\">Abendkurse im Deutschkolleg<\/a>++<\/strong><\/p>\n<\/div><\/section>\n\n<style type=\"text\/css\" data-created_by=\"avia_inline_auto\" id=\"style-css-av-1qm7g-bcac57a836483b768a5e28c4a7613286\">\n.flex_column.av-1qm7g-bcac57a836483b768a5e28c4a7613286{\nborder-radius:0px 0px 0px 0px;\npadding:0px 0px 0px 0px;\n}\n<\/style>\n<div  class='flex_column av-1qm7g-bcac57a836483b768a5e28c4a7613286 av_one_full  avia-builder-el-4  el_after_av_textblock  el_before_av_hr  first flex_column_div av-zero-column-padding  column-top-margin'     ><section  class='av_textblock_section av-jtri1aed-aa76bc42c903f286ad3ae6604dc0417b '   itemscope=\"itemscope\" itemtype=\"https:\/\/schema.org\/CreativeWork\" ><div class='avia_textblock'  itemprop=\"text\" ><h1>Willkommen im Deutschkolleg Stuttgart<\/h1>\n<\/div><\/section><br \/>\n\n<style type=\"text\/css\" data-created_by=\"avia_inline_auto\" id=\"style-css-av-juutyfrg-f2a55e626120034cf59f28e3130d42c9\">\n#top .hr.hr-invisible.av-juutyfrg-f2a55e626120034cf59f28e3130d42c9{\nheight:20px;\n}\n<\/style>\n<div  class='hr av-juutyfrg-f2a55e626120034cf59f28e3130d42c9 hr-invisible  avia-builder-el-6  el_after_av_textblock  el_before_av_textblock '><span class='hr-inner '><span class=\"hr-inner-style\"><\/span><\/span><\/div><br \/>\n<section  class='av_textblock_section av-juuu9nh3-8bfe21a55629f98900311d2f7760a3cd '   itemscope=\"itemscope\" itemtype=\"https:\/\/schema.org\/CreativeWork\" ><div class='avia_textblock'  itemprop=\"text\" ><p>Aktuelle Informationen im Blog des Deutschkollegs [<a href=\"https:\/\/deutschkurs-stuttgart.de\/de\/neues\/\">direkt zum Blog<\/a>]<\/p>\n<h2>Deutsch f\u00fcr Uni und Beruf<\/h2>\n<p>Das Deutschkolleg Stuttgart bietet intensive <a href=\"https:\/\/deutschkurs-stuttgart.de\/de\/deutschkurse\/\"> Deutschkurse<\/a> f\u00fcr Universit\u00e4t und Beruf. Unsere Teilnehmer sind Studienbewerber, Studenten und Akademiker aus \u00fcber 130 L\u00e4ndern.<\/p>\n<p>Zu den Deutschkursen: <a href=\"https:\/\/deutschkurs-stuttgart.de\/de\/deutschkurse\/\">Deutschkurse<\/a><\/p>\n<h2>Lernen Sie schneller Deutsch<\/h2>\n<p>Im Deutschkolleg lernen Sie Deutsch mit hohem Tempo.<\/p>\n<p>&#8211; Die Deutschlerner im Deutschkolleg sind jung und motiviert.<br \/>\n&#8211; Unsere Lerner besitzen Abitur oder einen akademischen Abschluss.<br \/>\n&#8211; Sie haben Erfahrung im Erlernen einer Fremdsprache.<br \/>\n&#8211; Sie sind kommunikativ und arbeiten gerne im Team.<\/p>\n<h2>Unser Konzept<\/h2>\n<p>Unsere Kurse f\u00fchren Sie \u00fcber sieben Stufen ohne Vorkenntnisse zum Niveau der Deutschpr\u00fcfung f\u00fcr die Uni. Jeder Kurs baut auf dem vorherigen Kurs auf. Gelernte Strukturen werden regelm\u00e4\u00dfig wiederholt, trotzdem hat jeder Kurs eine klare Progression.<\/p>\n<h3>Deutsch lernen: intensiv und effektiv<\/h3>\n<p>Starten Sie auf Deutsch und lernen Sie Schritt f\u00fcr Schritt neue W\u00f6rter und Strukturen. In vielf\u00e4ltigen und abwechslungsreichen Situationen \u00fcben Sie die neue Sprache.<\/p>\n<p>Sie trainieren Ihre Fertigkeiten im Sprechen und H\u00f6ren, Schreiben und Lesen. Dabei erweitern Sie Ihre Kompetenzen stetig, bis Sie sich frei und eigenst\u00e4ndig in der deutschen Sprache bewegen. \u00dcber Ihren aktuellen Lernstand informiert Sie die regelm\u00e4\u00dfige Leistungskontrolle.<\/p>\n<h3>Systematische Pr\u00fcfungsvorbereitung<\/h3>\n<p>Viele ausl\u00e4ndische Studienbewerber beginnen zu sp\u00e4t mit der Vorbereitung auf die Deutschpr\u00fcfung.<\/p>\n<p>Bei uns f\u00e4ngt die systematische Pr\u00fcfungsvorbereitung schon in der Grundstufe an. Hier wird die Basis f\u00fcr Ihren Pr\u00fcfungserfolg gelegt. Auf jeder Stufe werden die pr\u00fcfungsrelevanten Fertigkeiten systematisch weiterentwickelt.<\/p>\n<p>Mehr zum Thema Deutschpr\u00fcfung: <a href=\"https:\/\/deutschkurs-stuttgart.de\/de\/testdaf\/\">TestDaF<\/a><\/p>\n<h3>Unsere Lehrerinnen und Lehrer<\/h3>\n<p>Beim Lernen unterst\u00fctzen Sie qualifizierte Lehrer, die Sie motivierend begleiten. Unsere Lehrer verf\u00fcgen \u00fcber ein philologisches oder linguistisches Hochschulstudium und bilden sich regelm\u00e4\u00dfig im Bereich Deutsch als Fremdsprache fort.<\/p>\n<h2>Kommen Sie zu uns<\/h2>\n<p>Seit \u00fcber 40 Jahren macht das Deutschkolleg Stuttgart ausl\u00e4ndische Studienbewerber und Studenten fit f\u00fcr das Studium und die Deutschpr\u00fcfungen.<\/p>\n<p>Nutzen auch Sie die idealen Voraussetzungen im \u00d6kumenischen Zentrum auf dem Campus der Universit\u00e4t Stuttgart f\u00fcr Ihren Start in Deutschland. Das Deutschkolleg garantiert Ihnen faire Gesch\u00e4ftsbedingungen und ein optimales Preis-Leistungsverh\u00e4ltnis.<\/p>\n<h2>Mehr als ein Deutschkurs<\/h2>\n<p>In Ihrem Deutschkurs und in der Cafeteria finden Sie bei einem Cappuccino schnell Freunde. So trainieren Sie Ihr Deutsch und machen t\u00e4glich Fortschritte.<\/p>\n<p>Mit Ihren neuen Freunden und bei den abwechslungsreichen Exkursionen des Deutschkollegs entdecken Sie Stuttgart und Umgebung.<\/p>\n<p>Das Deutschkolleg im Film, dokumentiert von einer ehemaligen Kursteilnehmerin: <a title=\"YouTube video player\" href=\"https:\/\/www.youtube-nocookie.com\/embed\/V7uDpr8UX3Y\" target=\"_blank\" rel=\"noopener\">40 Jahre Deutschkolleg Stuttgart<\/a>. (externer Link zu Youtube &#8211; Hinweis: nach der Aktivierung werden Daten an Youtube \u00fcbermittelt.)<\/p>\n<h2>Wir bereiten Sie auf das Studium vor<\/h2>\n<p>Das Deutschkolleg befindet sich auf dem Campus der Universit\u00e4t Stuttgart.\u00a0Das Deutschkolleg arbeitet eng mit den Hochschulen der Region Stuttgart zusammen. Wir beraten Sie umfassend in allen Fragen zu Studium und Alltag in Deutschland.<\/p>\n<h2>Unsere Stadt<\/h2>\n<p><em>Top-Hochschulen<\/em><\/p>\n<p>Stuttgart ist eine weltoffene Metropole mit hoher Lebensqualit\u00e4t. Als Hauptstadt von Baden-W\u00fcrttemberg ist Stuttgart das Zentrum von Deutschlands Top-Hochschulregion mit fast 80 Hochschulen, darunter mehrere deutsche Elite-Universit\u00e4ten (Heidelberg, T\u00fcbingen, Konstanz und Karlsruhe).<\/p>\n<p><em>Hightech<\/em><\/p>\n<p>Stuttgart ist einer der f\u00fchrenden Hightech-Standorte in Europa mit weltber\u00fchmten Firmen wie Mercedes-Benz, Porsche, Bosch und vielen anderen. Der Schwarzwald, der Bodensee und die Schw\u00e4bische Alb machen die Umgebung von Stuttgart zu einem Freizeitparadies.<\/p>\n<p><em>Multikulturell\u00a0<\/em><\/p>\n<p>In der Region Stuttgart leben ca. 2,5 Millionen Einwohner. Die Region ist multikulturell gepr\u00e4gt und Sie werden als Ausl\u00e4nder \u00fcberall freundlich empfangen. Stuttgart ist die Gro\u00dfstadt mit der niedrigsten Kriminalit\u00e4tsrate Deutschlands.<\/p>\n<h2>Hier finden Sie uns<\/h2>\n<p>Das Deutschkolleg finden Sie im \u00d6kumenischen Zentrum auf dem Campus der Uni Stuttgart in Stuttgart-Vaihingen:<\/p>\n<p>Deutschkolleg Stuttgart<br \/>\nAllmandring 6<br \/>\n70569 Stuttgart<br \/>\nS-Bahn: S1, S2, S3 Haltestelle Universit\u00e4t<br \/>\nTel: <a href=\"tel:+49-711-687068-18\">+49-711-687068-18<\/a><a href=\"tel:+49-711-687068-18\"><br \/>\n<\/a>E-Mail: <a href=\"mailto:info@deutschkolleg-stuttgart.de\">info@deutschkolleg-stuttgart.de<\/a><\/p>\n<p>Zu den Deutschkursen: <a href=\"https:\/\/deutschkurs-stuttgart.de\/de\/deutschkurse\/\"> Deutschkurse<\/a><\/p>\n<h2>Mehr \u00fcber das Deutschkolleg<\/h2>\n<p>Mehr \u00fcber den Hintergrund des Deutschkollegs k\u00f6nnen Sie auch hier erfahren:<\/p>\n<p><a href=\"https:\/\/deutschkurs-stuttgart.de\/de\/ueber-das-deutschkolleg-stuttgart\/\">\u00dcber das Deutschkolleg Stuttgart <\/a><\/p>\n<\/div><\/section><\/p><\/div>\n<div  class='hr av-7k8u6-ee61d3bbdd0cbfb05b10a4b080cb14a3 hr-default  avia-builder-el-8  el_after_av_one_full  avia-builder-el-last '><span class='hr-inner '><span class=\"hr-inner-style\"><\/span><\/span><\/div>\n","protected":false},"excerpt":{"rendered":"","protected":false},"author":4,"featured_media":0,"parent":0,"menu_order":0,"comment_status":"closed","ping_status":"closed","template":"","meta":{"footnotes":""},"class_list":["post-886","page","type-page","status-publish","hentry"],"yoast_head":"<!-- This site is optimized with the Yoast SEO plugin v26.4 - https:\/\/yoast.com\/wordpress\/plugins\/seo\/ -->\n<title>Deutschkolleg Stuttgart<\/title>\n<meta name=\"description\" content=\"Die Deutschkurse im Deutschkolleg Stuttgart machen ausl\u00e4ndische Studenten und Akademiker fit f\u00fcr Studium und Beruf in Deutschland.\" \/>\n<meta name=\"robots\" content=\"index, follow, max-snippet:-1, max-image-preview:large, max-video-preview:-1\" \/>\n<link rel=\"canonical\" href=\"https:\/\/deutschkurs-stuttgart.de\/de\/deutschkolleg-stuttgart\/\" \/>\n<meta property=\"og:locale\" content=\"de_DE\" \/>\n<meta property=\"og:type\" content=\"article\" \/>\n<meta property=\"og:title\" content=\"Willkommen im Deutschkolleg Stuttgart\" \/>\n<meta property=\"og:description\" content=\"Die Deutschkurse im Deutschkolleg Stuttgart machen ausl\u00e4ndische Studenten und Akademiker fit f\u00fcr Studium und Beruf in Deutschland.\" \/>\n<meta property=\"og:url\" content=\"https:\/\/deutschkurs-stuttgart.de\/de\/deutschkolleg-stuttgart\/\" \/>\n<meta property=\"og:site_name\" content=\"Deutschkolleg Stuttgart\" \/>\n<meta property=\"article:publisher\" content=\"https:\/\/www.facebook.com\/DeutschkollegStuttgart\" \/>\n<meta property=\"article:modified_time\" content=\"2024-01-31T12:41:30+00:00\" \/>\n<meta property=\"og:image\" content=\"https:\/\/deutschkurs-stuttgart.de\/wp-content\/uploads\/2022\/01\/Deutschkolleg-Stuttgart-Logo-blau-295-x-295px.jpg\" \/>\n\t<meta property=\"og:image:width\" content=\"295\" \/>\n\t<meta property=\"og:image:height\" content=\"295\" \/>\n\t<meta property=\"og:image:type\" content=\"image\/jpeg\" \/>\n<meta name=\"twitter:card\" content=\"summary_large_image\" \/>\n<meta name=\"twitter:title\" content=\"Willkommen im Deutschkolleg Stuttgart\" \/>\n<meta name=\"twitter:description\" content=\"Die Deutschkurse im Deutschkolleg Stuttgart machen ausl\u00e4ndische Studenten und Akademiker fit f\u00fcr Studium und Beruf in Deutschland.\" \/>\n<meta name=\"twitter:image\" content=\"https:\/\/deutschkurs-stuttgart.de\/wp-content\/uploads\/2022\/01\/Deutschkolleg-Stuttgart-Logo-blau-295-x-295px.jpg\" \/>\n<meta name=\"twitter:label1\" content=\"Gesch\u00e4tzte Lesezeit\" \/>\n\t<meta name=\"twitter:data1\" content=\"5\u00a0Minuten\" \/>\n<script type=\"application\/ld+json\" class=\"yoast-schema-graph\">{\"@context\":\"https:\/\/schema.org\",\"@graph\":[{\"@type\":\"WebPage\",\"@id\":\"https:\/\/deutschkurs-stuttgart.de\/de\/deutschkolleg-stuttgart\/\",\"url\":\"https:\/\/deutschkurs-stuttgart.de\/de\/deutschkolleg-stuttgart\/\",\"name\":\"Deutschkolleg Stuttgart\",\"isPartOf\":{\"@id\":\"https:\/\/deutschkurs-stuttgart.de\/de\/#website\"},\"datePublished\":\"2019-05-27T10:19:05+00:00\",\"dateModified\":\"2024-01-31T12:41:30+00:00\",\"description\":\"Die Deutschkurse im Deutschkolleg Stuttgart machen ausl\u00e4ndische Studenten und Akademiker fit f\u00fcr Studium und Beruf in Deutschland.\",\"breadcrumb\":{\"@id\":\"https:\/\/deutschkurs-stuttgart.de\/de\/deutschkolleg-stuttgart\/#breadcrumb\"},\"inLanguage\":\"de\",\"potentialAction\":[{\"@type\":\"ReadAction\",\"target\":[\"https:\/\/deutschkurs-stuttgart.de\/de\/deutschkolleg-stuttgart\/\"]}]},{\"@type\":\"BreadcrumbList\",\"@id\":\"https:\/\/deutschkurs-stuttgart.de\/de\/deutschkolleg-stuttgart\/#breadcrumb\",\"itemListElement\":[{\"@type\":\"ListItem\",\"position\":1,\"name\":\"Startseite\",\"item\":\"https:\/\/deutschkurs-stuttgart.de\/de\/deutschkolleg-stuttgart\/\"},{\"@type\":\"ListItem\",\"position\":2,\"name\":\"Deutschkolleg\"}]},{\"@type\":\"WebSite\",\"@id\":\"https:\/\/deutschkurs-stuttgart.de\/de\/#website\",\"url\":\"https:\/\/deutschkurs-stuttgart.de\/de\/\",\"name\":\"Deutschkolleg Stuttgart\",\"description\":\"Schnell und effektiv Deutsch f\u00fcr Studium und Beruf lernen\",\"publisher\":{\"@id\":\"https:\/\/deutschkurs-stuttgart.de\/de\/#organization\"},\"potentialAction\":[{\"@type\":\"SearchAction\",\"target\":{\"@type\":\"EntryPoint\",\"urlTemplate\":\"https:\/\/deutschkurs-stuttgart.de\/de\/?s={search_term_string}\"},\"query-input\":{\"@type\":\"PropertyValueSpecification\",\"valueRequired\":true,\"valueName\":\"search_term_string\"}}],\"inLanguage\":\"de\"},{\"@type\":\"Organization\",\"@id\":\"https:\/\/deutschkurs-stuttgart.de\/de\/#organization\",\"name\":\"Deutschkolleg Stuttgart\",\"url\":\"https:\/\/deutschkurs-stuttgart.de\/de\/\",\"logo\":{\"@type\":\"ImageObject\",\"inLanguage\":\"de\",\"@id\":\"https:\/\/deutschkurs-stuttgart.de\/de\/#\/schema\/logo\/image\/\",\"url\":\"https:\/\/deutschkurs-stuttgart.de\/wp-content\/uploads\/2019\/05\/DK-Logo.png\",\"contentUrl\":\"https:\/\/deutschkurs-stuttgart.de\/wp-content\/uploads\/2019\/05\/DK-Logo.png\",\"width\":200,\"height\":152,\"caption\":\"Deutschkolleg Stuttgart\"},\"image\":{\"@id\":\"https:\/\/deutschkurs-stuttgart.de\/de\/#\/schema\/logo\/image\/\"},\"sameAs\":[\"https:\/\/www.facebook.com\/DeutschkollegStuttgart\",\"https:\/\/www.instagram.com\/deutschkolleg.stuttgart\/\"]}]}<\/script>\n<!-- \/ Yoast SEO plugin. -->","yoast_head_json":{"title":"Deutschkolleg Stuttgart","description":"Die Deutschkurse im Deutschkolleg Stuttgart machen ausl\u00e4ndische Studenten und Akademiker fit f\u00fcr Studium und Beruf in Deutschland.","robots":{"index":"index","follow":"follow","max-snippet":"max-snippet:-1","max-image-preview":"max-image-preview:large","max-video-preview":"max-video-preview:-1"},"canonical":"https:\/\/deutschkurs-stuttgart.de\/de\/deutschkolleg-stuttgart\/","og_locale":"de_DE","og_type":"article","og_title":"Willkommen im Deutschkolleg Stuttgart","og_description":"Die Deutschkurse im Deutschkolleg Stuttgart machen ausl\u00e4ndische Studenten und Akademiker fit f\u00fcr Studium und Beruf in Deutschland.","og_url":"https:\/\/deutschkurs-stuttgart.de\/de\/deutschkolleg-stuttgart\/","og_site_name":"Deutschkolleg Stuttgart","article_publisher":"https:\/\/www.facebook.com\/DeutschkollegStuttgart","article_modified_time":"2024-01-31T12:41:30+00:00","og_image":[{"width":295,"height":295,"url":"https:\/\/deutschkurs-stuttgart.de\/wp-content\/uploads\/2022\/01\/Deutschkolleg-Stuttgart-Logo-blau-295-x-295px.jpg","type":"image\/jpeg"}],"twitter_card":"summary_large_image","twitter_title":"Willkommen im Deutschkolleg Stuttgart","twitter_description":"Die Deutschkurse im Deutschkolleg Stuttgart machen ausl\u00e4ndische Studenten und Akademiker fit f\u00fcr Studium und Beruf in Deutschland.","twitter_image":"https:\/\/deutschkurs-stuttgart.de\/wp-content\/uploads\/2022\/01\/Deutschkolleg-Stuttgart-Logo-blau-295-x-295px.jpg","twitter_misc":{"Gesch\u00e4tzte Lesezeit":"5\u00a0Minuten"},"schema":{"@context":"https:\/\/schema.org","@graph":[{"@type":"WebPage","@id":"https:\/\/deutschkurs-stuttgart.de\/de\/deutschkolleg-stuttgart\/","url":"https:\/\/deutschkurs-stuttgart.de\/de\/deutschkolleg-stuttgart\/","name":"Deutschkolleg Stuttgart","isPartOf":{"@id":"https:\/\/deutschkurs-stuttgart.de\/de\/#website"},"datePublished":"2019-05-27T10:19:05+00:00","dateModified":"2024-01-31T12:41:30+00:00","description":"Die Deutschkurse im Deutschkolleg Stuttgart machen ausl\u00e4ndische Studenten und Akademiker fit f\u00fcr Studium und Beruf in Deutschland.","breadcrumb":{"@id":"https:\/\/deutschkurs-stuttgart.de\/de\/deutschkolleg-stuttgart\/#breadcrumb"},"inLanguage":"de","potentialAction":[{"@type":"ReadAction","target":["https:\/\/deutschkurs-stuttgart.de\/de\/deutschkolleg-stuttgart\/"]}]},{"@type":"BreadcrumbList","@id":"https:\/\/deutschkurs-stuttgart.de\/de\/deutschkolleg-stuttgart\/#breadcrumb","itemListElement":[{"@type":"ListItem","position":1,"name":"Startseite","item":"https:\/\/deutschkurs-stuttgart.de\/de\/deutschkolleg-stuttgart\/"},{"@type":"ListItem","position":2,"name":"Deutschkolleg"}]},{"@type":"WebSite","@id":"https:\/\/deutschkurs-stuttgart.de\/de\/#website","url":"https:\/\/deutschkurs-stuttgart.de\/de\/","name":"Deutschkolleg Stuttgart","description":"Schnell und effektiv Deutsch f\u00fcr Studium und Beruf lernen","publisher":{"@id":"https:\/\/deutschkurs-stuttgart.de\/de\/#organization"},"potentialAction":[{"@type":"SearchAction","target":{"@type":"EntryPoint","urlTemplate":"https:\/\/deutschkurs-stuttgart.de\/de\/?s={search_term_string}"},"query-input":{"@type":"PropertyValueSpecification","valueRequired":true,"valueName":"search_term_string"}}],"inLanguage":"de"},{"@type":"Organization","@id":"https:\/\/deutschkurs-stuttgart.de\/de\/#organization","name":"Deutschkolleg Stuttgart","url":"https:\/\/deutschkurs-stuttgart.de\/de\/","logo":{"@type":"ImageObject","inLanguage":"de","@id":"https:\/\/deutschkurs-stuttgart.de\/de\/#\/schema\/logo\/image\/","url":"https:\/\/deutschkurs-stuttgart.de\/wp-content\/uploads\/2019\/05\/DK-Logo.png","contentUrl":"https:\/\/deutschkurs-stuttgart.de\/wp-content\/uploads\/2019\/05\/DK-Logo.png","width":200,"height":152,"caption":"Deutschkolleg Stuttgart"},"image":{"@id":"https:\/\/deutschkurs-stuttgart.de\/de\/#\/schema\/logo\/image\/"},"sameAs":["https:\/\/www.facebook.com\/DeutschkollegStuttgart","https:\/\/www.instagram.com\/deutschkolleg.stuttgart\/"]}]}},"_links":{"self":[{"href":"https:\/\/deutschkurs-stuttgart.de\/de\/wp-json\/wp\/v2\/pages\/886","targetHints":{"allow":["GET"]}}],"collection":[{"href":"https:\/\/deutschkurs-stuttgart.de\/de\/wp-json\/wp\/v2\/pages"}],"about":[{"href":"https:\/\/deutschkurs-stuttgart.de\/de\/wp-json\/wp\/v2\/types\/page"}],"author":[{"embeddable":true,"href":"https:\/\/deutschkurs-stuttgart.de\/de\/wp-json\/wp\/v2\/users\/4"}],"replies":[{"embeddable":true,"href":"https:\/\/deutschkurs-stuttgart.de\/de\/wp-json\/wp\/v2\/comments?post=886"}],"version-history":[{"count":54,"href":"https:\/\/deutschkurs-stuttgart.de\/de\/wp-json\/wp\/v2\/pages\/886\/revisions"}],"predecessor-version":[{"id":5367,"href":"https:\/\/deutschkurs-stuttgart.de\/de\/wp-json\/wp\/v2\/pages\/886\/revisions\/5367"}],"wp:attachment":[{"href":"https:\/\/deutschkurs-stuttgart.de\/de\/wp-json\/wp\/v2\/media?parent=886"}],"curies":[{"name":"wp","href":"https:\/\/api.w.org\/{rel}","templated":true}]}}