{"id":880,"date":"2019-05-27T10:13:17","date_gmt":"2019-05-27T10:13:17","guid":{"rendered":"https:\/\/deutschkurs-stuttgart.de\/?page_id=880"},"modified":"2022-05-25T09:47:42","modified_gmt":"2022-05-25T09:47:42","slug":"deutschkolleg-stuttgart-anfahrt","status":"publish","type":"page","link":"https:\/\/deutschkurs-stuttgart.de\/de\/deutschkolleg-stuttgart-anfahrt\/","title":{"rendered":"Anfahrt"},"content":{"rendered":"\n<style type=\"text\/css\" data-created_by=\"avia_inline_auto\" id=\"style-css-av-3rrgo-3986381b43d68a2e4a3023b63e16e4b5\">\n.flex_column.av-3rrgo-3986381b43d68a2e4a3023b63e16e4b5{\nborder-radius:0px 0px 0px 0px;\npadding:0px 0px 0px 0px;\n}\n<\/style>\n<div  class='flex_column av-3rrgo-3986381b43d68a2e4a3023b63e16e4b5 av_one_full  avia-builder-el-0  el_before_av_one_full  avia-builder-el-first  first flex_column_div av-zero-column-padding  '     ><style type=\"text\/css\" data-created_by=\"avia_inline_auto\" id=\"style-css-av-jw67qgti-2da13f45fbc217e57f4c86fc06528224\">\n.avia-image-container.av-jw67qgti-2da13f45fbc217e57f4c86fc06528224 img.avia_image{\nbox-shadow:none;\n}\n.avia-image-container.av-jw67qgti-2da13f45fbc217e57f4c86fc06528224 .av-image-caption-overlay-center{\ncolor:#ffffff;\n}\n<\/style>\n<div  class='avia-image-container av-jw67qgti-2da13f45fbc217e57f4c86fc06528224 av-styling- avia-align-center  avia-builder-el-1  avia-builder-el-no-sibling '   itemprop=\"image\" itemscope=\"itemscope\" itemtype=\"https:\/\/schema.org\/ImageObject\" ><div class=\"avia-image-container-inner\"><div class=\"avia-image-overlay-wrap\"><img decoding=\"async\" fetchpriority=\"high\" class='wp-image-799 avia-img-lazy-loading-not-799 avia_image ' src=\"https:\/\/deutschkurs-stuttgart.de\/wp-content\/uploads\/2019\/05\/deutschkolleg-stuttgart-anfahrt-1500x573.jpg\" alt='Hier finden Sie das Deutschkolleg Stuttgart' title='Deutschkolleg Stuttgart - Anfahrt'  height=\"573\" width=\"1500\"  itemprop=\"thumbnailUrl\" srcset=\"https:\/\/deutschkurs-stuttgart.de\/wp-content\/uploads\/2019\/05\/deutschkolleg-stuttgart-anfahrt.jpg 1500w, https:\/\/deutschkurs-stuttgart.de\/wp-content\/uploads\/2019\/05\/deutschkolleg-stuttgart-anfahrt-300x115.jpg 300w, https:\/\/deutschkurs-stuttgart.de\/wp-content\/uploads\/2019\/05\/deutschkolleg-stuttgart-anfahrt-768x293.jpg 768w, https:\/\/deutschkurs-stuttgart.de\/wp-content\/uploads\/2019\/05\/deutschkolleg-stuttgart-anfahrt-1030x393.jpg 1030w, https:\/\/deutschkurs-stuttgart.de\/wp-content\/uploads\/2019\/05\/deutschkolleg-stuttgart-anfahrt-705x269.jpg 705w, https:\/\/deutschkurs-stuttgart.de\/wp-content\/uploads\/2019\/05\/deutschkolleg-stuttgart-anfahrt-450x172.jpg 450w\" sizes=\"(max-width: 1500px) 100vw, 1500px\" \/><\/div><\/div><\/div><\/div>\n\n<style type=\"text\/css\" data-created_by=\"avia_inline_auto\" id=\"style-css-av-1qm7g-bcac57a836483b768a5e28c4a7613286\">\n.flex_column.av-1qm7g-bcac57a836483b768a5e28c4a7613286{\nborder-radius:0px 0px 0px 0px;\npadding:0px 0px 0px 0px;\n}\n<\/style>\n<div  class='flex_column av-1qm7g-bcac57a836483b768a5e28c4a7613286 av_one_full  avia-builder-el-2  el_after_av_one_full  avia-builder-el-last  first flex_column_div av-zero-column-padding  column-top-margin'     ><section  class='av_textblock_section av-jtri1aed-aa76bc42c903f286ad3ae6604dc0417b '   itemscope=\"itemscope\" itemtype=\"https:\/\/schema.org\/CreativeWork\" ><div class='avia_textblock'  itemprop=\"text\" ><h1>Anfahrt<\/h1>\n<\/div><\/section><br \/>\n\n<style type=\"text\/css\" data-created_by=\"avia_inline_auto\" id=\"style-css-av-juutyfrg-f2a55e626120034cf59f28e3130d42c9\">\n#top .hr.hr-invisible.av-juutyfrg-f2a55e626120034cf59f28e3130d42c9{\nheight:20px;\n}\n<\/style>\n<div  class='hr av-juutyfrg-f2a55e626120034cf59f28e3130d42c9 hr-invisible  avia-builder-el-4  el_after_av_textblock  el_before_av_textblock '><span class='hr-inner '><span class=\"hr-inner-style\"><\/span><\/span><\/div><br \/>\n<section  class='av_textblock_section av-juuu9nh3-c5f382e4e01347e5b9fa67dfdfef3b05 '   itemscope=\"itemscope\" itemtype=\"https:\/\/schema.org\/CreativeWork\" ><div class='avia_textblock'  itemprop=\"text\" ><h2>Hier finden Sie uns<\/h2>\n<p>Das B\u00fcro des Deutschkollegs befindet sich im \u00d6kumenischen Zentrum auf dem Campus der Universit\u00e4t Stuttgart in Stuttgart-Vaihingen.<\/p>\n<h3>Unsere Adressse:<\/h3>\n<p>Deutschkolleg Stuttgart<br \/>\nim \u00d6kumenischen Zentrum<br \/>\nAllmandring 6<br \/>\n70569 Stuttgart-Vaihingen<\/p>\n<h3>So kommen Sie zu uns<\/h3>\n<p><strong>S-Bahn:<\/strong> S1, S2, S3 Haltestelle Universit\u00e4t<br \/>\n<strong>Auto:<\/strong> kostenlose Parkpl\u00e4tze auf dem Campus der Universit\u00e4t vorhanden<\/p>\n<h3>Unsere Unterrichtsr\u00e4ume<\/h3>\n<p>Unsere Unterrichtsr\u00e4ume befinden sich im \u00d6kumenischen Zentrum und beim VDI (Verein der Ingenieure).<\/p>\n<p><strong>1. \u00d6kumenisches Zentrum<\/strong><br \/>\nAllmandring 6<br \/>\n70569 Stuttgart-Vaihingen<br \/>\nS-Bahn: \u201eUniversit\u00e4t\u201c<\/p>\n<p><strong>2. VDI-Haus (Verein Deutscher Ingenieure)<\/strong><br \/>\nHamletstr. 11<br \/>\n70569 Stuttgart<br \/>\nS-Bahn: \u201e\u00d6sterfeld\u201c<\/p>\n<p><a href=\"https:\/\/deutschkurs-stuttgart.de\/de\/\">Zur Startseite<\/a><\/p>\n<\/div><\/section><\/p><\/div>\n","protected":false},"excerpt":{"rendered":"","protected":false},"author":4,"featured_media":0,"parent":0,"menu_order":0,"comment_status":"closed","ping_status":"closed","template":"","meta":{"footnotes":""},"class_list":["post-880","page","type-page","status-publish","hentry"],"yoast_head":"<!-- This site is optimized with the Yoast SEO plugin v26.4 - https:\/\/yoast.com\/wordpress\/plugins\/seo\/ -->\n<title>Anfahrt - Deutschkolleg Stuttgart<\/title>\n<meta name=\"description\" content=\"Wo finden Sie das Deutschkolleg Stuttgart? Den Allmandring 6 auf dem Campus in Stuttgart-Vaihingen erreichen Sie per S-Bahn und Bus oder mit dem Auto.\" \/>\n<meta name=\"robots\" content=\"index, follow, max-snippet:-1, max-image-preview:large, max-video-preview:-1\" \/>\n<link rel=\"canonical\" href=\"https:\/\/deutschkurs-stuttgart.de\/de\/deutschkolleg-stuttgart-anfahrt\/\" \/>\n<meta property=\"og:locale\" content=\"de_DE\" \/>\n<meta property=\"og:type\" content=\"article\" \/>\n<meta property=\"og:title\" content=\"Anfahrt - Deutschkolleg Stuttgart\" \/>\n<meta property=\"og:description\" content=\"Wo finden Sie das Deutschkolleg Stuttgart? Den Allmandring 6 auf dem Campus in Stuttgart-Vaihingen erreichen Sie per S-Bahn und Bus oder mit dem Auto.\" \/>\n<meta property=\"og:url\" content=\"https:\/\/deutschkurs-stuttgart.de\/de\/deutschkolleg-stuttgart-anfahrt\/\" \/>\n<meta property=\"og:site_name\" content=\"Deutschkolleg Stuttgart\" \/>\n<meta property=\"article:publisher\" content=\"https:\/\/www.facebook.com\/DeutschkollegStuttgart\" \/>\n<meta property=\"article:modified_time\" content=\"2022-05-25T09:47:42+00:00\" \/>\n<meta name=\"twitter:card\" content=\"summary_large_image\" \/>\n<meta name=\"twitter:label1\" content=\"Gesch\u00e4tzte Lesezeit\" \/>\n\t<meta name=\"twitter:data1\" content=\"2\u00a0Minuten\" \/>\n<script type=\"application\/ld+json\" class=\"yoast-schema-graph\">{\"@context\":\"https:\/\/schema.org\",\"@graph\":[{\"@type\":\"WebPage\",\"@id\":\"https:\/\/deutschkurs-stuttgart.de\/de\/deutschkolleg-stuttgart-anfahrt\/\",\"url\":\"https:\/\/deutschkurs-stuttgart.de\/de\/deutschkolleg-stuttgart-anfahrt\/\",\"name\":\"Anfahrt - Deutschkolleg Stuttgart\",\"isPartOf\":{\"@id\":\"https:\/\/deutschkurs-stuttgart.de\/de\/#website\"},\"datePublished\":\"2019-05-27T10:13:17+00:00\",\"dateModified\":\"2022-05-25T09:47:42+00:00\",\"description\":\"Wo finden Sie das Deutschkolleg Stuttgart? Den Allmandring 6 auf dem Campus in Stuttgart-Vaihingen erreichen Sie per S-Bahn und Bus oder mit dem Auto.\",\"breadcrumb\":{\"@id\":\"https:\/\/deutschkurs-stuttgart.de\/de\/deutschkolleg-stuttgart-anfahrt\/#breadcrumb\"},\"inLanguage\":\"de\",\"potentialAction\":[{\"@type\":\"ReadAction\",\"target\":[\"https:\/\/deutschkurs-stuttgart.de\/de\/deutschkolleg-stuttgart-anfahrt\/\"]}]},{\"@type\":\"BreadcrumbList\",\"@id\":\"https:\/\/deutschkurs-stuttgart.de\/de\/deutschkolleg-stuttgart-anfahrt\/#breadcrumb\",\"itemListElement\":[{\"@type\":\"ListItem\",\"position\":1,\"name\":\"Startseite\",\"item\":\"https:\/\/deutschkurs-stuttgart.de\/de\/deutschkolleg-stuttgart\/\"},{\"@type\":\"ListItem\",\"position\":2,\"name\":\"Anfahrt\"}]},{\"@type\":\"WebSite\",\"@id\":\"https:\/\/deutschkurs-stuttgart.de\/de\/#website\",\"url\":\"https:\/\/deutschkurs-stuttgart.de\/de\/\",\"name\":\"Deutschkolleg Stuttgart\",\"description\":\"Schnell und effektiv Deutsch f\u00fcr Studium und Beruf lernen\",\"publisher\":{\"@id\":\"https:\/\/deutschkurs-stuttgart.de\/de\/#organization\"},\"potentialAction\":[{\"@type\":\"SearchAction\",\"target\":{\"@type\":\"EntryPoint\",\"urlTemplate\":\"https:\/\/deutschkurs-stuttgart.de\/de\/?s={search_term_string}\"},\"query-input\":{\"@type\":\"PropertyValueSpecification\",\"valueRequired\":true,\"valueName\":\"search_term_string\"}}],\"inLanguage\":\"de\"},{\"@type\":\"Organization\",\"@id\":\"https:\/\/deutschkurs-stuttgart.de\/de\/#organization\",\"name\":\"Deutschkolleg Stuttgart\",\"url\":\"https:\/\/deutschkurs-stuttgart.de\/de\/\",\"logo\":{\"@type\":\"ImageObject\",\"inLanguage\":\"de\",\"@id\":\"https:\/\/deutschkurs-stuttgart.de\/de\/#\/schema\/logo\/image\/\",\"url\":\"https:\/\/deutschkurs-stuttgart.de\/wp-content\/uploads\/2019\/05\/DK-Logo.png\",\"contentUrl\":\"https:\/\/deutschkurs-stuttgart.de\/wp-content\/uploads\/2019\/05\/DK-Logo.png\",\"width\":200,\"height\":152,\"caption\":\"Deutschkolleg Stuttgart\"},\"image\":{\"@id\":\"https:\/\/deutschkurs-stuttgart.de\/de\/#\/schema\/logo\/image\/\"},\"sameAs\":[\"https:\/\/www.facebook.com\/DeutschkollegStuttgart\",\"https:\/\/www.instagram.com\/deutschkolleg.stuttgart\/\"]}]}<\/script>\n<!-- \/ Yoast SEO plugin. -->","yoast_head_json":{"title":"Anfahrt - Deutschkolleg Stuttgart","description":"Wo finden Sie das Deutschkolleg Stuttgart? Den Allmandring 6 auf dem Campus in Stuttgart-Vaihingen erreichen Sie per S-Bahn und Bus oder mit dem Auto.","robots":{"index":"index","follow":"follow","max-snippet":"max-snippet:-1","max-image-preview":"max-image-preview:large","max-video-preview":"max-video-preview:-1"},"canonical":"https:\/\/deutschkurs-stuttgart.de\/de\/deutschkolleg-stuttgart-anfahrt\/","og_locale":"de_DE","og_type":"article","og_title":"Anfahrt - Deutschkolleg Stuttgart","og_description":"Wo finden Sie das Deutschkolleg Stuttgart? Den Allmandring 6 auf dem Campus in Stuttgart-Vaihingen erreichen Sie per S-Bahn und Bus oder mit dem Auto.","og_url":"https:\/\/deutschkurs-stuttgart.de\/de\/deutschkolleg-stuttgart-anfahrt\/","og_site_name":"Deutschkolleg Stuttgart","article_publisher":"https:\/\/www.facebook.com\/DeutschkollegStuttgart","article_modified_time":"2022-05-25T09:47:42+00:00","twitter_card":"summary_large_image","twitter_misc":{"Gesch\u00e4tzte Lesezeit":"2\u00a0Minuten"},"schema":{"@context":"https:\/\/schema.org","@graph":[{"@type":"WebPage","@id":"https:\/\/deutschkurs-stuttgart.de\/de\/deutschkolleg-stuttgart-anfahrt\/","url":"https:\/\/deutschkurs-stuttgart.de\/de\/deutschkolleg-stuttgart-anfahrt\/","name":"Anfahrt - Deutschkolleg Stuttgart","isPartOf":{"@id":"https:\/\/deutschkurs-stuttgart.de\/de\/#website"},"datePublished":"2019-05-27T10:13:17+00:00","dateModified":"2022-05-25T09:47:42+00:00","description":"Wo finden Sie das Deutschkolleg Stuttgart? Den Allmandring 6 auf dem Campus in Stuttgart-Vaihingen erreichen Sie per S-Bahn und Bus oder mit dem Auto.","breadcrumb":{"@id":"https:\/\/deutschkurs-stuttgart.de\/de\/deutschkolleg-stuttgart-anfahrt\/#breadcrumb"},"inLanguage":"de","potentialAction":[{"@type":"ReadAction","target":["https:\/\/deutschkurs-stuttgart.de\/de\/deutschkolleg-stuttgart-anfahrt\/"]}]},{"@type":"BreadcrumbList","@id":"https:\/\/deutschkurs-stuttgart.de\/de\/deutschkolleg-stuttgart-anfahrt\/#breadcrumb","itemListElement":[{"@type":"ListItem","position":1,"name":"Startseite","item":"https:\/\/deutschkurs-stuttgart.de\/de\/deutschkolleg-stuttgart\/"},{"@type":"ListItem","position":2,"name":"Anfahrt"}]},{"@type":"WebSite","@id":"https:\/\/deutschkurs-stuttgart.de\/de\/#website","url":"https:\/\/deutschkurs-stuttgart.de\/de\/","name":"Deutschkolleg Stuttgart","description":"Schnell und effektiv Deutsch f\u00fcr Studium und Beruf lernen","publisher":{"@id":"https:\/\/deutschkurs-stuttgart.de\/de\/#organization"},"potentialAction":[{"@type":"SearchAction","target":{"@type":"EntryPoint","urlTemplate":"https:\/\/deutschkurs-stuttgart.de\/de\/?s={search_term_string}"},"query-input":{"@type":"PropertyValueSpecification","valueRequired":true,"valueName":"search_term_string"}}],"inLanguage":"de"},{"@type":"Organization","@id":"https:\/\/deutschkurs-stuttgart.de\/de\/#organization","name":"Deutschkolleg Stuttgart","url":"https:\/\/deutschkurs-stuttgart.de\/de\/","logo":{"@type":"ImageObject","inLanguage":"de","@id":"https:\/\/deutschkurs-stuttgart.de\/de\/#\/schema\/logo\/image\/","url":"https:\/\/deutschkurs-stuttgart.de\/wp-content\/uploads\/2019\/05\/DK-Logo.png","contentUrl":"https:\/\/deutschkurs-stuttgart.de\/wp-content\/uploads\/2019\/05\/DK-Logo.png","width":200,"height":152,"caption":"Deutschkolleg Stuttgart"},"image":{"@id":"https:\/\/deutschkurs-stuttgart.de\/de\/#\/schema\/logo\/image\/"},"sameAs":["https:\/\/www.facebook.com\/DeutschkollegStuttgart","https:\/\/www.instagram.com\/deutschkolleg.stuttgart\/"]}]}},"_links":{"self":[{"href":"https:\/\/deutschkurs-stuttgart.de\/de\/wp-json\/wp\/v2\/pages\/880","targetHints":{"allow":["GET"]}}],"collection":[{"href":"https:\/\/deutschkurs-stuttgart.de\/de\/wp-json\/wp\/v2\/pages"}],"about":[{"href":"https:\/\/deutschkurs-stuttgart.de\/de\/wp-json\/wp\/v2\/types\/page"}],"author":[{"embeddable":true,"href":"https:\/\/deutschkurs-stuttgart.de\/de\/wp-json\/wp\/v2\/users\/4"}],"replies":[{"embeddable":true,"href":"https:\/\/deutschkurs-stuttgart.de\/de\/wp-json\/wp\/v2\/comments?post=880"}],"version-history":[{"count":5,"href":"https:\/\/deutschkurs-stuttgart.de\/de\/wp-json\/wp\/v2\/pages\/880\/revisions"}],"predecessor-version":[{"id":3097,"href":"https:\/\/deutschkurs-stuttgart.de\/de\/wp-json\/wp\/v2\/pages\/880\/revisions\/3097"}],"wp:attachment":[{"href":"https:\/\/deutschkurs-stuttgart.de\/de\/wp-json\/wp\/v2\/media?parent=880"}],"curies":[{"name":"wp","href":"https:\/\/api.w.org\/{rel}","templated":true}]}}