{"id":845,"date":"2019-05-27T08:40:22","date_gmt":"2019-05-27T08:40:22","guid":{"rendered":"https:\/\/deutschkurs-stuttgart.de\/?page_id=845"},"modified":"2022-12-07T11:55:32","modified_gmt":"2022-12-07T11:55:32","slug":"testdaf-in-stuttgart-infos","status":"publish","type":"page","link":"https:\/\/deutschkurs-stuttgart.de\/de\/testdaf-in-stuttgart-infos\/","title":{"rendered":"TestDaF &#8211; Allgemeine Informationen"},"content":{"rendered":"<\/p>\n\n<style type=\"text\/css\" data-created_by=\"avia_inline_auto\" id=\"style-css-av-3rrgo-3986381b43d68a2e4a3023b63e16e4b5\">\n.flex_column.av-3rrgo-3986381b43d68a2e4a3023b63e16e4b5{\nborder-radius:0px 0px 0px 0px;\npadding:0px 0px 0px 0px;\n}\n<\/style>\n<div  class='flex_column av-3rrgo-3986381b43d68a2e4a3023b63e16e4b5 av_one_full  avia-builder-el-0  el_before_av_one_full  avia-builder-el-first  first flex_column_div av-zero-column-padding  '     ><style type=\"text\/css\" data-created_by=\"avia_inline_auto\" id=\"style-css-av-16kad-15f7a68157f43c47a810ac98cfe82365\">\n.avia-image-container.av-16kad-15f7a68157f43c47a810ac98cfe82365 img.avia_image{\nbox-shadow:none;\n}\n.avia-image-container.av-16kad-15f7a68157f43c47a810ac98cfe82365 .av-image-caption-overlay-center{\ncolor:#ffffff;\n}\n<\/style>\n<div  class='avia-image-container av-16kad-15f7a68157f43c47a810ac98cfe82365 av-styling- avia-align-center  avia-builder-el-1  avia-builder-el-no-sibling '   itemprop=\"image\" itemscope=\"itemscope\" itemtype=\"https:\/\/schema.org\/ImageObject\" ><div class=\"avia-image-container-inner\"><div class=\"avia-image-overlay-wrap\"><img decoding=\"async\" fetchpriority=\"high\" class='wp-image-839 avia-img-lazy-loading-not-839 avia_image ' src=\"https:\/\/deutschkurs-stuttgart.de\/wp-content\/uploads\/2019\/05\/testdaf-in-stuttgart-info.jpg\" alt='Allgemeine Informationen zur TestDaF-Pr\u00fcfung' title='Informationen zur TestDaF-Pr\u00fcfung'  height=\"573\" width=\"1500\"  itemprop=\"thumbnailUrl\" srcset=\"https:\/\/deutschkurs-stuttgart.de\/wp-content\/uploads\/2019\/05\/testdaf-in-stuttgart-info.jpg 1500w, https:\/\/deutschkurs-stuttgart.de\/wp-content\/uploads\/2019\/05\/testdaf-in-stuttgart-info-300x115.jpg 300w, https:\/\/deutschkurs-stuttgart.de\/wp-content\/uploads\/2019\/05\/testdaf-in-stuttgart-info-768x293.jpg 768w, https:\/\/deutschkurs-stuttgart.de\/wp-content\/uploads\/2019\/05\/testdaf-in-stuttgart-info-1030x393.jpg 1030w, https:\/\/deutschkurs-stuttgart.de\/wp-content\/uploads\/2019\/05\/testdaf-in-stuttgart-info-705x269.jpg 705w, https:\/\/deutschkurs-stuttgart.de\/wp-content\/uploads\/2019\/05\/testdaf-in-stuttgart-info-450x172.jpg 450w\" sizes=\"(max-width: 1500px) 100vw, 1500px\" \/><\/div><\/div><\/div><\/div>\n\n<style type=\"text\/css\" data-created_by=\"avia_inline_auto\" id=\"style-css-av-1qm7g-bcac57a836483b768a5e28c4a7613286\">\n.flex_column.av-1qm7g-bcac57a836483b768a5e28c4a7613286{\nborder-radius:0px 0px 0px 0px;\npadding:0px 0px 0px 0px;\n}\n<\/style>\n<div  class='flex_column av-1qm7g-bcac57a836483b768a5e28c4a7613286 av_one_full  avia-builder-el-2  el_after_av_one_full  avia-builder-el-last  first flex_column_div av-zero-column-padding  column-top-margin'     ><section  class='av_textblock_section av-jtri1aed-aa76bc42c903f286ad3ae6604dc0417b '   itemscope=\"itemscope\" itemtype=\"https:\/\/schema.org\/CreativeWork\" ><div class='avia_textblock'  itemprop=\"text\" ><h1>Allgemeine Informationen zur TestDaF-Pr\u00fcfung<\/h1>\n<\/div><\/section><br \/>\n\n<style type=\"text\/css\" data-created_by=\"avia_inline_auto\" id=\"style-css-av-juutyfrg-f2a55e626120034cf59f28e3130d42c9\">\n#top .hr.hr-invisible.av-juutyfrg-f2a55e626120034cf59f28e3130d42c9{\nheight:20px;\n}\n<\/style>\n<div  class='hr av-juutyfrg-f2a55e626120034cf59f28e3130d42c9 hr-invisible  avia-builder-el-4  el_after_av_textblock  el_before_av_textblock '><span class='hr-inner '><span class=\"hr-inner-style\"><\/span><\/span><\/div><br \/>\n<section  class='av_textblock_section av-juuu9nh3-c5f382e4e01347e5b9fa67dfdfef3b05 '   itemscope=\"itemscope\" itemtype=\"https:\/\/schema.org\/CreativeWork\" ><div class='avia_textblock'  itemprop=\"text\" ><h2>Was ist TestDaF?<\/h2>\n<p>TestDaF ist eine Sprachpr\u00fcfung f\u00fcr alle, die bereits \u00fcber gute Kenntnisse in der deutschen Sprache verf\u00fcgen und diese \u00fcberpr\u00fcfen m\u00f6chten.<\/p>\n<p>Wer in Deutschland studieren will, muss f\u00fcr die Zulassung ausreichende Sprachkenntnisse nachweisen. Dieser Nachweis kann durch TestDaF erbracht werden.<\/p>\n<h2>TestDaF-Ergebnisse<\/h2>\n<p>Die TestDaF-Ergebnisse werden drei Niveaustufen zugeordnet: TestDaF-Niveau 3 bis 5 (TDN 3 &#8211; 5). TDN 5 ist die h\u00f6chste Stufe. Unterhalb von TDN 3 differenziert TestDaF nicht.<\/p>\n<p>Das TestDaF-Niveau, das man f\u00fcr die Zulassung zum Studium ben\u00f6tigt, wird von der jeweiligen Hochschule festgelegt.<\/p>\n<h2>TestDaF-Pr\u00fcfungsteile<\/h2>\n<p>TestDaF pr\u00fcft die vier Fertigkeiten Leseverstehen, H\u00f6rverstehen, schriftlicher Ausdruck und m\u00fcndlicher Ausdruck.<\/p>\n<p>Pr\u00fcfungsteilnehmer, die TestDaF abgelegt haben, erhalten ein Zeugnis, das die Ergebnisse in allen vier Pr\u00fcfungsteilen getrennt ausweist.<\/p>\n<h2>Lesen Sie auch:<\/h2>\n<p><a href=\"https:\/\/deutschkurs-stuttgart.de\/de\/deutschkurs-testdaf-in-stuttgart\/\">TestDaF-Vorbereitung im Deutschkolleg Stuttgart<\/a><br \/>\n<a href=\"https:\/\/deutschkurs-stuttgart.de\/de\/testdaf\/\">TestDaF-Pr\u00fcfung im Deutschkolleg Stuttgart<\/a><\/p>\n<h2>Pr\u00fcfungsbeispiele und mehr &#8230;<\/h2>\n<p>Ausf\u00fchrliche Informationen \u00fcber TestDaF, Beispielpr\u00fcfungen, Literaturtipps, usw. erhalten Sie \u00fcber die Webseite des TestDaF-Instituts: <a href=\"https:\/\/www.testdaf.de\/de\/\">www.testdaf.de<\/a><\/p>\n<\/div><\/section><\/p><\/div>\n","protected":false},"excerpt":{"rendered":"","protected":false},"author":4,"featured_media":0,"parent":0,"menu_order":0,"comment_status":"closed","ping_status":"closed","template":"","meta":{"footnotes":""},"class_list":["post-845","page","type-page","status-publish","hentry"],"yoast_head":"<!-- This site is optimized with the Yoast SEO plugin v26.4 - https:\/\/yoast.com\/wordpress\/plugins\/seo\/ -->\n<title>TestDaF - Allgemeine Informationen - Deutschkolleg Stuttgart<\/title>\n<meta name=\"description\" content=\"Allgemeine Informationen zur TestDaF-Pr\u00fcfung: Was ist TestDaF? TestDaF-Ergebnisse, TestDaF-Pr\u00fcfungsteile, TestDaF-Pr\u00fcfungsbeispiele\" \/>\n<meta name=\"robots\" content=\"index, follow, max-snippet:-1, max-image-preview:large, max-video-preview:-1\" \/>\n<link rel=\"canonical\" href=\"https:\/\/deutschkurs-stuttgart.de\/de\/testdaf-in-stuttgart-infos\/\" \/>\n<meta property=\"og:locale\" content=\"de_DE\" \/>\n<meta property=\"og:type\" content=\"article\" \/>\n<meta property=\"og:title\" content=\"TestDaF - Allgemeine Informationen - Deutschkolleg Stuttgart\" \/>\n<meta property=\"og:description\" content=\"Allgemeine Informationen zur TestDaF-Pr\u00fcfung: Was ist TestDaF? TestDaF-Ergebnisse, TestDaF-Pr\u00fcfungsteile, TestDaF-Pr\u00fcfungsbeispiele\" \/>\n<meta property=\"og:url\" content=\"https:\/\/deutschkurs-stuttgart.de\/de\/testdaf-in-stuttgart-infos\/\" \/>\n<meta property=\"og:site_name\" content=\"Deutschkolleg Stuttgart\" \/>\n<meta property=\"article:publisher\" content=\"https:\/\/www.facebook.com\/DeutschkollegStuttgart\" \/>\n<meta property=\"article:modified_time\" content=\"2022-12-07T11:55:32+00:00\" \/>\n<meta name=\"twitter:card\" content=\"summary_large_image\" \/>\n<meta name=\"twitter:label1\" content=\"Gesch\u00e4tzte Lesezeit\" \/>\n\t<meta name=\"twitter:data1\" content=\"2\u00a0Minuten\" \/>\n<script type=\"application\/ld+json\" class=\"yoast-schema-graph\">{\"@context\":\"https:\/\/schema.org\",\"@graph\":[{\"@type\":\"WebPage\",\"@id\":\"https:\/\/deutschkurs-stuttgart.de\/de\/testdaf-in-stuttgart-infos\/\",\"url\":\"https:\/\/deutschkurs-stuttgart.de\/de\/testdaf-in-stuttgart-infos\/\",\"name\":\"TestDaF - Allgemeine Informationen - Deutschkolleg Stuttgart\",\"isPartOf\":{\"@id\":\"https:\/\/deutschkurs-stuttgart.de\/de\/#website\"},\"datePublished\":\"2019-05-27T08:40:22+00:00\",\"dateModified\":\"2022-12-07T11:55:32+00:00\",\"description\":\"Allgemeine Informationen zur TestDaF-Pr\u00fcfung: Was ist TestDaF? TestDaF-Ergebnisse, TestDaF-Pr\u00fcfungsteile, TestDaF-Pr\u00fcfungsbeispiele\",\"breadcrumb\":{\"@id\":\"https:\/\/deutschkurs-stuttgart.de\/de\/testdaf-in-stuttgart-infos\/#breadcrumb\"},\"inLanguage\":\"de\",\"potentialAction\":[{\"@type\":\"ReadAction\",\"target\":[\"https:\/\/deutschkurs-stuttgart.de\/de\/testdaf-in-stuttgart-infos\/\"]}]},{\"@type\":\"BreadcrumbList\",\"@id\":\"https:\/\/deutschkurs-stuttgart.de\/de\/testdaf-in-stuttgart-infos\/#breadcrumb\",\"itemListElement\":[{\"@type\":\"ListItem\",\"position\":1,\"name\":\"Startseite\",\"item\":\"https:\/\/deutschkurs-stuttgart.de\/de\/deutschkolleg-stuttgart\/\"},{\"@type\":\"ListItem\",\"position\":2,\"name\":\"TestDaF &#8211; Allgemeine Informationen\"}]},{\"@type\":\"WebSite\",\"@id\":\"https:\/\/deutschkurs-stuttgart.de\/de\/#website\",\"url\":\"https:\/\/deutschkurs-stuttgart.de\/de\/\",\"name\":\"Deutschkolleg Stuttgart\",\"description\":\"Schnell und effektiv Deutsch f\u00fcr Studium und Beruf lernen\",\"publisher\":{\"@id\":\"https:\/\/deutschkurs-stuttgart.de\/de\/#organization\"},\"potentialAction\":[{\"@type\":\"SearchAction\",\"target\":{\"@type\":\"EntryPoint\",\"urlTemplate\":\"https:\/\/deutschkurs-stuttgart.de\/de\/?s={search_term_string}\"},\"query-input\":{\"@type\":\"PropertyValueSpecification\",\"valueRequired\":true,\"valueName\":\"search_term_string\"}}],\"inLanguage\":\"de\"},{\"@type\":\"Organization\",\"@id\":\"https:\/\/deutschkurs-stuttgart.de\/de\/#organization\",\"name\":\"Deutschkolleg Stuttgart\",\"url\":\"https:\/\/deutschkurs-stuttgart.de\/de\/\",\"logo\":{\"@type\":\"ImageObject\",\"inLanguage\":\"de\",\"@id\":\"https:\/\/deutschkurs-stuttgart.de\/de\/#\/schema\/logo\/image\/\",\"url\":\"https:\/\/deutschkurs-stuttgart.de\/wp-content\/uploads\/2019\/05\/DK-Logo.png\",\"contentUrl\":\"https:\/\/deutschkurs-stuttgart.de\/wp-content\/uploads\/2019\/05\/DK-Logo.png\",\"width\":200,\"height\":152,\"caption\":\"Deutschkolleg Stuttgart\"},\"image\":{\"@id\":\"https:\/\/deutschkurs-stuttgart.de\/de\/#\/schema\/logo\/image\/\"},\"sameAs\":[\"https:\/\/www.facebook.com\/DeutschkollegStuttgart\",\"https:\/\/www.instagram.com\/deutschkolleg.stuttgart\/\"]}]}<\/script>\n<!-- \/ Yoast SEO plugin. -->","yoast_head_json":{"title":"TestDaF - Allgemeine Informationen - Deutschkolleg Stuttgart","description":"Allgemeine Informationen zur TestDaF-Pr\u00fcfung: Was ist TestDaF? TestDaF-Ergebnisse, TestDaF-Pr\u00fcfungsteile, TestDaF-Pr\u00fcfungsbeispiele","robots":{"index":"index","follow":"follow","max-snippet":"max-snippet:-1","max-image-preview":"max-image-preview:large","max-video-preview":"max-video-preview:-1"},"canonical":"https:\/\/deutschkurs-stuttgart.de\/de\/testdaf-in-stuttgart-infos\/","og_locale":"de_DE","og_type":"article","og_title":"TestDaF - Allgemeine Informationen - Deutschkolleg Stuttgart","og_description":"Allgemeine Informationen zur TestDaF-Pr\u00fcfung: Was ist TestDaF? TestDaF-Ergebnisse, TestDaF-Pr\u00fcfungsteile, TestDaF-Pr\u00fcfungsbeispiele","og_url":"https:\/\/deutschkurs-stuttgart.de\/de\/testdaf-in-stuttgart-infos\/","og_site_name":"Deutschkolleg Stuttgart","article_publisher":"https:\/\/www.facebook.com\/DeutschkollegStuttgart","article_modified_time":"2022-12-07T11:55:32+00:00","twitter_card":"summary_large_image","twitter_misc":{"Gesch\u00e4tzte Lesezeit":"2\u00a0Minuten"},"schema":{"@context":"https:\/\/schema.org","@graph":[{"@type":"WebPage","@id":"https:\/\/deutschkurs-stuttgart.de\/de\/testdaf-in-stuttgart-infos\/","url":"https:\/\/deutschkurs-stuttgart.de\/de\/testdaf-in-stuttgart-infos\/","name":"TestDaF - Allgemeine Informationen - Deutschkolleg Stuttgart","isPartOf":{"@id":"https:\/\/deutschkurs-stuttgart.de\/de\/#website"},"datePublished":"2019-05-27T08:40:22+00:00","dateModified":"2022-12-07T11:55:32+00:00","description":"Allgemeine Informationen zur TestDaF-Pr\u00fcfung: Was ist TestDaF? TestDaF-Ergebnisse, TestDaF-Pr\u00fcfungsteile, TestDaF-Pr\u00fcfungsbeispiele","breadcrumb":{"@id":"https:\/\/deutschkurs-stuttgart.de\/de\/testdaf-in-stuttgart-infos\/#breadcrumb"},"inLanguage":"de","potentialAction":[{"@type":"ReadAction","target":["https:\/\/deutschkurs-stuttgart.de\/de\/testdaf-in-stuttgart-infos\/"]}]},{"@type":"BreadcrumbList","@id":"https:\/\/deutschkurs-stuttgart.de\/de\/testdaf-in-stuttgart-infos\/#breadcrumb","itemListElement":[{"@type":"ListItem","position":1,"name":"Startseite","item":"https:\/\/deutschkurs-stuttgart.de\/de\/deutschkolleg-stuttgart\/"},{"@type":"ListItem","position":2,"name":"TestDaF &#8211; Allgemeine Informationen"}]},{"@type":"WebSite","@id":"https:\/\/deutschkurs-stuttgart.de\/de\/#website","url":"https:\/\/deutschkurs-stuttgart.de\/de\/","name":"Deutschkolleg Stuttgart","description":"Schnell und effektiv Deutsch f\u00fcr Studium und Beruf lernen","publisher":{"@id":"https:\/\/deutschkurs-stuttgart.de\/de\/#organization"},"potentialAction":[{"@type":"SearchAction","target":{"@type":"EntryPoint","urlTemplate":"https:\/\/deutschkurs-stuttgart.de\/de\/?s={search_term_string}"},"query-input":{"@type":"PropertyValueSpecification","valueRequired":true,"valueName":"search_term_string"}}],"inLanguage":"de"},{"@type":"Organization","@id":"https:\/\/deutschkurs-stuttgart.de\/de\/#organization","name":"Deutschkolleg Stuttgart","url":"https:\/\/deutschkurs-stuttgart.de\/de\/","logo":{"@type":"ImageObject","inLanguage":"de","@id":"https:\/\/deutschkurs-stuttgart.de\/de\/#\/schema\/logo\/image\/","url":"https:\/\/deutschkurs-stuttgart.de\/wp-content\/uploads\/2019\/05\/DK-Logo.png","contentUrl":"https:\/\/deutschkurs-stuttgart.de\/wp-content\/uploads\/2019\/05\/DK-Logo.png","width":200,"height":152,"caption":"Deutschkolleg Stuttgart"},"image":{"@id":"https:\/\/deutschkurs-stuttgart.de\/de\/#\/schema\/logo\/image\/"},"sameAs":["https:\/\/www.facebook.com\/DeutschkollegStuttgart","https:\/\/www.instagram.com\/deutschkolleg.stuttgart\/"]}]}},"_links":{"self":[{"href":"https:\/\/deutschkurs-stuttgart.de\/de\/wp-json\/wp\/v2\/pages\/845","targetHints":{"allow":["GET"]}}],"collection":[{"href":"https:\/\/deutschkurs-stuttgart.de\/de\/wp-json\/wp\/v2\/pages"}],"about":[{"href":"https:\/\/deutschkurs-stuttgart.de\/de\/wp-json\/wp\/v2\/types\/page"}],"author":[{"embeddable":true,"href":"https:\/\/deutschkurs-stuttgart.de\/de\/wp-json\/wp\/v2\/users\/4"}],"replies":[{"embeddable":true,"href":"https:\/\/deutschkurs-stuttgart.de\/de\/wp-json\/wp\/v2\/comments?post=845"}],"version-history":[{"count":13,"href":"https:\/\/deutschkurs-stuttgart.de\/de\/wp-json\/wp\/v2\/pages\/845\/revisions"}],"predecessor-version":[{"id":4025,"href":"https:\/\/deutschkurs-stuttgart.de\/de\/wp-json\/wp\/v2\/pages\/845\/revisions\/4025"}],"wp:attachment":[{"href":"https:\/\/deutschkurs-stuttgart.de\/de\/wp-json\/wp\/v2\/media?parent=845"}],"curies":[{"name":"wp","href":"https:\/\/api.w.org\/{rel}","templated":true}]}}