{"id":67,"date":"2019-03-15T12:30:52","date_gmt":"2019-03-15T12:30:52","guid":{"rendered":"https:\/\/deutschkurs-stuttgart.de\/?page_id=67"},"modified":"2024-01-17T13:40:34","modified_gmt":"2024-01-17T12:40:34","slug":"neues","status":"publish","type":"page","link":"https:\/\/deutschkurs-stuttgart.de\/de\/neues\/","title":{"rendered":"Neues vom\u00a0 Deutschkolleg"},"content":{"rendered":"<\/p>\n\n<style type=\"text\/css\" data-created_by=\"avia_inline_auto\" id=\"style-css-av-jvbeghw2-9e2700c7a0b2a9c2ded863a3ae4d286d\">\n#top .hr.hr-invisible.av-jvbeghw2-9e2700c7a0b2a9c2ded863a3ae4d286d{\nheight:20px;\n}\n<\/style>\n<div  class='hr av-jvbeghw2-9e2700c7a0b2a9c2ded863a3ae4d286d hr-invisible  avia-builder-el-0  el_before_av_image  avia-builder-el-first '><span class='hr-inner '><span class=\"hr-inner-style\"><\/span><\/span><\/div>\n\n<style type=\"text\/css\" data-created_by=\"avia_inline_auto\" id=\"style-css-av-k5mfr9n2-7b75a3b71df8f1739b4f9b4c3e942d4b\">\n.avia-image-container.av-k5mfr9n2-7b75a3b71df8f1739b4f9b4c3e942d4b img.avia_image{\nbox-shadow:none;\n}\n.avia-image-container.av-k5mfr9n2-7b75a3b71df8f1739b4f9b4c3e942d4b .av-image-caption-overlay-center{\ncolor:#ffffff;\n}\n<\/style>\n<div  class='avia-image-container av-k5mfr9n2-7b75a3b71df8f1739b4f9b4c3e942d4b av-styling- avia-align-center  avia-builder-el-1  el_after_av_hr  el_before_av_one_full '   itemprop=\"image\" itemscope=\"itemscope\" itemtype=\"https:\/\/schema.org\/ImageObject\" ><div class=\"avia-image-container-inner\"><div class=\"avia-image-overlay-wrap\"><img decoding=\"async\" fetchpriority=\"high\" class='wp-image-2923 avia-img-lazy-loading-not-2923 avia_image ' src=\"https:\/\/deutschkurs-stuttgart.de\/wp-content\/uploads\/2022\/04\/Deutschkolleg-Stuttgart-40-Jahre-Deutschkolleg-Save-the-Date-Header-1500x375.jpg\" alt='Deutschkolleg Stuttgart Jubil\u00e4um Bild 1' title='Deutschkolleg Stuttgart - 40 Jahre Deutschkolleg - Save the Date - Header'  height=\"375\" width=\"1500\"  itemprop=\"thumbnailUrl\" srcset=\"https:\/\/deutschkurs-stuttgart.de\/wp-content\/uploads\/2022\/04\/Deutschkolleg-Stuttgart-40-Jahre-Deutschkolleg-Save-the-Date-Header-1500x375.jpg 1500w, https:\/\/deutschkurs-stuttgart.de\/wp-content\/uploads\/2022\/04\/Deutschkolleg-Stuttgart-40-Jahre-Deutschkolleg-Save-the-Date-Header-300x75.jpg 300w, https:\/\/deutschkurs-stuttgart.de\/wp-content\/uploads\/2022\/04\/Deutschkolleg-Stuttgart-40-Jahre-Deutschkolleg-Save-the-Date-Header-1030x258.jpg 1030w, https:\/\/deutschkurs-stuttgart.de\/wp-content\/uploads\/2022\/04\/Deutschkolleg-Stuttgart-40-Jahre-Deutschkolleg-Save-the-Date-Header-768x192.jpg 768w, https:\/\/deutschkurs-stuttgart.de\/wp-content\/uploads\/2022\/04\/Deutschkolleg-Stuttgart-40-Jahre-Deutschkolleg-Save-the-Date-Header-1536x384.jpg 1536w, https:\/\/deutschkurs-stuttgart.de\/wp-content\/uploads\/2022\/04\/Deutschkolleg-Stuttgart-40-Jahre-Deutschkolleg-Save-the-Date-Header-705x176.jpg 705w, https:\/\/deutschkurs-stuttgart.de\/wp-content\/uploads\/2022\/04\/Deutschkolleg-Stuttgart-40-Jahre-Deutschkolleg-Save-the-Date-Header.jpg 1584w\" sizes=\"(max-width: 1500px) 100vw, 1500px\" \/><\/div><\/div><\/div>\n\n<style type=\"text\/css\" data-created_by=\"avia_inline_auto\" id=\"style-css-av-19k3j-9b1f80331dc24849f88eec20b7963f8b\">\n.flex_column.av-19k3j-9b1f80331dc24849f88eec20b7963f8b{\nborder-radius:0px 0px 0px 0px;\npadding:0px 0px 0px 0px;\n}\n<\/style>\n<div  class='flex_column av-19k3j-9b1f80331dc24849f88eec20b7963f8b av_one_full  avia-builder-el-2  el_after_av_image  el_before_av_blog  first flex_column_div av-zero-column-padding  '     ><section  class='av_textblock_section av-sfyz-987a1fa1377502181c6b96591a545be0 '   itemscope=\"itemscope\" itemtype=\"https:\/\/schema.org\/CreativeWork\" ><div class='avia_textblock'  itemprop=\"text\" ><h1>Neues vom\u00a0 Deutschkolleg<\/h1>\n<p><code><\/code><\/p>\n<p><code><br \/>\n<\/code><\/p>\n<p><code><\/code><\/p>\n<\/div><\/section><\/div>\n<div  class='av-alb-blogposts template-blog  av-blog-meta-author-disabled av-blog-meta-comments-disabled av-blog-meta-category-disabled av-blog-meta-date-disabled av-blog-meta-html-info-disabled av-blog-meta-tag-disabled '  itemscope=\"itemscope\" itemtype=\"https:\/\/schema.org\/Blog\" ><article class=\"post-entry post-entry-type-standard post-entry-5668 post-loop-1 post-parity-odd bloglist-excerpt  post-5668 post type-post status-publish format-standard hentry category-unkategorisiert tag-deutsch-lernen tag-deutschkurs tag-foerderung tag-gefluechtete tag-stipendium tag-studienvorbereitung\"  itemscope=\"itemscope\" itemtype=\"https:\/\/schema.org\/BlogPosting\" ><div class=\"blog-meta\"><\/div><div class='entry-content-wrapper clearfix standard-content'><header class=\"entry-content-header\" aria-label=\"Post: \u201eDurchstarten DaF\u201c \u00a0&#8211; Modellprojekt am Deutschkolleg Stuttgart f\u00f6rdert besonders begabte Gefl\u00fcchtete\"><h2 class='post-title entry-title '  itemprop=\"headline\" ><a href=\"https:\/\/deutschkurs-stuttgart.de\/de\/durchstarten-daf-modellprojekt-am-deutschkolleg-stuttgart-foerdert-besonders-begabte-gefluechtete\/\" rel=\"bookmark\" title=\"Permanenter Link zu: \u201eDurchstarten DaF\u201c \u00a0&#8211; Modellprojekt am Deutschkolleg Stuttgart f\u00f6rdert besonders begabte Gefl\u00fcchtete\">\u201eDurchstarten DaF\u201c \u00a0&#8211; Modellprojekt am Deutschkolleg Stuttgart f\u00f6rdert besonders begabte Gefl\u00fcchtete<span class=\"post-format-icon minor-meta\"><\/span><\/a><\/h2><span class=\"post-meta-infos\"><\/span><\/header><p>Stuttgart, im November 2024 Die ersten Gef\u00f6rderten konnten bereits Mitte November 2024 mit dem Deutschkurs starten, der sie qualifiziert auf ein Studium an einer deutschen Hochschule vorbereitet. Das Projekt richtet sich an besonders begabte junge Menschen, die aus ihrem Heimatland fl\u00fcchten mussten. Sie k\u00f6nnen am Deutschkolleg in kurzer Zeit die erforderlichen Sprachkenntnisse lernen, um ins [&hellip;]<\/p>\n<div class=\"read-more-link\"><a href=\"https:\/\/deutschkurs-stuttgart.de\/de\/durchstarten-daf-modellprojekt-am-deutschkolleg-stuttgart-foerdert-besonders-begabte-gefluechtete\/\" class=\"more-link\">Weiterlesen<span class='more-link-arrow avia-svg-icon avia-font-svg_entypo-fontello' data-av_svg_icon='right-open-big' data-av_iconset='svg_entypo-fontello'><svg version=\"1.1\" xmlns=\"http:\/\/www.w3.org\/2000\/svg\" width=\"15\" height=\"32\" viewBox=\"0 0 15 32\" preserveAspectRatio=\"xMidYMid meet\" role=\"graphics-symbol\" aria-hidden=\"true\">\n<path d=\"M0.416 27.84l11.456-11.84-11.456-11.904q-0.832-0.832 0-1.536 0.832-0.832 1.536 0l12.544 12.608q0.768 0.832 0 1.6l-12.544 12.608q-0.704 0.832-1.536 0-0.832-0.704 0-1.536z\"><\/path>\n<\/svg><\/span><\/a><\/div><footer class=\"entry-footer\"><\/footer><div class='post_delimiter'><\/div><\/div><div class=\"post_author_timeline\"><\/div><span class='hidden'>\n\t\t\t\t<span class='av-structured-data'  itemprop=\"image\" itemscope=\"itemscope\" itemtype=\"https:\/\/schema.org\/ImageObject\" >\n\t\t\t\t\t\t<span itemprop='url'>https:\/\/deutschkurs-stuttgart.de\/wp-content\/uploads\/2019\/05\/DK-Logo.png<\/span>\n\t\t\t\t\t\t<span itemprop='height'>0<\/span>\n\t\t\t\t\t\t<span itemprop='width'>0<\/span>\n\t\t\t\t<\/span>\n\t\t\t\t<span class='av-structured-data'  itemprop=\"publisher\" itemtype=\"https:\/\/schema.org\/Organization\" itemscope=\"itemscope\" >\n\t\t\t\t\t\t<span itemprop='name'>Almut K\u00f6rting<\/span>\n\t\t\t\t\t\t<span itemprop='logo' itemscope itemtype='https:\/\/schema.org\/ImageObject'>\n\t\t\t\t\t\t\t<span itemprop='url'>https:\/\/deutschkurs-stuttgart.de\/wp-content\/uploads\/2019\/05\/DK-Logo.png<\/span>\n\t\t\t\t\t\t<\/span>\n\t\t\t\t<\/span><span class='av-structured-data'  itemprop=\"author\" itemscope=\"itemscope\" itemtype=\"https:\/\/schema.org\/Person\" ><span itemprop='name'>Almut K\u00f6rting<\/span><\/span><span class='av-structured-data'  itemprop=\"datePublished\" datetime=\"2025-02-18T17:23:38+01:00\" >2025-02-18 17:23:38<\/span><span class='av-structured-data'  itemprop=\"dateModified\" itemtype=\"https:\/\/schema.org\/dateModified\" >2025-02-18 17:29:57<\/span><span class='av-structured-data'  itemprop=\"mainEntityOfPage\" itemtype=\"https:\/\/schema.org\/mainEntityOfPage\" ><span itemprop='name'>\u201eDurchstarten DaF\u201c \u00a0&#8211; Modellprojekt am Deutschkolleg Stuttgart f\u00f6rdert besonders begabte Gefl\u00fcchtete<\/span><\/span><\/span><\/article><article class=\"post-entry post-entry-type-standard post-entry-5258 post-loop-2 post-parity-even bloglist-excerpt  post-5258 post type-post status-publish format-standard hentry category-uncategorized\"  itemscope=\"itemscope\" itemtype=\"https:\/\/schema.org\/BlogPosting\" ><div class=\"blog-meta\"><\/div><div class='entry-content-wrapper clearfix standard-content'><header class=\"entry-content-header\" aria-label=\"Post: Neu im Deutschkolleg: Abendkurse Deutsch f\u00fcr Studierende und junge Berufst\u00e4tige\"><h2 class='post-title entry-title '  itemprop=\"headline\" ><a href=\"https:\/\/deutschkurs-stuttgart.de\/de\/abendkurse-deutsch\/\" rel=\"bookmark\" title=\"Permanenter Link zu: Neu im Deutschkolleg: Abendkurse Deutsch f\u00fcr Studierende und junge Berufst\u00e4tige\">Neu im Deutschkolleg: Abendkurse Deutsch f\u00fcr Studierende und junge Berufst\u00e4tige<span class=\"post-format-icon minor-meta\"><\/span><\/a><\/h2><span class=\"post-meta-infos\"><\/span><\/header><p>F\u00fcr alle, die schon studieren oder berufst\u00e4tig sind und Ihre Deutschkenntnisse verbessern m\u00f6chten, sind unsere neuen Abendkurse die richtige Wahl. Es gibt Kurse f\u00fcr Anf\u00e4nger*innen und Fortgeschrittene. Die Abendkurse finden zweimal pro Woche abends ab 18.00 Uhr statt. Die Teilnehmerzahl betr\u00e4gt zwischen 5 und 10 Teilnehmer*innen.<\/p>\n<div class=\"read-more-link\"><a href=\"https:\/\/deutschkurs-stuttgart.de\/de\/abendkurse-deutsch\/\" class=\"more-link\">Weiterlesen<span class='more-link-arrow avia-svg-icon avia-font-svg_entypo-fontello' data-av_svg_icon='right-open-big' data-av_iconset='svg_entypo-fontello'><svg version=\"1.1\" xmlns=\"http:\/\/www.w3.org\/2000\/svg\" width=\"15\" height=\"32\" viewBox=\"0 0 15 32\" preserveAspectRatio=\"xMidYMid meet\" role=\"graphics-symbol\" aria-hidden=\"true\">\n<path d=\"M0.416 27.84l11.456-11.84-11.456-11.904q-0.832-0.832 0-1.536 0.832-0.832 1.536 0l12.544 12.608q0.768 0.832 0 1.6l-12.544 12.608q-0.704 0.832-1.536 0-0.832-0.704 0-1.536z\"><\/path>\n<\/svg><\/span><\/a><\/div><footer class=\"entry-footer\"><\/footer><div class='post_delimiter'><\/div><\/div><div class=\"post_author_timeline\"><\/div><span class='hidden'>\n\t\t\t\t<span class='av-structured-data'  itemprop=\"image\" itemscope=\"itemscope\" itemtype=\"https:\/\/schema.org\/ImageObject\" >\n\t\t\t\t\t\t<span itemprop='url'>https:\/\/deutschkurs-stuttgart.de\/wp-content\/uploads\/2019\/05\/DK-Logo.png<\/span>\n\t\t\t\t\t\t<span itemprop='height'>0<\/span>\n\t\t\t\t\t\t<span itemprop='width'>0<\/span>\n\t\t\t\t<\/span>\n\t\t\t\t<span class='av-structured-data'  itemprop=\"publisher\" itemtype=\"https:\/\/schema.org\/Organization\" itemscope=\"itemscope\" >\n\t\t\t\t\t\t<span itemprop='name'>Almut K\u00f6rting<\/span>\n\t\t\t\t\t\t<span itemprop='logo' itemscope itemtype='https:\/\/schema.org\/ImageObject'>\n\t\t\t\t\t\t\t<span itemprop='url'>https:\/\/deutschkurs-stuttgart.de\/wp-content\/uploads\/2019\/05\/DK-Logo.png<\/span>\n\t\t\t\t\t\t<\/span>\n\t\t\t\t<\/span><span class='av-structured-data'  itemprop=\"author\" itemscope=\"itemscope\" itemtype=\"https:\/\/schema.org\/Person\" ><span itemprop='name'>Almut K\u00f6rting<\/span><\/span><span class='av-structured-data'  itemprop=\"datePublished\" datetime=\"2024-02-07T11:12:56+01:00\" >2024-02-07 11:12:56<\/span><span class='av-structured-data'  itemprop=\"dateModified\" itemtype=\"https:\/\/schema.org\/dateModified\" >2024-02-07 14:25:08<\/span><span class='av-structured-data'  itemprop=\"mainEntityOfPage\" itemtype=\"https:\/\/schema.org\/mainEntityOfPage\" ><span itemprop='name'>Neu im Deutschkolleg: Abendkurse Deutsch f\u00fcr Studierende und junge Berufst\u00e4tige<\/span><\/span><\/span><\/article><article class=\"post-entry post-entry-type-standard post-entry-5102 post-loop-3 post-parity-odd post-entry-last bloglist-excerpt  post-5102 post type-post status-publish format-standard hentry category-studium-in-deutschland category-unkategorisiert\"  itemscope=\"itemscope\" itemtype=\"https:\/\/schema.org\/BlogPosting\" ><div class=\"blog-meta\"><\/div><div class='entry-content-wrapper clearfix standard-content'><header class=\"entry-content-header\" aria-label=\"Post: Bildungsberatung Garantiefonds Hochschule bleibt erhalten\"><h2 class='post-title entry-title '  itemprop=\"headline\" ><a href=\"https:\/\/deutschkurs-stuttgart.de\/de\/bildungsberatung-garantiefonds-hochschule-bleibt-erhalten\/\" rel=\"bookmark\" title=\"Permanenter Link zu: Bildungsberatung Garantiefonds Hochschule bleibt erhalten\">Bildungsberatung Garantiefonds Hochschule bleibt erhalten<span class=\"post-format-icon minor-meta\"><\/span><\/a><\/h2><span class=\"post-meta-infos\"><\/span><\/header><p>Kurz vor Weihnachten erreichte uns noch eine gute Nachricht:\u00a0 Das Bundesprogramm Bildungsberatung Garantiefonds Hochschule (GF-H) wird weitergef\u00fchrt.<\/p>\n<p>Nachdem im Sommer im Haushaltsentwurf der deutschen Bundesregierung die Streichung der Gelder f\u00fcr die Bildungsberatung GF-H vorgesehen war und mehr oder weniger \u00fcber Nacht keine neuen Stipendiaten mehr aufgenommen werden durften, ..<\/p>\n<div class=\"read-more-link\"><a href=\"https:\/\/deutschkurs-stuttgart.de\/de\/bildungsberatung-garantiefonds-hochschule-bleibt-erhalten\/\" class=\"more-link\">Weiterlesen<span class='more-link-arrow avia-svg-icon avia-font-svg_entypo-fontello' data-av_svg_icon='right-open-big' data-av_iconset='svg_entypo-fontello'><svg version=\"1.1\" xmlns=\"http:\/\/www.w3.org\/2000\/svg\" width=\"15\" height=\"32\" viewBox=\"0 0 15 32\" preserveAspectRatio=\"xMidYMid meet\" role=\"graphics-symbol\" aria-hidden=\"true\">\n<path d=\"M0.416 27.84l11.456-11.84-11.456-11.904q-0.832-0.832 0-1.536 0.832-0.832 1.536 0l12.544 12.608q0.768 0.832 0 1.6l-12.544 12.608q-0.704 0.832-1.536 0-0.832-0.704 0-1.536z\"><\/path>\n<\/svg><\/span><\/a><\/div><footer class=\"entry-footer\"><\/footer><div class='post_delimiter'><\/div><\/div><div class=\"post_author_timeline\"><\/div><span class='hidden'>\n\t\t\t\t<span class='av-structured-data'  itemprop=\"image\" itemscope=\"itemscope\" itemtype=\"https:\/\/schema.org\/ImageObject\" >\n\t\t\t\t\t\t<span itemprop='url'>https:\/\/deutschkurs-stuttgart.de\/wp-content\/uploads\/2019\/05\/DK-Logo.png<\/span>\n\t\t\t\t\t\t<span itemprop='height'>0<\/span>\n\t\t\t\t\t\t<span itemprop='width'>0<\/span>\n\t\t\t\t<\/span>\n\t\t\t\t<span class='av-structured-data'  itemprop=\"publisher\" itemtype=\"https:\/\/schema.org\/Organization\" itemscope=\"itemscope\" >\n\t\t\t\t\t\t<span itemprop='name'>Almut K\u00f6rting<\/span>\n\t\t\t\t\t\t<span itemprop='logo' itemscope itemtype='https:\/\/schema.org\/ImageObject'>\n\t\t\t\t\t\t\t<span itemprop='url'>https:\/\/deutschkurs-stuttgart.de\/wp-content\/uploads\/2019\/05\/DK-Logo.png<\/span>\n\t\t\t\t\t\t<\/span>\n\t\t\t\t<\/span><span class='av-structured-data'  itemprop=\"author\" itemscope=\"itemscope\" itemtype=\"https:\/\/schema.org\/Person\" ><span itemprop='name'>Almut K\u00f6rting<\/span><\/span><span class='av-structured-data'  itemprop=\"datePublished\" datetime=\"2024-01-10T13:01:00+01:00\" >2024-01-10 13:01:00<\/span><span class='av-structured-data'  itemprop=\"dateModified\" itemtype=\"https:\/\/schema.org\/dateModified\" >2024-02-14 13:05:41<\/span><span class='av-structured-data'  itemprop=\"mainEntityOfPage\" itemtype=\"https:\/\/schema.org\/mainEntityOfPage\" ><span itemprop='name'>Bildungsberatung Garantiefonds Hochschule bleibt erhalten<\/span><\/span><\/span><\/article><div class='bloglist-excerpt'><nav class='pagination'><span class='pagination-meta'>Seite 1 von 8<\/span><span class='current'>1<\/span><a href='https:\/\/deutschkurs-stuttgart.de\/de\/wp-json\/wp\/v2\/pages\/67\/page\/2\/' class='inactive next_page' >2<\/a><a href='https:\/\/deutschkurs-stuttgart.de\/de\/wp-json\/wp\/v2\/pages\/67\/page\/3\/' class='inactive' >3<\/a><a href='https:\/\/deutschkurs-stuttgart.de\/de\/wp-json\/wp\/v2\/pages\/67\/page\/2\/'>&rsaquo;<\/a><a href='https:\/\/deutschkurs-stuttgart.de\/de\/wp-json\/wp\/v2\/pages\/67\/page\/8\/'>&raquo;<\/a><\/nav>\n<\/div><\/div>\n","protected":false},"excerpt":{"rendered":"","protected":false},"author":1,"featured_media":0,"parent":0,"menu_order":0,"comment_status":"closed","ping_status":"closed","template":"","meta":{"footnotes":""},"class_list":["post-67","page","type-page","status-publish","hentry"],"yoast_head":"<!-- This site is optimized with the Yoast SEO plugin v26.4 - https:\/\/yoast.com\/wordpress\/plugins\/seo\/ -->\n<title>Neues vom\u00a0 Deutschkolleg - Deutschkolleg Stuttgart<\/title>\n<meta name=\"description\" content=\"In unserem Blog erfahren Sie mehr \u00fcber das Deutschkolleg Stuttgart, das Deutschlernen in Deutschland und \u00fcber unsere Heimatstadt Stuttgart.\" \/>\n<meta name=\"robots\" content=\"noindex, follow\" \/>\n<meta property=\"og:locale\" content=\"de_DE\" \/>\n<meta property=\"og:type\" content=\"article\" \/>\n<meta property=\"og:title\" content=\"Neues vom\u00a0 Deutschkolleg - Deutschkolleg Stuttgart\" \/>\n<meta property=\"og:description\" content=\"In unserem Blog erfahren Sie mehr \u00fcber das Deutschkolleg Stuttgart, das Deutschlernen in Deutschland und \u00fcber unsere Heimatstadt Stuttgart.\" \/>\n<meta property=\"og:url\" content=\"https:\/\/deutschkurs-stuttgart.de\/de\/neues\/\" \/>\n<meta property=\"og:site_name\" content=\"Deutschkolleg Stuttgart\" \/>\n<meta property=\"article:publisher\" content=\"https:\/\/www.facebook.com\/DeutschkollegStuttgart\" \/>\n<meta property=\"article:modified_time\" content=\"2024-01-17T12:40:34+00:00\" \/>\n<meta name=\"twitter:card\" content=\"summary_large_image\" \/>\n<meta name=\"twitter:label1\" content=\"Gesch\u00e4tzte Lesezeit\" \/>\n\t<meta name=\"twitter:data1\" content=\"1\u00a0Minute\" \/>\n<script type=\"application\/ld+json\" class=\"yoast-schema-graph\">{\"@context\":\"https:\/\/schema.org\",\"@graph\":[{\"@type\":\"WebPage\",\"@id\":\"https:\/\/deutschkurs-stuttgart.de\/de\/neues\/\",\"url\":\"https:\/\/deutschkurs-stuttgart.de\/de\/neues\/\",\"name\":\"Neues vom\u00a0 Deutschkolleg - Deutschkolleg Stuttgart\",\"isPartOf\":{\"@id\":\"https:\/\/deutschkurs-stuttgart.de\/de\/#website\"},\"datePublished\":\"2019-03-15T12:30:52+00:00\",\"dateModified\":\"2024-01-17T12:40:34+00:00\",\"description\":\"In unserem Blog erfahren Sie mehr \u00fcber das Deutschkolleg Stuttgart, das Deutschlernen in Deutschland und \u00fcber unsere Heimatstadt Stuttgart.\",\"breadcrumb\":{\"@id\":\"https:\/\/deutschkurs-stuttgart.de\/de\/neues\/#breadcrumb\"},\"inLanguage\":\"de\",\"potentialAction\":[{\"@type\":\"ReadAction\",\"target\":[\"https:\/\/deutschkurs-stuttgart.de\/de\/neues\/\"]}]},{\"@type\":\"BreadcrumbList\",\"@id\":\"https:\/\/deutschkurs-stuttgart.de\/de\/neues\/#breadcrumb\",\"itemListElement\":[{\"@type\":\"ListItem\",\"position\":1,\"name\":\"Startseite\",\"item\":\"https:\/\/deutschkurs-stuttgart.de\/de\/deutschkolleg-stuttgart\/\"},{\"@type\":\"ListItem\",\"position\":2,\"name\":\"Neues vom\u00a0 Deutschkolleg\"}]},{\"@type\":\"WebSite\",\"@id\":\"https:\/\/deutschkurs-stuttgart.de\/de\/#website\",\"url\":\"https:\/\/deutschkurs-stuttgart.de\/de\/\",\"name\":\"Deutschkolleg Stuttgart\",\"description\":\"Schnell und effektiv Deutsch f\u00fcr Studium und Beruf lernen\",\"publisher\":{\"@id\":\"https:\/\/deutschkurs-stuttgart.de\/de\/#organization\"},\"potentialAction\":[{\"@type\":\"SearchAction\",\"target\":{\"@type\":\"EntryPoint\",\"urlTemplate\":\"https:\/\/deutschkurs-stuttgart.de\/de\/?s={search_term_string}\"},\"query-input\":{\"@type\":\"PropertyValueSpecification\",\"valueRequired\":true,\"valueName\":\"search_term_string\"}}],\"inLanguage\":\"de\"},{\"@type\":\"Organization\",\"@id\":\"https:\/\/deutschkurs-stuttgart.de\/de\/#organization\",\"name\":\"Deutschkolleg Stuttgart\",\"url\":\"https:\/\/deutschkurs-stuttgart.de\/de\/\",\"logo\":{\"@type\":\"ImageObject\",\"inLanguage\":\"de\",\"@id\":\"https:\/\/deutschkurs-stuttgart.de\/de\/#\/schema\/logo\/image\/\",\"url\":\"https:\/\/deutschkurs-stuttgart.de\/wp-content\/uploads\/2019\/05\/DK-Logo.png\",\"contentUrl\":\"https:\/\/deutschkurs-stuttgart.de\/wp-content\/uploads\/2019\/05\/DK-Logo.png\",\"width\":200,\"height\":152,\"caption\":\"Deutschkolleg Stuttgart\"},\"image\":{\"@id\":\"https:\/\/deutschkurs-stuttgart.de\/de\/#\/schema\/logo\/image\/\"},\"sameAs\":[\"https:\/\/www.facebook.com\/DeutschkollegStuttgart\",\"https:\/\/www.instagram.com\/deutschkolleg.stuttgart\/\"]}]}<\/script>\n<!-- \/ Yoast SEO plugin. -->","yoast_head_json":{"title":"Neues vom\u00a0 Deutschkolleg - Deutschkolleg Stuttgart","description":"In unserem Blog erfahren Sie mehr \u00fcber das Deutschkolleg Stuttgart, das Deutschlernen in Deutschland und \u00fcber unsere Heimatstadt Stuttgart.","robots":{"index":"noindex","follow":"follow"},"og_locale":"de_DE","og_type":"article","og_title":"Neues vom\u00a0 Deutschkolleg - Deutschkolleg Stuttgart","og_description":"In unserem Blog erfahren Sie mehr \u00fcber das Deutschkolleg Stuttgart, das Deutschlernen in Deutschland und \u00fcber unsere Heimatstadt Stuttgart.","og_url":"https:\/\/deutschkurs-stuttgart.de\/de\/neues\/","og_site_name":"Deutschkolleg Stuttgart","article_publisher":"https:\/\/www.facebook.com\/DeutschkollegStuttgart","article_modified_time":"2024-01-17T12:40:34+00:00","twitter_card":"summary_large_image","twitter_misc":{"Gesch\u00e4tzte Lesezeit":"1\u00a0Minute"},"schema":{"@context":"https:\/\/schema.org","@graph":[{"@type":"WebPage","@id":"https:\/\/deutschkurs-stuttgart.de\/de\/neues\/","url":"https:\/\/deutschkurs-stuttgart.de\/de\/neues\/","name":"Neues vom\u00a0 Deutschkolleg - Deutschkolleg Stuttgart","isPartOf":{"@id":"https:\/\/deutschkurs-stuttgart.de\/de\/#website"},"datePublished":"2019-03-15T12:30:52+00:00","dateModified":"2024-01-17T12:40:34+00:00","description":"In unserem Blog erfahren Sie mehr \u00fcber das Deutschkolleg Stuttgart, das Deutschlernen in Deutschland und \u00fcber unsere Heimatstadt Stuttgart.","breadcrumb":{"@id":"https:\/\/deutschkurs-stuttgart.de\/de\/neues\/#breadcrumb"},"inLanguage":"de","potentialAction":[{"@type":"ReadAction","target":["https:\/\/deutschkurs-stuttgart.de\/de\/neues\/"]}]},{"@type":"BreadcrumbList","@id":"https:\/\/deutschkurs-stuttgart.de\/de\/neues\/#breadcrumb","itemListElement":[{"@type":"ListItem","position":1,"name":"Startseite","item":"https:\/\/deutschkurs-stuttgart.de\/de\/deutschkolleg-stuttgart\/"},{"@type":"ListItem","position":2,"name":"Neues vom\u00a0 Deutschkolleg"}]},{"@type":"WebSite","@id":"https:\/\/deutschkurs-stuttgart.de\/de\/#website","url":"https:\/\/deutschkurs-stuttgart.de\/de\/","name":"Deutschkolleg Stuttgart","description":"Schnell und effektiv Deutsch f\u00fcr Studium und Beruf lernen","publisher":{"@id":"https:\/\/deutschkurs-stuttgart.de\/de\/#organization"},"potentialAction":[{"@type":"SearchAction","target":{"@type":"EntryPoint","urlTemplate":"https:\/\/deutschkurs-stuttgart.de\/de\/?s={search_term_string}"},"query-input":{"@type":"PropertyValueSpecification","valueRequired":true,"valueName":"search_term_string"}}],"inLanguage":"de"},{"@type":"Organization","@id":"https:\/\/deutschkurs-stuttgart.de\/de\/#organization","name":"Deutschkolleg Stuttgart","url":"https:\/\/deutschkurs-stuttgart.de\/de\/","logo":{"@type":"ImageObject","inLanguage":"de","@id":"https:\/\/deutschkurs-stuttgart.de\/de\/#\/schema\/logo\/image\/","url":"https:\/\/deutschkurs-stuttgart.de\/wp-content\/uploads\/2019\/05\/DK-Logo.png","contentUrl":"https:\/\/deutschkurs-stuttgart.de\/wp-content\/uploads\/2019\/05\/DK-Logo.png","width":200,"height":152,"caption":"Deutschkolleg Stuttgart"},"image":{"@id":"https:\/\/deutschkurs-stuttgart.de\/de\/#\/schema\/logo\/image\/"},"sameAs":["https:\/\/www.facebook.com\/DeutschkollegStuttgart","https:\/\/www.instagram.com\/deutschkolleg.stuttgart\/"]}]}},"_links":{"self":[{"href":"https:\/\/deutschkurs-stuttgart.de\/de\/wp-json\/wp\/v2\/pages\/67","targetHints":{"allow":["GET"]}}],"collection":[{"href":"https:\/\/deutschkurs-stuttgart.de\/de\/wp-json\/wp\/v2\/pages"}],"about":[{"href":"https:\/\/deutschkurs-stuttgart.de\/de\/wp-json\/wp\/v2\/types\/page"}],"author":[{"embeddable":true,"href":"https:\/\/deutschkurs-stuttgart.de\/de\/wp-json\/wp\/v2\/users\/1"}],"replies":[{"embeddable":true,"href":"https:\/\/deutschkurs-stuttgart.de\/de\/wp-json\/wp\/v2\/comments?post=67"}],"version-history":[{"count":27,"href":"https:\/\/deutschkurs-stuttgart.de\/de\/wp-json\/wp\/v2\/pages\/67\/revisions"}],"predecessor-version":[{"id":5650,"href":"https:\/\/deutschkurs-stuttgart.de\/de\/wp-json\/wp\/v2\/pages\/67\/revisions\/5650"}],"wp:attachment":[{"href":"https:\/\/deutschkurs-stuttgart.de\/de\/wp-json\/wp\/v2\/media?parent=67"}],"curies":[{"name":"wp","href":"https:\/\/api.w.org\/{rel}","templated":true}]}}