{"id":662,"date":"2019-05-15T09:34:00","date_gmt":"2019-05-15T09:34:00","guid":{"rendered":"https:\/\/deutschkurs-stuttgart.de\/?page_id=662"},"modified":"2022-05-25T10:10:09","modified_gmt":"2022-05-25T10:10:09","slug":"deutschlernen-in-deutschland-warum","status":"publish","type":"page","link":"https:\/\/deutschkurs-stuttgart.de\/de\/deutschlernen-in-deutschland-warum\/","title":{"rendered":"Deutschlernen in Deutschland"},"content":{"rendered":"\n<style type=\"text\/css\" data-created_by=\"avia_inline_auto\" id=\"style-css-av-3rrgo-3986381b43d68a2e4a3023b63e16e4b5\">\n.flex_column.av-3rrgo-3986381b43d68a2e4a3023b63e16e4b5{\nborder-radius:0px 0px 0px 0px;\npadding:0px 0px 0px 0px;\n}\n<\/style>\n<div  class='flex_column av-3rrgo-3986381b43d68a2e4a3023b63e16e4b5 av_one_full  avia-builder-el-0  el_before_av_one_full  avia-builder-el-first  first flex_column_div av-zero-column-padding  '     ><style type=\"text\/css\" data-created_by=\"avia_inline_auto\" id=\"style-css-av-355y-839f6fbeefd6e51ec1b96ae8e84d4ac0\">\n.avia-image-container.av-355y-839f6fbeefd6e51ec1b96ae8e84d4ac0 img.avia_image{\nbox-shadow:none;\n}\n.avia-image-container.av-355y-839f6fbeefd6e51ec1b96ae8e84d4ac0 .av-image-caption-overlay-center{\ncolor:#ffffff;\n}\n<\/style>\n<div  class='avia-image-container av-355y-839f6fbeefd6e51ec1b96ae8e84d4ac0 av-styling- avia-align-center  avia-builder-el-1  avia-builder-el-no-sibling '   itemprop=\"image\" itemscope=\"itemscope\" itemtype=\"https:\/\/schema.org\/ImageObject\" ><div class=\"avia-image-container-inner\"><div class=\"avia-image-overlay-wrap\"><img decoding=\"async\" fetchpriority=\"high\" class='wp-image-927 avia-img-lazy-loading-not-927 avia_image ' src=\"https:\/\/deutschkurs-stuttgart.de\/wp-content\/uploads\/2019\/05\/deutschkurs-in-deutschland-warum-1500x573.jpg\" alt='Gute Gr\u00fcnde f\u00fcr das Deutschlernen in Deutschland' title='deutschkurs-in-deutschland-warum'  height=\"573\" width=\"1500\"  itemprop=\"thumbnailUrl\" srcset=\"https:\/\/deutschkurs-stuttgart.de\/wp-content\/uploads\/2019\/05\/deutschkurs-in-deutschland-warum.jpg 1500w, https:\/\/deutschkurs-stuttgart.de\/wp-content\/uploads\/2019\/05\/deutschkurs-in-deutschland-warum-300x115.jpg 300w, https:\/\/deutschkurs-stuttgart.de\/wp-content\/uploads\/2019\/05\/deutschkurs-in-deutschland-warum-768x293.jpg 768w, https:\/\/deutschkurs-stuttgart.de\/wp-content\/uploads\/2019\/05\/deutschkurs-in-deutschland-warum-1030x393.jpg 1030w, https:\/\/deutschkurs-stuttgart.de\/wp-content\/uploads\/2019\/05\/deutschkurs-in-deutschland-warum-705x269.jpg 705w, https:\/\/deutschkurs-stuttgart.de\/wp-content\/uploads\/2019\/05\/deutschkurs-in-deutschland-warum-450x172.jpg 450w\" sizes=\"(max-width: 1500px) 100vw, 1500px\" \/><\/div><\/div><\/div><\/div>\n\n<style type=\"text\/css\" data-created_by=\"avia_inline_auto\" id=\"style-css-av-1qm7g-bcac57a836483b768a5e28c4a7613286\">\n.flex_column.av-1qm7g-bcac57a836483b768a5e28c4a7613286{\nborder-radius:0px 0px 0px 0px;\npadding:0px 0px 0px 0px;\n}\n<\/style>\n<div  class='flex_column av-1qm7g-bcac57a836483b768a5e28c4a7613286 av_one_full  avia-builder-el-2  el_after_av_one_full  avia-builder-el-last  first flex_column_div av-zero-column-padding  column-top-margin'     ><section  class='av_textblock_section av-jtri1aed-aa76bc42c903f286ad3ae6604dc0417b '   itemscope=\"itemscope\" itemtype=\"https:\/\/schema.org\/CreativeWork\" ><div class='avia_textblock'  itemprop=\"text\" ><h1>Gute Gr\u00fcnde f\u00fcr das Deutschlernen in Deutschland<\/h1>\n<\/div><\/section><br \/>\n\n<style type=\"text\/css\" data-created_by=\"avia_inline_auto\" id=\"style-css-av-juutyfrg-f2a55e626120034cf59f28e3130d42c9\">\n#top .hr.hr-invisible.av-juutyfrg-f2a55e626120034cf59f28e3130d42c9{\nheight:20px;\n}\n<\/style>\n<div  class='hr av-juutyfrg-f2a55e626120034cf59f28e3130d42c9 hr-invisible  avia-builder-el-4  el_after_av_textblock  el_before_av_textblock '><span class='hr-inner '><span class=\"hr-inner-style\"><\/span><\/span><\/div><br \/>\n<section  class='av_textblock_section av-juuu9nh3-8bfe21a55629f98900311d2f7760a3cd '   itemscope=\"itemscope\" itemtype=\"https:\/\/schema.org\/CreativeWork\" ><div class='avia_textblock'  itemprop=\"text\" ><h2>In Deutschland lernen Sie schneller Deutsch<\/h2>\n<p>Sie haben in Deutschland ein gr\u00f6\u00dferes Kursangebot als in Ihrem Heimatland. Im Deutschkolleg beginnen die Intensivkurse achtmal pro Jahr auf allen Kurstufen.<\/p>\n<p>Danach k\u00f6nnen Sie ohne Pause die n\u00e4chste Stufe besuchen. Im Deutschkolleg brauchen Sie ohne Vorkenntnisse ca. zehn Monate bis zum Niveau der Deutschpr\u00fcfung f\u00fcr die Universit\u00e4t. Wenn Sie schon Vorkenntnisse haben, geht es nat\u00fcrlich noch schneller.<\/p>\n<p><em>Vergleichen Sie mit Ihrem Heimatland!<\/em><br \/>\n&#8211; gro\u00dfes Kursangebot<br \/>\n&#8211; h\u00e4ufiger Kursbeginn<br \/>\n&#8211; keine Pause zwischen den Kursen<br \/>\n&#8211; in zehn Monaten ohne Vorkenntnisse zum Niveau C1<\/p>\n<h2>In Deutschland lernen Sie leichter Deutsch<\/h2>\n<p>Schon am Morgen &#8211; noch vor Unterrichtsbeginn &#8211; h\u00f6ren Sie Deutsch. Und nach dem Unterricht geht es weiter. Denn in Deutschland sind Sie von der deutschen Sprache umgeben: Sie wenden das Gelernte sofort an und behalten es besser.<\/p>\n<p>Ihre Kurskollegen kommen aus der ganzen Welt. Darum wird Deutsch schnell zu Ihrer gemeinsamen Sprache &#8211; im Kurs wie in den Pausen und bei den gemeinsamen Aktivit\u00e4ten.<\/p>\n<p><em>Ihr Vorteil<\/em><br \/>\n&#8211; Sie sprechen von Anfang an Deutsch<br \/>\n&#8211; Sofortige Anwendung des Gelernten<br \/>\n&#8211; Besseres Behalten<\/p>\n<h2>Deutschlernen in Deutschland ist billiger<\/h2>\n<p>Zeit ist Geld. Wenn Sie schneller und effektiver lernen, bezahlen Sie am Ende weniger, um Ihre Ziele zu erreichen. Auch die Deutschkurse und das Leben in Deutschland sind im internationalen Vergleich erstaunlich billig.<\/p>\n<p><em>Ihr Vorteil<\/em><br \/>\nLeben und Deutschkurse sind erstaunlich preisg\u00fcnstig. Sie bezahlen am Ende weniger.<\/p>\n<p><a href=\"http:\/\/localhost\/wordpress\/wp-content\/uploads\/2018\/10\/tipp_punkt.jpg\"><img loading=\"lazy\" decoding=\"async\" class=\"alignnone size-full wp-image-1344\" src=\"http:\/\/localhost\/wordpress\/wp-content\/uploads\/2018\/10\/tipp_punkt.jpg\" alt=\"\" width=\"23\" height=\"23\" \/><\/a> <strong>Tipp:<\/strong><br \/>\nIhr sp\u00e4teres Studium in Deutschland ist kosteng\u00fcnstig und als Student genie\u00dfen Sie viele weitere Vorteile wie g\u00fcnstiges Wohnen im Studentenwohnheim, billiges Essen in der Mensa oder Semestertickets f\u00fcr den \u00f6ffentlichen Nahverkehr.<\/p>\n<\/div><\/section><\/p><\/div>\n","protected":false},"excerpt":{"rendered":"","protected":false},"author":4,"featured_media":0,"parent":0,"menu_order":0,"comment_status":"closed","ping_status":"closed","template":"","meta":{"footnotes":""},"class_list":["post-662","page","type-page","status-publish","hentry"],"yoast_head":"<!-- This site is optimized with the Yoast SEO plugin v26.4 - https:\/\/yoast.com\/wordpress\/plugins\/seo\/ -->\n<title>Deutschlernen in Deutschland - Deutschkolleg Stuttgart<\/title>\n<meta name=\"description\" content=\"In Deutschland lernen Sie schneller, leichter, besser und am Ende billiger Deutsch als in Ihrem Heimatland. Lesen Sie hier warum:\" \/>\n<meta name=\"robots\" content=\"index, follow, max-snippet:-1, max-image-preview:large, max-video-preview:-1\" \/>\n<link rel=\"canonical\" href=\"https:\/\/deutschkurs-stuttgart.de\/de\/deutschlernen-in-deutschland-warum\/\" \/>\n<meta property=\"og:locale\" content=\"de_DE\" \/>\n<meta property=\"og:type\" content=\"article\" \/>\n<meta property=\"og:title\" content=\"Deutschlernen in Deutschland - Deutschkolleg Stuttgart\" \/>\n<meta property=\"og:description\" content=\"In Deutschland lernen Sie schneller, leichter, besser und am Ende billiger Deutsch als in Ihrem Heimatland. Lesen Sie hier warum:\" \/>\n<meta property=\"og:url\" content=\"https:\/\/deutschkurs-stuttgart.de\/de\/deutschlernen-in-deutschland-warum\/\" \/>\n<meta property=\"og:site_name\" content=\"Deutschkolleg Stuttgart\" \/>\n<meta property=\"article:publisher\" content=\"https:\/\/www.facebook.com\/DeutschkollegStuttgart\" \/>\n<meta property=\"article:modified_time\" content=\"2022-05-25T10:10:09+00:00\" \/>\n<meta property=\"og:image\" content=\"http:\/\/localhost\/wordpress\/wp-content\/uploads\/2018\/10\/tipp_punkt.jpg\" \/>\n<meta name=\"twitter:card\" content=\"summary_large_image\" \/>\n<meta name=\"twitter:label1\" content=\"Gesch\u00e4tzte Lesezeit\" \/>\n\t<meta name=\"twitter:data1\" content=\"3\u00a0Minuten\" \/>\n<script type=\"application\/ld+json\" class=\"yoast-schema-graph\">{\"@context\":\"https:\/\/schema.org\",\"@graph\":[{\"@type\":\"WebPage\",\"@id\":\"https:\/\/deutschkurs-stuttgart.de\/de\/deutschlernen-in-deutschland-warum\/\",\"url\":\"https:\/\/deutschkurs-stuttgart.de\/de\/deutschlernen-in-deutschland-warum\/\",\"name\":\"Deutschlernen in Deutschland - Deutschkolleg Stuttgart\",\"isPartOf\":{\"@id\":\"https:\/\/deutschkurs-stuttgart.de\/de\/#website\"},\"primaryImageOfPage\":{\"@id\":\"https:\/\/deutschkurs-stuttgart.de\/de\/deutschlernen-in-deutschland-warum\/#primaryimage\"},\"image\":{\"@id\":\"https:\/\/deutschkurs-stuttgart.de\/de\/deutschlernen-in-deutschland-warum\/#primaryimage\"},\"thumbnailUrl\":\"http:\/\/localhost\/wordpress\/wp-content\/uploads\/2018\/10\/tipp_punkt.jpg\",\"datePublished\":\"2019-05-15T09:34:00+00:00\",\"dateModified\":\"2022-05-25T10:10:09+00:00\",\"description\":\"In Deutschland lernen Sie schneller, leichter, besser und am Ende billiger Deutsch als in Ihrem Heimatland. Lesen Sie hier warum:\",\"breadcrumb\":{\"@id\":\"https:\/\/deutschkurs-stuttgart.de\/de\/deutschlernen-in-deutschland-warum\/#breadcrumb\"},\"inLanguage\":\"de\",\"potentialAction\":[{\"@type\":\"ReadAction\",\"target\":[\"https:\/\/deutschkurs-stuttgart.de\/de\/deutschlernen-in-deutschland-warum\/\"]}]},{\"@type\":\"ImageObject\",\"inLanguage\":\"de\",\"@id\":\"https:\/\/deutschkurs-stuttgart.de\/de\/deutschlernen-in-deutschland-warum\/#primaryimage\",\"url\":\"http:\/\/localhost\/wordpress\/wp-content\/uploads\/2018\/10\/tipp_punkt.jpg\",\"contentUrl\":\"http:\/\/localhost\/wordpress\/wp-content\/uploads\/2018\/10\/tipp_punkt.jpg\"},{\"@type\":\"BreadcrumbList\",\"@id\":\"https:\/\/deutschkurs-stuttgart.de\/de\/deutschlernen-in-deutschland-warum\/#breadcrumb\",\"itemListElement\":[{\"@type\":\"ListItem\",\"position\":1,\"name\":\"Startseite\",\"item\":\"https:\/\/deutschkurs-stuttgart.de\/de\/deutschkolleg-stuttgart\/\"},{\"@type\":\"ListItem\",\"position\":2,\"name\":\"Deutschlernen in Deutschland\"}]},{\"@type\":\"WebSite\",\"@id\":\"https:\/\/deutschkurs-stuttgart.de\/de\/#website\",\"url\":\"https:\/\/deutschkurs-stuttgart.de\/de\/\",\"name\":\"Deutschkolleg Stuttgart\",\"description\":\"Schnell und effektiv Deutsch f\u00fcr Studium und Beruf lernen\",\"publisher\":{\"@id\":\"https:\/\/deutschkurs-stuttgart.de\/de\/#organization\"},\"potentialAction\":[{\"@type\":\"SearchAction\",\"target\":{\"@type\":\"EntryPoint\",\"urlTemplate\":\"https:\/\/deutschkurs-stuttgart.de\/de\/?s={search_term_string}\"},\"query-input\":{\"@type\":\"PropertyValueSpecification\",\"valueRequired\":true,\"valueName\":\"search_term_string\"}}],\"inLanguage\":\"de\"},{\"@type\":\"Organization\",\"@id\":\"https:\/\/deutschkurs-stuttgart.de\/de\/#organization\",\"name\":\"Deutschkolleg Stuttgart\",\"url\":\"https:\/\/deutschkurs-stuttgart.de\/de\/\",\"logo\":{\"@type\":\"ImageObject\",\"inLanguage\":\"de\",\"@id\":\"https:\/\/deutschkurs-stuttgart.de\/de\/#\/schema\/logo\/image\/\",\"url\":\"https:\/\/deutschkurs-stuttgart.de\/wp-content\/uploads\/2019\/05\/DK-Logo.png\",\"contentUrl\":\"https:\/\/deutschkurs-stuttgart.de\/wp-content\/uploads\/2019\/05\/DK-Logo.png\",\"width\":200,\"height\":152,\"caption\":\"Deutschkolleg Stuttgart\"},\"image\":{\"@id\":\"https:\/\/deutschkurs-stuttgart.de\/de\/#\/schema\/logo\/image\/\"},\"sameAs\":[\"https:\/\/www.facebook.com\/DeutschkollegStuttgart\",\"https:\/\/www.instagram.com\/deutschkolleg.stuttgart\/\"]}]}<\/script>\n<!-- \/ Yoast SEO plugin. -->","yoast_head_json":{"title":"Deutschlernen in Deutschland - Deutschkolleg Stuttgart","description":"In Deutschland lernen Sie schneller, leichter, besser und am Ende billiger Deutsch als in Ihrem Heimatland. Lesen Sie hier warum:","robots":{"index":"index","follow":"follow","max-snippet":"max-snippet:-1","max-image-preview":"max-image-preview:large","max-video-preview":"max-video-preview:-1"},"canonical":"https:\/\/deutschkurs-stuttgart.de\/de\/deutschlernen-in-deutschland-warum\/","og_locale":"de_DE","og_type":"article","og_title":"Deutschlernen in Deutschland - Deutschkolleg Stuttgart","og_description":"In Deutschland lernen Sie schneller, leichter, besser und am Ende billiger Deutsch als in Ihrem Heimatland. Lesen Sie hier warum:","og_url":"https:\/\/deutschkurs-stuttgart.de\/de\/deutschlernen-in-deutschland-warum\/","og_site_name":"Deutschkolleg Stuttgart","article_publisher":"https:\/\/www.facebook.com\/DeutschkollegStuttgart","article_modified_time":"2022-05-25T10:10:09+00:00","og_image":[{"url":"http:\/\/localhost\/wordpress\/wp-content\/uploads\/2018\/10\/tipp_punkt.jpg","type":"","width":"","height":""}],"twitter_card":"summary_large_image","twitter_misc":{"Gesch\u00e4tzte Lesezeit":"3\u00a0Minuten"},"schema":{"@context":"https:\/\/schema.org","@graph":[{"@type":"WebPage","@id":"https:\/\/deutschkurs-stuttgart.de\/de\/deutschlernen-in-deutschland-warum\/","url":"https:\/\/deutschkurs-stuttgart.de\/de\/deutschlernen-in-deutschland-warum\/","name":"Deutschlernen in Deutschland - Deutschkolleg Stuttgart","isPartOf":{"@id":"https:\/\/deutschkurs-stuttgart.de\/de\/#website"},"primaryImageOfPage":{"@id":"https:\/\/deutschkurs-stuttgart.de\/de\/deutschlernen-in-deutschland-warum\/#primaryimage"},"image":{"@id":"https:\/\/deutschkurs-stuttgart.de\/de\/deutschlernen-in-deutschland-warum\/#primaryimage"},"thumbnailUrl":"http:\/\/localhost\/wordpress\/wp-content\/uploads\/2018\/10\/tipp_punkt.jpg","datePublished":"2019-05-15T09:34:00+00:00","dateModified":"2022-05-25T10:10:09+00:00","description":"In Deutschland lernen Sie schneller, leichter, besser und am Ende billiger Deutsch als in Ihrem Heimatland. Lesen Sie hier warum:","breadcrumb":{"@id":"https:\/\/deutschkurs-stuttgart.de\/de\/deutschlernen-in-deutschland-warum\/#breadcrumb"},"inLanguage":"de","potentialAction":[{"@type":"ReadAction","target":["https:\/\/deutschkurs-stuttgart.de\/de\/deutschlernen-in-deutschland-warum\/"]}]},{"@type":"ImageObject","inLanguage":"de","@id":"https:\/\/deutschkurs-stuttgart.de\/de\/deutschlernen-in-deutschland-warum\/#primaryimage","url":"http:\/\/localhost\/wordpress\/wp-content\/uploads\/2018\/10\/tipp_punkt.jpg","contentUrl":"http:\/\/localhost\/wordpress\/wp-content\/uploads\/2018\/10\/tipp_punkt.jpg"},{"@type":"BreadcrumbList","@id":"https:\/\/deutschkurs-stuttgart.de\/de\/deutschlernen-in-deutschland-warum\/#breadcrumb","itemListElement":[{"@type":"ListItem","position":1,"name":"Startseite","item":"https:\/\/deutschkurs-stuttgart.de\/de\/deutschkolleg-stuttgart\/"},{"@type":"ListItem","position":2,"name":"Deutschlernen in Deutschland"}]},{"@type":"WebSite","@id":"https:\/\/deutschkurs-stuttgart.de\/de\/#website","url":"https:\/\/deutschkurs-stuttgart.de\/de\/","name":"Deutschkolleg Stuttgart","description":"Schnell und effektiv Deutsch f\u00fcr Studium und Beruf lernen","publisher":{"@id":"https:\/\/deutschkurs-stuttgart.de\/de\/#organization"},"potentialAction":[{"@type":"SearchAction","target":{"@type":"EntryPoint","urlTemplate":"https:\/\/deutschkurs-stuttgart.de\/de\/?s={search_term_string}"},"query-input":{"@type":"PropertyValueSpecification","valueRequired":true,"valueName":"search_term_string"}}],"inLanguage":"de"},{"@type":"Organization","@id":"https:\/\/deutschkurs-stuttgart.de\/de\/#organization","name":"Deutschkolleg Stuttgart","url":"https:\/\/deutschkurs-stuttgart.de\/de\/","logo":{"@type":"ImageObject","inLanguage":"de","@id":"https:\/\/deutschkurs-stuttgart.de\/de\/#\/schema\/logo\/image\/","url":"https:\/\/deutschkurs-stuttgart.de\/wp-content\/uploads\/2019\/05\/DK-Logo.png","contentUrl":"https:\/\/deutschkurs-stuttgart.de\/wp-content\/uploads\/2019\/05\/DK-Logo.png","width":200,"height":152,"caption":"Deutschkolleg Stuttgart"},"image":{"@id":"https:\/\/deutschkurs-stuttgart.de\/de\/#\/schema\/logo\/image\/"},"sameAs":["https:\/\/www.facebook.com\/DeutschkollegStuttgart","https:\/\/www.instagram.com\/deutschkolleg.stuttgart\/"]}]}},"_links":{"self":[{"href":"https:\/\/deutschkurs-stuttgart.de\/de\/wp-json\/wp\/v2\/pages\/662","targetHints":{"allow":["GET"]}}],"collection":[{"href":"https:\/\/deutschkurs-stuttgart.de\/de\/wp-json\/wp\/v2\/pages"}],"about":[{"href":"https:\/\/deutschkurs-stuttgart.de\/de\/wp-json\/wp\/v2\/types\/page"}],"author":[{"embeddable":true,"href":"https:\/\/deutschkurs-stuttgart.de\/de\/wp-json\/wp\/v2\/users\/4"}],"replies":[{"embeddable":true,"href":"https:\/\/deutschkurs-stuttgart.de\/de\/wp-json\/wp\/v2\/comments?post=662"}],"version-history":[{"count":5,"href":"https:\/\/deutschkurs-stuttgart.de\/de\/wp-json\/wp\/v2\/pages\/662\/revisions"}],"predecessor-version":[{"id":3118,"href":"https:\/\/deutschkurs-stuttgart.de\/de\/wp-json\/wp\/v2\/pages\/662\/revisions\/3118"}],"wp:attachment":[{"href":"https:\/\/deutschkurs-stuttgart.de\/de\/wp-json\/wp\/v2\/media?parent=662"}],"curies":[{"name":"wp","href":"https:\/\/api.w.org\/{rel}","templated":true}]}}