{"id":655,"date":"2019-05-15T09:24:01","date_gmt":"2019-05-15T09:24:01","guid":{"rendered":"https:\/\/deutschkurs-stuttgart.de\/?page_id=655"},"modified":"2026-03-05T08:42:59","modified_gmt":"2026-03-05T07:42:59","slug":"deutschkurs-testdaf-in-stuttgart","status":"publish","type":"page","link":"https:\/\/deutschkurs-stuttgart.de\/de\/deutschkurs-testdaf-in-stuttgart\/","title":{"rendered":"TestDaF-Training"},"content":{"rendered":"\n<style type=\"text\/css\" data-created_by=\"avia_inline_auto\" id=\"style-css-av-3rrgo-3986381b43d68a2e4a3023b63e16e4b5\">\n.flex_column.av-3rrgo-3986381b43d68a2e4a3023b63e16e4b5{\nborder-radius:0px 0px 0px 0px;\npadding:0px 0px 0px 0px;\n}\n<\/style>\n<div  class='flex_column av-3rrgo-3986381b43d68a2e4a3023b63e16e4b5 av_one_full  avia-builder-el-0  el_before_av_one_full  avia-builder-el-first  first flex_column_div av-zero-column-padding  '     ><style type=\"text\/css\" data-created_by=\"avia_inline_auto\" id=\"style-css-av-a540v-56c1c9519d44372eb985c0969c081340\">\n.avia-image-container.av-a540v-56c1c9519d44372eb985c0969c081340 img.avia_image{\nbox-shadow:none;\n}\n.avia-image-container.av-a540v-56c1c9519d44372eb985c0969c081340 .av-image-caption-overlay-center{\ncolor:#ffffff;\n}\n<\/style>\n<div  class='avia-image-container av-a540v-56c1c9519d44372eb985c0969c081340 av-styling- avia-align-center  avia-builder-el-1  avia-builder-el-no-sibling '   itemprop=\"image\" itemscope=\"itemscope\" itemtype=\"https:\/\/schema.org\/ImageObject\" ><div class=\"avia-image-container-inner\"><div class=\"avia-image-overlay-wrap\"><img decoding=\"async\" fetchpriority=\"high\" class='wp-image-841 avia-img-lazy-loading-not-841 avia_image ' src=\"https:\/\/deutschkurs-stuttgart.de\/wp-content\/uploads\/2019\/05\/testdaf-kurs-in-stuttgart-1500x573.jpg\" alt='Deutschkurs TestDaF-Vorbereitung in Stuttgart' title='TestDaf-Trainingskurs  zur Pr\u00fcfungsvorbereitung TestDaF'  height=\"573\" width=\"1500\"  itemprop=\"thumbnailUrl\" srcset=\"https:\/\/deutschkurs-stuttgart.de\/wp-content\/uploads\/2019\/05\/testdaf-kurs-in-stuttgart.jpg 1500w, https:\/\/deutschkurs-stuttgart.de\/wp-content\/uploads\/2019\/05\/testdaf-kurs-in-stuttgart-300x115.jpg 300w, https:\/\/deutschkurs-stuttgart.de\/wp-content\/uploads\/2019\/05\/testdaf-kurs-in-stuttgart-768x293.jpg 768w, https:\/\/deutschkurs-stuttgart.de\/wp-content\/uploads\/2019\/05\/testdaf-kurs-in-stuttgart-1030x393.jpg 1030w, https:\/\/deutschkurs-stuttgart.de\/wp-content\/uploads\/2019\/05\/testdaf-kurs-in-stuttgart-705x269.jpg 705w, https:\/\/deutschkurs-stuttgart.de\/wp-content\/uploads\/2019\/05\/testdaf-kurs-in-stuttgart-450x172.jpg 450w\" sizes=\"(max-width: 1500px) 100vw, 1500px\" \/><\/div><\/div><\/div><\/div>\n\n<style type=\"text\/css\" data-created_by=\"avia_inline_auto\" id=\"style-css-av-1qm7g-bcac57a836483b768a5e28c4a7613286\">\n.flex_column.av-1qm7g-bcac57a836483b768a5e28c4a7613286{\nborder-radius:0px 0px 0px 0px;\npadding:0px 0px 0px 0px;\n}\n<\/style>\n<div  class='flex_column av-1qm7g-bcac57a836483b768a5e28c4a7613286 av_one_full  avia-builder-el-2  el_after_av_one_full  avia-builder-el-last  first flex_column_div av-zero-column-padding  column-top-margin'     ><section  class='av_textblock_section av-jtri1aed-aa76bc42c903f286ad3ae6604dc0417b '   itemscope=\"itemscope\" itemtype=\"https:\/\/schema.org\/CreativeWork\" ><div class='avia_textblock'  itemprop=\"text\" ><h1>TestDaF-Training intensiv<\/h1>\n<\/div><\/section><br \/>\n\n<style type=\"text\/css\" data-created_by=\"avia_inline_auto\" id=\"style-css-av-juutyfrg-f2a55e626120034cf59f28e3130d42c9\">\n#top .hr.hr-invisible.av-juutyfrg-f2a55e626120034cf59f28e3130d42c9{\nheight:20px;\n}\n<\/style>\n<div  class='hr av-juutyfrg-f2a55e626120034cf59f28e3130d42c9 hr-invisible  avia-builder-el-4  el_after_av_textblock  el_before_av_textblock '><span class='hr-inner '><span class=\"hr-inner-style\"><\/span><\/span><\/div><br \/>\n<section  class='av_textblock_section av-juuu9nh3-fb2925de3fd41029f706b3719403d50b '   itemscope=\"itemscope\" itemtype=\"https:\/\/schema.org\/CreativeWork\" ><div class='avia_textblock'  itemprop=\"text\" ><h2>Machen Sie sich fit!<\/h2>\n<p>Im TestDaf-Training \u00fcben Sie alle Pr\u00fcfungsteile von TestDaF mit authentischen Aufgaben. Durch h\u00e4ufige Wiederholung lernen Sie, effektiv die f\u00fcr die Aufgaben verf\u00fcgbare Zeit zu nutzen.<\/p>\n<p>Sie lernen argumentieren und erweitern dabei Ihren Wortschatz. Im TestDaF-Training besch\u00e4ftigen Sie sich mit bildungspolitischen und popul\u00e4rwissenschaftlichen Themen, wie sie f\u00fcr die TestDaF-Pr\u00fcfung typisch sind.<\/p>\n<h2>Deutschkurs TestDaF-Training intensiv auf einen Blick<\/h2>\n<p>&#8211; Vorkenntnisse: anerkanntes Zeugnis C1 oder <a href=\"https:\/\/deutschkurs-stuttgart.de\/de\/deutschkurs-einstufung-niveau\/\">Einstufungstest<\/a><br \/>\n&#8211; Kursdauer: 6 Wochen<br \/>\n&#8211; 25 Unterrichtsstunden pro Woche von Montag bis Freitag<br \/>\n&#8211; Grunds\u00e4tzlich sind unsere Kurse Pr\u00e4senzkurse. Um Sie bestm\u00f6glich auf die Pr\u00fcfung vorzubereiten, kann der Unterricht im TestDaF-Training 1x pro Woche online stattfinden.<br \/>\n&#8211; internationale Gruppe (ca. 18 Teilnehmer)<br \/>\n&#8211; Lehrmaterial + Zeugnis im Preis enthalten<br \/>\n&#8211; kostenlose <a href=\"https:\/\/deutschkurs-stuttgart.de\/de\/deutschkurs-einstufung-niveau\/\">Einstufung<\/a><\/p>\n<h2>Preise und Termine<\/h2>\n<h3>2026<\/h3>\n<p>07.01.2026 \u2013 13.02.2026<br \/>\n16.02.2026 \u2013 27.03.2026<br \/>\n30.03.2026 \u2013 13.05.2026<br \/>\n20.05.2026 \u2013 30.06.2026<br \/>\n01.07.2026 \u2013 11.08.2026<br \/>\n18.08.2026 \u2013 25.09.2026<br \/>\n28.09.2026 \u2013 06.11.2026<\/p>\n<h3>2027<\/h3>\n<p>07.01.2027-15.02.2027<br \/>\n18.02.2027 \u2013 02.04.2027<br \/>\n05.04.2027 \u2013 14.05.2027<br \/>\n18.05.2027 \u2013 30.06.2027<br \/>\nDie Kursdaten f\u00fcr 2027 sind vorl\u00e4ufig und k\u00f6nnen sich noch um wenige Tage \u00e4ndern.<\/p>\n<p><strong>weitere Termine folgen!<\/strong><\/p>\n<p>Preis f\u00fcr alle Intensivkurse TestDaF-Training: 715 Euro (mit Treuerabatt: ab der 4. Buchung 695,- Euro\/Kurs)<\/p>\n<p>inkl. Lehrmaterial, Zeugnis und Teilnahmebest\u00e4tigung<br \/>\nkeine Anmeldegeb\u00fchr<\/p>\n<p>*abweichende Laufzeit, Preis auf Anfrage<\/p>\n<h2>Anmeldung<\/h2>\n<p>Zur <a href=\"https:\/\/deutschkurs-stuttgart.de\/de\/anmeldung\/\">Online-Anmeldung<\/a><\/p>\n<h2>Haben Sie Fragen?<\/h2>\n<p>Rufen Sie uns an: <a href=\"tel:+49-711-687068-18\">+49-711-687068-18<\/a><br \/>\nSchreiben Sie uns: <a href=\"mailto:info@deutschkolleg-stuttgart.de\">info@deutschkolleg-stuttgart.de<\/a><br \/>\nKommen Sie zu uns: <a href=\"https:\/\/deutschkurs-stuttgart.de\/de\/deutschkolleg-stuttgart-anfahrt\/\">Deutschkursb\u00fcro<\/a><\/p>\n<p><a href=\"https:\/\/deutschkurs-stuttgart.de\/de\/testdaf\/\">TestDaF-\u00dcbersicht<br \/>\n<\/a><a href=\"https:\/\/deutschkurs-stuttgart.de\/de\/deutschkurse\/\">Alle Deutschkurse<\/a><br \/>\n<a href=\"https:\/\/deutschkurs-stuttgart.de\/de\/deutschkolleg-stuttgart-kontakt\/\">Kontakt<\/a><\/p>\n<h3>Tipp:<\/h3>\n<p>Wenn Sie sich auf TestDaF vorbereiten wollen, brauchen Sie \u00dcbungen, die genau den Anforderungen von TestDaF entsprechen. Im Deutschkolleg bekommen Sie die richtigen Aufgaben.<\/p>\n<\/div><\/section><\/p><\/div>\n","protected":false},"excerpt":{"rendered":"","protected":false},"author":4,"featured_media":0,"parent":0,"menu_order":0,"comment_status":"closed","ping_status":"closed","template":"","meta":{"footnotes":""},"class_list":["post-655","page","type-page","status-publish","hentry"],"yoast_head":"<!-- This site is optimized with the Yoast SEO plugin v26.4 - https:\/\/yoast.com\/wordpress\/plugins\/seo\/ -->\n<title>TestDaF-Training - Deutschkolleg Stuttgart<\/title>\n<meta name=\"description\" content=\"Im Kurs TestDaf-Training \u00fcben Sie alle Pr\u00fcfungsteile der TestDaF-Pr\u00fcfung mit zahlreichen, authentischen Pr\u00fcfungsbeispielen.\" \/>\n<meta name=\"robots\" content=\"index, follow, max-snippet:-1, max-image-preview:large, max-video-preview:-1\" \/>\n<link rel=\"canonical\" href=\"https:\/\/deutschkurs-stuttgart.de\/de\/deutschkurs-testdaf-in-stuttgart\/\" \/>\n<meta property=\"og:locale\" content=\"de_DE\" \/>\n<meta property=\"og:type\" content=\"article\" \/>\n<meta property=\"og:title\" content=\"TestDaF-Training - Deutschkolleg Stuttgart\" \/>\n<meta property=\"og:description\" content=\"Im Kurs TestDaf-Training \u00fcben Sie alle Pr\u00fcfungsteile der TestDaF-Pr\u00fcfung mit zahlreichen, authentischen Pr\u00fcfungsbeispielen.\" \/>\n<meta property=\"og:url\" content=\"https:\/\/deutschkurs-stuttgart.de\/de\/deutschkurs-testdaf-in-stuttgart\/\" \/>\n<meta property=\"og:site_name\" content=\"Deutschkolleg Stuttgart\" \/>\n<meta property=\"article:publisher\" content=\"https:\/\/www.facebook.com\/DeutschkollegStuttgart\" \/>\n<meta property=\"article:modified_time\" content=\"2026-03-05T07:42:59+00:00\" \/>\n<meta name=\"twitter:card\" content=\"summary_large_image\" \/>\n<meta name=\"twitter:label1\" content=\"Gesch\u00e4tzte Lesezeit\" \/>\n\t<meta name=\"twitter:data1\" content=\"2\u00a0Minuten\" \/>\n<script type=\"application\/ld+json\" class=\"yoast-schema-graph\">{\"@context\":\"https:\/\/schema.org\",\"@graph\":[{\"@type\":\"WebPage\",\"@id\":\"https:\/\/deutschkurs-stuttgart.de\/de\/deutschkurs-testdaf-in-stuttgart\/\",\"url\":\"https:\/\/deutschkurs-stuttgart.de\/de\/deutschkurs-testdaf-in-stuttgart\/\",\"name\":\"TestDaF-Training - Deutschkolleg Stuttgart\",\"isPartOf\":{\"@id\":\"https:\/\/deutschkurs-stuttgart.de\/de\/#website\"},\"datePublished\":\"2019-05-15T09:24:01+00:00\",\"dateModified\":\"2026-03-05T07:42:59+00:00\",\"description\":\"Im Kurs TestDaf-Training \u00fcben Sie alle Pr\u00fcfungsteile der TestDaF-Pr\u00fcfung mit zahlreichen, authentischen Pr\u00fcfungsbeispielen.\",\"breadcrumb\":{\"@id\":\"https:\/\/deutschkurs-stuttgart.de\/de\/deutschkurs-testdaf-in-stuttgart\/#breadcrumb\"},\"inLanguage\":\"de\",\"potentialAction\":[{\"@type\":\"ReadAction\",\"target\":[\"https:\/\/deutschkurs-stuttgart.de\/de\/deutschkurs-testdaf-in-stuttgart\/\"]}]},{\"@type\":\"BreadcrumbList\",\"@id\":\"https:\/\/deutschkurs-stuttgart.de\/de\/deutschkurs-testdaf-in-stuttgart\/#breadcrumb\",\"itemListElement\":[{\"@type\":\"ListItem\",\"position\":1,\"name\":\"Startseite\",\"item\":\"https:\/\/deutschkurs-stuttgart.de\/de\/deutschkolleg-stuttgart\/\"},{\"@type\":\"ListItem\",\"position\":2,\"name\":\"TestDaF-Training\"}]},{\"@type\":\"WebSite\",\"@id\":\"https:\/\/deutschkurs-stuttgart.de\/de\/#website\",\"url\":\"https:\/\/deutschkurs-stuttgart.de\/de\/\",\"name\":\"Deutschkolleg Stuttgart\",\"description\":\"Schnell und effektiv Deutsch f\u00fcr Studium und Beruf lernen\",\"publisher\":{\"@id\":\"https:\/\/deutschkurs-stuttgart.de\/de\/#organization\"},\"potentialAction\":[{\"@type\":\"SearchAction\",\"target\":{\"@type\":\"EntryPoint\",\"urlTemplate\":\"https:\/\/deutschkurs-stuttgart.de\/de\/?s={search_term_string}\"},\"query-input\":{\"@type\":\"PropertyValueSpecification\",\"valueRequired\":true,\"valueName\":\"search_term_string\"}}],\"inLanguage\":\"de\"},{\"@type\":\"Organization\",\"@id\":\"https:\/\/deutschkurs-stuttgart.de\/de\/#organization\",\"name\":\"Deutschkolleg Stuttgart\",\"url\":\"https:\/\/deutschkurs-stuttgart.de\/de\/\",\"logo\":{\"@type\":\"ImageObject\",\"inLanguage\":\"de\",\"@id\":\"https:\/\/deutschkurs-stuttgart.de\/de\/#\/schema\/logo\/image\/\",\"url\":\"https:\/\/deutschkurs-stuttgart.de\/wp-content\/uploads\/2019\/05\/DK-Logo.png\",\"contentUrl\":\"https:\/\/deutschkurs-stuttgart.de\/wp-content\/uploads\/2019\/05\/DK-Logo.png\",\"width\":200,\"height\":152,\"caption\":\"Deutschkolleg Stuttgart\"},\"image\":{\"@id\":\"https:\/\/deutschkurs-stuttgart.de\/de\/#\/schema\/logo\/image\/\"},\"sameAs\":[\"https:\/\/www.facebook.com\/DeutschkollegStuttgart\",\"https:\/\/www.instagram.com\/deutschkolleg.stuttgart\/\"]}]}<\/script>\n<!-- \/ Yoast SEO plugin. -->","yoast_head_json":{"title":"TestDaF-Training - Deutschkolleg Stuttgart","description":"Im Kurs TestDaf-Training \u00fcben Sie alle Pr\u00fcfungsteile der TestDaF-Pr\u00fcfung mit zahlreichen, authentischen Pr\u00fcfungsbeispielen.","robots":{"index":"index","follow":"follow","max-snippet":"max-snippet:-1","max-image-preview":"max-image-preview:large","max-video-preview":"max-video-preview:-1"},"canonical":"https:\/\/deutschkurs-stuttgart.de\/de\/deutschkurs-testdaf-in-stuttgart\/","og_locale":"de_DE","og_type":"article","og_title":"TestDaF-Training - Deutschkolleg Stuttgart","og_description":"Im Kurs TestDaf-Training \u00fcben Sie alle Pr\u00fcfungsteile der TestDaF-Pr\u00fcfung mit zahlreichen, authentischen Pr\u00fcfungsbeispielen.","og_url":"https:\/\/deutschkurs-stuttgart.de\/de\/deutschkurs-testdaf-in-stuttgart\/","og_site_name":"Deutschkolleg Stuttgart","article_publisher":"https:\/\/www.facebook.com\/DeutschkollegStuttgart","article_modified_time":"2026-03-05T07:42:59+00:00","twitter_card":"summary_large_image","twitter_misc":{"Gesch\u00e4tzte Lesezeit":"2\u00a0Minuten"},"schema":{"@context":"https:\/\/schema.org","@graph":[{"@type":"WebPage","@id":"https:\/\/deutschkurs-stuttgart.de\/de\/deutschkurs-testdaf-in-stuttgart\/","url":"https:\/\/deutschkurs-stuttgart.de\/de\/deutschkurs-testdaf-in-stuttgart\/","name":"TestDaF-Training - Deutschkolleg Stuttgart","isPartOf":{"@id":"https:\/\/deutschkurs-stuttgart.de\/de\/#website"},"datePublished":"2019-05-15T09:24:01+00:00","dateModified":"2026-03-05T07:42:59+00:00","description":"Im Kurs TestDaf-Training \u00fcben Sie alle Pr\u00fcfungsteile der TestDaF-Pr\u00fcfung mit zahlreichen, authentischen Pr\u00fcfungsbeispielen.","breadcrumb":{"@id":"https:\/\/deutschkurs-stuttgart.de\/de\/deutschkurs-testdaf-in-stuttgart\/#breadcrumb"},"inLanguage":"de","potentialAction":[{"@type":"ReadAction","target":["https:\/\/deutschkurs-stuttgart.de\/de\/deutschkurs-testdaf-in-stuttgart\/"]}]},{"@type":"BreadcrumbList","@id":"https:\/\/deutschkurs-stuttgart.de\/de\/deutschkurs-testdaf-in-stuttgart\/#breadcrumb","itemListElement":[{"@type":"ListItem","position":1,"name":"Startseite","item":"https:\/\/deutschkurs-stuttgart.de\/de\/deutschkolleg-stuttgart\/"},{"@type":"ListItem","position":2,"name":"TestDaF-Training"}]},{"@type":"WebSite","@id":"https:\/\/deutschkurs-stuttgart.de\/de\/#website","url":"https:\/\/deutschkurs-stuttgart.de\/de\/","name":"Deutschkolleg Stuttgart","description":"Schnell und effektiv Deutsch f\u00fcr Studium und Beruf lernen","publisher":{"@id":"https:\/\/deutschkurs-stuttgart.de\/de\/#organization"},"potentialAction":[{"@type":"SearchAction","target":{"@type":"EntryPoint","urlTemplate":"https:\/\/deutschkurs-stuttgart.de\/de\/?s={search_term_string}"},"query-input":{"@type":"PropertyValueSpecification","valueRequired":true,"valueName":"search_term_string"}}],"inLanguage":"de"},{"@type":"Organization","@id":"https:\/\/deutschkurs-stuttgart.de\/de\/#organization","name":"Deutschkolleg Stuttgart","url":"https:\/\/deutschkurs-stuttgart.de\/de\/","logo":{"@type":"ImageObject","inLanguage":"de","@id":"https:\/\/deutschkurs-stuttgart.de\/de\/#\/schema\/logo\/image\/","url":"https:\/\/deutschkurs-stuttgart.de\/wp-content\/uploads\/2019\/05\/DK-Logo.png","contentUrl":"https:\/\/deutschkurs-stuttgart.de\/wp-content\/uploads\/2019\/05\/DK-Logo.png","width":200,"height":152,"caption":"Deutschkolleg Stuttgart"},"image":{"@id":"https:\/\/deutschkurs-stuttgart.de\/de\/#\/schema\/logo\/image\/"},"sameAs":["https:\/\/www.facebook.com\/DeutschkollegStuttgart","https:\/\/www.instagram.com\/deutschkolleg.stuttgart\/"]}]}},"_links":{"self":[{"href":"https:\/\/deutschkurs-stuttgart.de\/de\/wp-json\/wp\/v2\/pages\/655","targetHints":{"allow":["GET"]}}],"collection":[{"href":"https:\/\/deutschkurs-stuttgart.de\/de\/wp-json\/wp\/v2\/pages"}],"about":[{"href":"https:\/\/deutschkurs-stuttgart.de\/de\/wp-json\/wp\/v2\/types\/page"}],"author":[{"embeddable":true,"href":"https:\/\/deutschkurs-stuttgart.de\/de\/wp-json\/wp\/v2\/users\/4"}],"replies":[{"embeddable":true,"href":"https:\/\/deutschkurs-stuttgart.de\/de\/wp-json\/wp\/v2\/comments?post=655"}],"version-history":[{"count":64,"href":"https:\/\/deutschkurs-stuttgart.de\/de\/wp-json\/wp\/v2\/pages\/655\/revisions"}],"predecessor-version":[{"id":5842,"href":"https:\/\/deutschkurs-stuttgart.de\/de\/wp-json\/wp\/v2\/pages\/655\/revisions\/5842"}],"wp:attachment":[{"href":"https:\/\/deutschkurs-stuttgart.de\/de\/wp-json\/wp\/v2\/media?parent=655"}],"curies":[{"name":"wp","href":"https:\/\/api.w.org\/{rel}","templated":true}]}}