{"id":651,"date":"2019-05-15T09:18:36","date_gmt":"2019-05-15T09:18:36","guid":{"rendered":"https:\/\/deutschkurs-stuttgart.de\/?page_id=651"},"modified":"2023-02-01T10:48:20","modified_gmt":"2023-02-01T09:48:20","slug":"deutschkurs-c1-intensiv","status":"publish","type":"page","link":"https:\/\/deutschkurs-stuttgart.de\/de\/deutschkurs-c1-intensiv\/","title":{"rendered":"Deutschkurs C1"},"content":{"rendered":"\n<style type=\"text\/css\" data-created_by=\"avia_inline_auto\" id=\"style-css-av-3rrgo-3986381b43d68a2e4a3023b63e16e4b5\">\n.flex_column.av-3rrgo-3986381b43d68a2e4a3023b63e16e4b5{\nborder-radius:0px 0px 0px 0px;\npadding:0px 0px 0px 0px;\n}\n<\/style>\n<div  class='flex_column av-3rrgo-3986381b43d68a2e4a3023b63e16e4b5 av_one_full  avia-builder-el-0  el_before_av_one_full  avia-builder-el-first  first flex_column_div av-zero-column-padding  '     ><style type=\"text\/css\" data-created_by=\"avia_inline_auto\" id=\"style-css-av-bmkej-90daad74305b145019f3a846df97019b\">\n.avia-image-container.av-bmkej-90daad74305b145019f3a846df97019b img.avia_image{\nbox-shadow:none;\n}\n.avia-image-container.av-bmkej-90daad74305b145019f3a846df97019b .av-image-caption-overlay-center{\ncolor:#ffffff;\n}\n<\/style>\n<div  class='avia-image-container av-bmkej-90daad74305b145019f3a846df97019b av-styling- avia-align-center  avia-builder-el-1  avia-builder-el-no-sibling '   itemprop=\"image\" itemscope=\"itemscope\" itemtype=\"https:\/\/schema.org\/ImageObject\" ><div class=\"avia-image-container-inner\"><div class=\"avia-image-overlay-wrap\"><img decoding=\"async\" fetchpriority=\"high\" class='wp-image-825 avia-img-lazy-loading-not-825 avia_image ' src=\"https:\/\/deutschkurs-stuttgart.de\/wp-content\/uploads\/2019\/05\/deutschkurs-in-stuttgart-c1-1500x573.jpg\" alt='Deutschkurs C1 in Stuttgart' title='Deutschkurs C1 in Stuttgart'  height=\"573\" width=\"1500\"  itemprop=\"thumbnailUrl\" srcset=\"https:\/\/deutschkurs-stuttgart.de\/wp-content\/uploads\/2019\/05\/deutschkurs-in-stuttgart-c1.jpg 1500w, https:\/\/deutschkurs-stuttgart.de\/wp-content\/uploads\/2019\/05\/deutschkurs-in-stuttgart-c1-300x115.jpg 300w, https:\/\/deutschkurs-stuttgart.de\/wp-content\/uploads\/2019\/05\/deutschkurs-in-stuttgart-c1-768x293.jpg 768w, https:\/\/deutschkurs-stuttgart.de\/wp-content\/uploads\/2019\/05\/deutschkurs-in-stuttgart-c1-1030x393.jpg 1030w, https:\/\/deutschkurs-stuttgart.de\/wp-content\/uploads\/2019\/05\/deutschkurs-in-stuttgart-c1-705x269.jpg 705w, https:\/\/deutschkurs-stuttgart.de\/wp-content\/uploads\/2019\/05\/deutschkurs-in-stuttgart-c1-450x172.jpg 450w\" sizes=\"(max-width: 1500px) 100vw, 1500px\" \/><\/div><\/div><\/div><\/div>\n\n<style type=\"text\/css\" data-created_by=\"avia_inline_auto\" id=\"style-css-av-1qm7g-bcac57a836483b768a5e28c4a7613286\">\n.flex_column.av-1qm7g-bcac57a836483b768a5e28c4a7613286{\nborder-radius:0px 0px 0px 0px;\npadding:0px 0px 0px 0px;\n}\n<\/style>\n<div  class='flex_column av-1qm7g-bcac57a836483b768a5e28c4a7613286 av_one_full  avia-builder-el-2  el_after_av_one_full  avia-builder-el-last  first flex_column_div av-zero-column-padding  column-top-margin'     ><section  class='av_textblock_section av-jtri1aed-aa76bc42c903f286ad3ae6604dc0417b '   itemscope=\"itemscope\" itemtype=\"https:\/\/schema.org\/CreativeWork\" ><div class='avia_textblock'  itemprop=\"text\" ><h1>Deutschkurs C1 intensiv<\/h1>\n<\/div><\/section><br \/>\n\n<style type=\"text\/css\" data-created_by=\"avia_inline_auto\" id=\"style-css-av-juutyfrg-f2a55e626120034cf59f28e3130d42c9\">\n#top .hr.hr-invisible.av-juutyfrg-f2a55e626120034cf59f28e3130d42c9{\nheight:20px;\n}\n<\/style>\n<div  class='hr av-juutyfrg-f2a55e626120034cf59f28e3130d42c9 hr-invisible  avia-builder-el-4  el_after_av_textblock  el_before_av_textblock '><span class='hr-inner '><span class=\"hr-inner-style\"><\/span><\/span><\/div><br \/>\n<section  class='av_textblock_section av-juuu9nh3-8bfe21a55629f98900311d2f7760a3cd '   itemscope=\"itemscope\" itemtype=\"https:\/\/schema.org\/CreativeWork\" ><div class='avia_textblock'  itemprop=\"text\" ><h2>Diskutieren Sie mit!<\/h2>\n<p>In der Kursstufe C1 sind Sie mit der deutschen Sprache schon sehr gut vertraut. Jetzt gilt es komplexe Texte und Satzstrukturen zu verstehen.<\/p>\n<p>Sie lernen Ihre Gedanken zu anspruchsvollen Themen fundiert zu \u00e4u\u00dfern &#8211; Sie argumentieren, vertreten Ihre Meinung und beurteilen den Standpunkt anderer.<\/p>\n<h2>Niveaubeschreibung GER<\/h2>\n<p><a href=\"https:\/\/deutschkurs-stuttgart.de\/wp-content\/uploads\/2020\/06\/Globalskala-Gemeinsamer-Europ\u00e4ischer-Referenzrahmen-f\u00fcr-Sprachen.pdf\">Globalskala &#8211; Gemeinsamer Europ\u00e4ischer Referenzrahmen f\u00fcr Sprachen<\/a><\/p>\n<h2>Deutschkurs C1 intensiv auf einen Blick<\/h2>\n<p>&#8211; Vorkenntnisse: anerkanntes Zeugnis B2-2 oder <a href=\"https:\/\/deutschkurs-stuttgart.de\/de\/deutschkurs-einstufung-niveau\/\">Einstufungstest<\/a><br \/>\n&#8211; Kursdauer: 6 Wochen<br \/>\n&#8211; 25 Unterrichtsstunden pro Woche von Montag bis Freitag<br \/>\n&#8211; internationale Gruppe (ca. 18 Teilnehmer)<br \/>\n&#8211; Lehrmaterial + Zeugnis im Preis enthalten<br \/>\n&#8211; kostenlose <a href=\"https:\/\/deutschkurs-stuttgart.de\/de\/deutschkurs-einstufung-niveau\/\">Einstufung<\/a><\/p>\n<h2>Termine und Preise<\/h2>\n<p><a href=\"https:\/\/deutschkurs-stuttgart.de\/de\/deutschkurse-preise-und-termine\/\">Termine<\/a><br \/>\n<a href=\"https:\/\/deutschkurs-stuttgart.de\/de\/deutschkurse-preise-und-termine\/\">Preise<\/a><\/p>\n<h2>Anmeldung<\/h2>\n<p>Zur <a href=\"https:\/\/deutschkurs-stuttgart.de\/de\/anmeldung\/\">Online-Anmeldung<\/a><\/p>\n<h2>Haben Sie Fragen?<\/h2>\n<p>Rufen Sie uns an: <a href=\"tel:+49-711-687068-18\">+49-711-687068-18<\/a><br \/>\nSchreiben Sie uns: <a href=\"mailto:info@deutschkolleg-stuttgart.de\">info@deutschkolleg-stuttgart.de<\/a><br \/>\nKommen Sie zu uns: <a href=\"https:\/\/deutschkurs-stuttgart.de\/de\/deutschkolleg-stuttgart-anfahrt\/\">Deutschkursb\u00fcro<\/a><\/p>\n<p><a href=\"https:\/\/deutschkurs-stuttgart.de\/de\/deutschkurse\/\">Alle Deutschkurse<\/a><br \/>\n<a href=\"https:\/\/deutschkurs-stuttgart.de\/de\/deutschkolleg-stuttgart-kontakt\/\">Kontakt<\/a><\/p>\n<h3>Tipp:<\/h3>\n<p>Sie sind jetzt sprachlich fit f\u00fcr das Alltags- und Berufsleben in Deutschland. F\u00fcr die TestDaF-Pr\u00fcfung empfehlen wir unseren TestDaF-Trainingskurs.<\/p>\n<\/div><\/section><\/p><\/div>\n","protected":false},"excerpt":{"rendered":"","protected":false},"author":4,"featured_media":0,"parent":0,"menu_order":0,"comment_status":"closed","ping_status":"closed","template":"","meta":{"footnotes":""},"class_list":["post-651","page","type-page","status-publish","hentry"],"yoast_head":"<!-- This site is optimized with the Yoast SEO plugin v26.4 - https:\/\/yoast.com\/wordpress\/plugins\/seo\/ -->\n<title>Deutschkurs C1 - Deutschkolleg Stuttgart<\/title>\n<meta name=\"description\" content=\"Im Deutschkurs C.1 gilt es komplexe Texte zu verstehen, Ihre Gedanken zu anspruchsvollen Themen zu formulieren und Ihre Meinung zu vertreten.\" \/>\n<meta name=\"robots\" content=\"index, follow, max-snippet:-1, max-image-preview:large, max-video-preview:-1\" \/>\n<link rel=\"canonical\" href=\"https:\/\/deutschkurs-stuttgart.de\/de\/deutschkurs-c1-intensiv\/\" \/>\n<meta property=\"og:locale\" content=\"de_DE\" \/>\n<meta property=\"og:type\" content=\"article\" \/>\n<meta property=\"og:title\" content=\"Deutschkurs C1 - Deutschkolleg Stuttgart\" \/>\n<meta property=\"og:description\" content=\"Im Deutschkurs C.1 gilt es komplexe Texte zu verstehen, Ihre Gedanken zu anspruchsvollen Themen zu formulieren und Ihre Meinung zu vertreten.\" \/>\n<meta property=\"og:url\" content=\"https:\/\/deutschkurs-stuttgart.de\/de\/deutschkurs-c1-intensiv\/\" \/>\n<meta property=\"og:site_name\" content=\"Deutschkolleg Stuttgart\" \/>\n<meta property=\"article:publisher\" content=\"https:\/\/www.facebook.com\/DeutschkollegStuttgart\" \/>\n<meta property=\"article:modified_time\" content=\"2023-02-01T09:48:20+00:00\" \/>\n<meta name=\"twitter:card\" content=\"summary_large_image\" \/>\n<meta name=\"twitter:label1\" content=\"Gesch\u00e4tzte Lesezeit\" \/>\n\t<meta name=\"twitter:data1\" content=\"2\u00a0Minuten\" \/>\n<script type=\"application\/ld+json\" class=\"yoast-schema-graph\">{\"@context\":\"https:\/\/schema.org\",\"@graph\":[{\"@type\":\"WebPage\",\"@id\":\"https:\/\/deutschkurs-stuttgart.de\/de\/deutschkurs-c1-intensiv\/\",\"url\":\"https:\/\/deutschkurs-stuttgart.de\/de\/deutschkurs-c1-intensiv\/\",\"name\":\"Deutschkurs C1 - Deutschkolleg Stuttgart\",\"isPartOf\":{\"@id\":\"https:\/\/deutschkurs-stuttgart.de\/de\/#website\"},\"datePublished\":\"2019-05-15T09:18:36+00:00\",\"dateModified\":\"2023-02-01T09:48:20+00:00\",\"description\":\"Im Deutschkurs C.1 gilt es komplexe Texte zu verstehen, Ihre Gedanken zu anspruchsvollen Themen zu formulieren und Ihre Meinung zu vertreten.\",\"breadcrumb\":{\"@id\":\"https:\/\/deutschkurs-stuttgart.de\/de\/deutschkurs-c1-intensiv\/#breadcrumb\"},\"inLanguage\":\"de\",\"potentialAction\":[{\"@type\":\"ReadAction\",\"target\":[\"https:\/\/deutschkurs-stuttgart.de\/de\/deutschkurs-c1-intensiv\/\"]}]},{\"@type\":\"BreadcrumbList\",\"@id\":\"https:\/\/deutschkurs-stuttgart.de\/de\/deutschkurs-c1-intensiv\/#breadcrumb\",\"itemListElement\":[{\"@type\":\"ListItem\",\"position\":1,\"name\":\"Startseite\",\"item\":\"https:\/\/deutschkurs-stuttgart.de\/de\/deutschkolleg-stuttgart\/\"},{\"@type\":\"ListItem\",\"position\":2,\"name\":\"Deutschkurs C1\"}]},{\"@type\":\"WebSite\",\"@id\":\"https:\/\/deutschkurs-stuttgart.de\/de\/#website\",\"url\":\"https:\/\/deutschkurs-stuttgart.de\/de\/\",\"name\":\"Deutschkolleg Stuttgart\",\"description\":\"Schnell und effektiv Deutsch f\u00fcr Studium und Beruf lernen\",\"publisher\":{\"@id\":\"https:\/\/deutschkurs-stuttgart.de\/de\/#organization\"},\"potentialAction\":[{\"@type\":\"SearchAction\",\"target\":{\"@type\":\"EntryPoint\",\"urlTemplate\":\"https:\/\/deutschkurs-stuttgart.de\/de\/?s={search_term_string}\"},\"query-input\":{\"@type\":\"PropertyValueSpecification\",\"valueRequired\":true,\"valueName\":\"search_term_string\"}}],\"inLanguage\":\"de\"},{\"@type\":\"Organization\",\"@id\":\"https:\/\/deutschkurs-stuttgart.de\/de\/#organization\",\"name\":\"Deutschkolleg Stuttgart\",\"url\":\"https:\/\/deutschkurs-stuttgart.de\/de\/\",\"logo\":{\"@type\":\"ImageObject\",\"inLanguage\":\"de\",\"@id\":\"https:\/\/deutschkurs-stuttgart.de\/de\/#\/schema\/logo\/image\/\",\"url\":\"https:\/\/deutschkurs-stuttgart.de\/wp-content\/uploads\/2019\/05\/DK-Logo.png\",\"contentUrl\":\"https:\/\/deutschkurs-stuttgart.de\/wp-content\/uploads\/2019\/05\/DK-Logo.png\",\"width\":200,\"height\":152,\"caption\":\"Deutschkolleg Stuttgart\"},\"image\":{\"@id\":\"https:\/\/deutschkurs-stuttgart.de\/de\/#\/schema\/logo\/image\/\"},\"sameAs\":[\"https:\/\/www.facebook.com\/DeutschkollegStuttgart\",\"https:\/\/www.instagram.com\/deutschkolleg.stuttgart\/\"]}]}<\/script>\n<!-- \/ Yoast SEO plugin. -->","yoast_head_json":{"title":"Deutschkurs C1 - Deutschkolleg Stuttgart","description":"Im Deutschkurs C.1 gilt es komplexe Texte zu verstehen, Ihre Gedanken zu anspruchsvollen Themen zu formulieren und Ihre Meinung zu vertreten.","robots":{"index":"index","follow":"follow","max-snippet":"max-snippet:-1","max-image-preview":"max-image-preview:large","max-video-preview":"max-video-preview:-1"},"canonical":"https:\/\/deutschkurs-stuttgart.de\/de\/deutschkurs-c1-intensiv\/","og_locale":"de_DE","og_type":"article","og_title":"Deutschkurs C1 - Deutschkolleg Stuttgart","og_description":"Im Deutschkurs C.1 gilt es komplexe Texte zu verstehen, Ihre Gedanken zu anspruchsvollen Themen zu formulieren und Ihre Meinung zu vertreten.","og_url":"https:\/\/deutschkurs-stuttgart.de\/de\/deutschkurs-c1-intensiv\/","og_site_name":"Deutschkolleg Stuttgart","article_publisher":"https:\/\/www.facebook.com\/DeutschkollegStuttgart","article_modified_time":"2023-02-01T09:48:20+00:00","twitter_card":"summary_large_image","twitter_misc":{"Gesch\u00e4tzte Lesezeit":"2\u00a0Minuten"},"schema":{"@context":"https:\/\/schema.org","@graph":[{"@type":"WebPage","@id":"https:\/\/deutschkurs-stuttgart.de\/de\/deutschkurs-c1-intensiv\/","url":"https:\/\/deutschkurs-stuttgart.de\/de\/deutschkurs-c1-intensiv\/","name":"Deutschkurs C1 - Deutschkolleg Stuttgart","isPartOf":{"@id":"https:\/\/deutschkurs-stuttgart.de\/de\/#website"},"datePublished":"2019-05-15T09:18:36+00:00","dateModified":"2023-02-01T09:48:20+00:00","description":"Im Deutschkurs C.1 gilt es komplexe Texte zu verstehen, Ihre Gedanken zu anspruchsvollen Themen zu formulieren und Ihre Meinung zu vertreten.","breadcrumb":{"@id":"https:\/\/deutschkurs-stuttgart.de\/de\/deutschkurs-c1-intensiv\/#breadcrumb"},"inLanguage":"de","potentialAction":[{"@type":"ReadAction","target":["https:\/\/deutschkurs-stuttgart.de\/de\/deutschkurs-c1-intensiv\/"]}]},{"@type":"BreadcrumbList","@id":"https:\/\/deutschkurs-stuttgart.de\/de\/deutschkurs-c1-intensiv\/#breadcrumb","itemListElement":[{"@type":"ListItem","position":1,"name":"Startseite","item":"https:\/\/deutschkurs-stuttgart.de\/de\/deutschkolleg-stuttgart\/"},{"@type":"ListItem","position":2,"name":"Deutschkurs C1"}]},{"@type":"WebSite","@id":"https:\/\/deutschkurs-stuttgart.de\/de\/#website","url":"https:\/\/deutschkurs-stuttgart.de\/de\/","name":"Deutschkolleg Stuttgart","description":"Schnell und effektiv Deutsch f\u00fcr Studium und Beruf lernen","publisher":{"@id":"https:\/\/deutschkurs-stuttgart.de\/de\/#organization"},"potentialAction":[{"@type":"SearchAction","target":{"@type":"EntryPoint","urlTemplate":"https:\/\/deutschkurs-stuttgart.de\/de\/?s={search_term_string}"},"query-input":{"@type":"PropertyValueSpecification","valueRequired":true,"valueName":"search_term_string"}}],"inLanguage":"de"},{"@type":"Organization","@id":"https:\/\/deutschkurs-stuttgart.de\/de\/#organization","name":"Deutschkolleg Stuttgart","url":"https:\/\/deutschkurs-stuttgart.de\/de\/","logo":{"@type":"ImageObject","inLanguage":"de","@id":"https:\/\/deutschkurs-stuttgart.de\/de\/#\/schema\/logo\/image\/","url":"https:\/\/deutschkurs-stuttgart.de\/wp-content\/uploads\/2019\/05\/DK-Logo.png","contentUrl":"https:\/\/deutschkurs-stuttgart.de\/wp-content\/uploads\/2019\/05\/DK-Logo.png","width":200,"height":152,"caption":"Deutschkolleg Stuttgart"},"image":{"@id":"https:\/\/deutschkurs-stuttgart.de\/de\/#\/schema\/logo\/image\/"},"sameAs":["https:\/\/www.facebook.com\/DeutschkollegStuttgart","https:\/\/www.instagram.com\/deutschkolleg.stuttgart\/"]}]}},"_links":{"self":[{"href":"https:\/\/deutschkurs-stuttgart.de\/de\/wp-json\/wp\/v2\/pages\/651","targetHints":{"allow":["GET"]}}],"collection":[{"href":"https:\/\/deutschkurs-stuttgart.de\/de\/wp-json\/wp\/v2\/pages"}],"about":[{"href":"https:\/\/deutschkurs-stuttgart.de\/de\/wp-json\/wp\/v2\/types\/page"}],"author":[{"embeddable":true,"href":"https:\/\/deutschkurs-stuttgart.de\/de\/wp-json\/wp\/v2\/users\/4"}],"replies":[{"embeddable":true,"href":"https:\/\/deutschkurs-stuttgart.de\/de\/wp-json\/wp\/v2\/comments?post=651"}],"version-history":[{"count":18,"href":"https:\/\/deutschkurs-stuttgart.de\/de\/wp-json\/wp\/v2\/pages\/651\/revisions"}],"predecessor-version":[{"id":4281,"href":"https:\/\/deutschkurs-stuttgart.de\/de\/wp-json\/wp\/v2\/pages\/651\/revisions\/4281"}],"wp:attachment":[{"href":"https:\/\/deutschkurs-stuttgart.de\/de\/wp-json\/wp\/v2\/media?parent=651"}],"curies":[{"name":"wp","href":"https:\/\/api.w.org\/{rel}","templated":true}]}}