{"id":61,"date":"2019-03-15T12:30:01","date_gmt":"2019-03-15T12:30:01","guid":{"rendered":"https:\/\/deutschkurs-stuttgart.de\/?page_id=61"},"modified":"2026-02-19T14:23:58","modified_gmt":"2026-02-19T13:23:58","slug":"testdaf","status":"publish","type":"page","link":"https:\/\/deutschkurs-stuttgart.de\/de\/testdaf\/","title":{"rendered":"TestDaF"},"content":{"rendered":"\n<style type=\"text\/css\" data-created_by=\"avia_inline_auto\" id=\"style-css-av-1pg31-fdb361b4d08846aaee375769c36958a7\">\n.flex_column.av-1pg31-fdb361b4d08846aaee375769c36958a7{\nborder-radius:0px 0px 0px 0px;\npadding:0px 0px 0px 0px;\n}\n<\/style>\n<div  class='flex_column av-1pg31-fdb361b4d08846aaee375769c36958a7 av_one_full  avia-builder-el-0  el_before_av_one_full  avia-builder-el-first  first flex_column_div av-zero-column-padding  '     ><style type=\"text\/css\" data-created_by=\"avia_inline_auto\" id=\"style-css-av-6gqr1-c1ee672762fe12da3703ca6a4ced247d\">\n.avia-image-container.av-6gqr1-c1ee672762fe12da3703ca6a4ced247d img.avia_image{\nbox-shadow:none;\n}\n.avia-image-container.av-6gqr1-c1ee672762fe12da3703ca6a4ced247d .av-image-caption-overlay-center{\ncolor:#ffffff;\n}\n<\/style>\n<div  class='avia-image-container av-6gqr1-c1ee672762fe12da3703ca6a4ced247d av-styling- avia-align-center  avia-builder-el-1  avia-builder-el-no-sibling '   itemprop=\"image\" itemscope=\"itemscope\" itemtype=\"https:\/\/schema.org\/ImageObject\" ><div class=\"avia-image-container-inner\"><div class=\"avia-image-overlay-wrap\"><img decoding=\"async\" fetchpriority=\"high\" class='wp-image-837 avia-img-lazy-loading-not-837 avia_image ' src=\"https:\/\/deutschkurs-stuttgart.de\/wp-content\/uploads\/2019\/05\/testdaf-in-stuttgart-1500x573.jpg\" alt='TestDaF-Pr\u00fcfung im Deutschkollegf' title='Allgemeine Infos zur TestDaF-Pr\u00fcfung'  height=\"573\" width=\"1500\"  itemprop=\"thumbnailUrl\" srcset=\"https:\/\/deutschkurs-stuttgart.de\/wp-content\/uploads\/2019\/05\/testdaf-in-stuttgart.jpg 1500w, https:\/\/deutschkurs-stuttgart.de\/wp-content\/uploads\/2019\/05\/testdaf-in-stuttgart-300x115.jpg 300w, https:\/\/deutschkurs-stuttgart.de\/wp-content\/uploads\/2019\/05\/testdaf-in-stuttgart-768x293.jpg 768w, https:\/\/deutschkurs-stuttgart.de\/wp-content\/uploads\/2019\/05\/testdaf-in-stuttgart-1030x393.jpg 1030w, https:\/\/deutschkurs-stuttgart.de\/wp-content\/uploads\/2019\/05\/testdaf-in-stuttgart-705x269.jpg 705w, https:\/\/deutschkurs-stuttgart.de\/wp-content\/uploads\/2019\/05\/testdaf-in-stuttgart-450x172.jpg 450w\" sizes=\"(max-width: 1500px) 100vw, 1500px\" \/><\/div><\/div><\/div><\/div>\n\n<style type=\"text\/css\" data-created_by=\"avia_inline_auto\" id=\"style-css-av-5megt-106a8d002c15091a6b99bfbfb8663769\">\n.flex_column.av-5megt-106a8d002c15091a6b99bfbfb8663769{\nborder-radius:0px 0px 0px 0px;\npadding:0px 0px 0px 0px;\n}\n<\/style>\n<div  class='flex_column av-5megt-106a8d002c15091a6b99bfbfb8663769 av_one_full  avia-builder-el-2  el_after_av_one_full  el_before_av_hr  first flex_column_div av-zero-column-padding  column-top-margin'     ><section  class='av_textblock_section av-jtsvldyy-7238328603dddcae51b3ac8ca29a8795 '   itemscope=\"itemscope\" itemtype=\"https:\/\/schema.org\/CreativeWork\" ><div class='avia_textblock'  itemprop=\"text\" ><h1>TestDaF-Pr\u00fcfung im Deutschkolleg<\/h1>\n<\/div><\/section><br \/>\n\n<style type=\"text\/css\" data-created_by=\"avia_inline_auto\" id=\"style-css-av-juuust5q-a99143170f08756ea3d01a2d5e559f70\">\n#top .hr.hr-invisible.av-juuust5q-a99143170f08756ea3d01a2d5e559f70{\nheight:20px;\n}\n<\/style>\n<div  class='hr av-juuust5q-a99143170f08756ea3d01a2d5e559f70 hr-invisible  avia-builder-el-4  el_after_av_textblock  el_before_av_textblock '><span class='hr-inner '><span class=\"hr-inner-style\"><\/span><\/span><\/div><br \/>\n<section  class='av_textblock_section av-jumndyz6-961d1f6d3747a33140a5132f27c748c8 '   itemscope=\"itemscope\" itemtype=\"https:\/\/schema.org\/CreativeWork\" ><div class='avia_textblock'  itemprop=\"text\" ><h2>TestDaF-Kurse<\/h2>\n<p>Informationen \u00fcber unsere Trainingskurse zur Vorbereitung auf die TestDaF-Pr\u00fcfung finden Sie hier:<\/p>\n<p><a href=\"https:\/\/deutschkurs-stuttgart.de\/de\/deutschkurs-testdaf-in-stuttgart\/\">TestDaF-Training<\/a><\/p>\n<h2>TestDaF-Pr\u00fcfung<\/h2>\n<p>Das Deutschkolleg Stuttgart ist ein lizenziertes TestDaF-Zentrum. Die Pr\u00fcfungstermine werden vom TestDaF-Institut festgelegt.<\/p>\n<p>Der TestDaF findet am Deutschkolleg 7 bis 8 mal im Jahr statt und ist kostenpflichtig (Pr\u00fcfungsgeb\u00fchr des TestDaF-Instituts).<br \/>\nSie k\u00f6nnen bei uns den digitalen oder den papierbasierten TestDaF ablegen.<\/p>\n<p>Aktuelle Informationen zum Ablauf der TestDaF-Pr\u00fcfung im Deutschkolleg finden Sie im Download-Bereich: <a href=\"https:\/\/deutschkurs-stuttgart.de\/de\/downloads\/\">Downloads<\/a><\/p>\n<h2>Termine der TestDaF-Pr\u00fcfung<\/h2>\n<p>Die TestDaF-Pr\u00fcfung findet an folgenden Terminen statt.<\/p>\n<h3>2026<\/h3>\n<p>20.01.2026 (digital)<br \/>\n03.03.2026 (digital)<br \/>\n21.04.2026 (digital)<br \/>\n19.05.2026 (papierbasiert)<br \/>\n09.07.2026 (papierbasiert)<br \/>\n25.08.2026 (digital)<br \/>\n15.10.2026 (papierbasiert)<br \/>\n12.11.2026 (digital)<\/p>\n<h3>2027<\/h3>\n<p>Die Pr\u00fcfungstermine sind noch nicht vom TestDaF-Institut ver\u00f6ffentlicht.<\/p>\n<h2>Pr\u00fcfungsgeb\u00fchr<\/h2>\n<p>Die Pr\u00fcfungsgeb\u00fchr f\u00fcr die TestDaF-Pr\u00fcfung betr\u00e4gt zur Zeit 210,-\u00a0 Euro (digital) oder 215,- Euro (papierpasiert).<\/p>\n<h2>Anmeldung zur TestDaF-Pr\u00fcfung<\/h2>\n<p>Ihre Anmeldung zur TestDaF-Pr\u00fcfung erfolgt in drei Schritten:<\/p>\n<p>1. Sie kontaktieren unser Deutschkurs-B\u00fcro.\u00a0<a href=\"https:\/\/deutschkurs-stuttgart.de\/de\/deutschkolleg-stuttgart-kontakt\/\">Kontakt<\/a><\/p>\n<p>2. Sie erhalten von uns eine Reservierungsnummer, mit der Sie sich auf der TestDaF-Webseite im Teilnehmerportal online anmelden k\u00f6nnen.<\/p>\n<p>3. Die Pr\u00fcfungsgeb\u00fchr bezahlen Sie bei der Anmeldung direkt ans TestDaF-Institut.<\/p>\n<p>Bitte beachten Sie die Anmeldefristen des TestDaF-Instituts:\u00a0<a href=\"https:\/\/www.testdaf.de\/de\/teilnehmende\/mein-testdaf\/testdaf-termine-und-anmeldung\/\" target=\"blank\" rel=\"noopener\">TestDaF &#8211; Pr\u00fcfungstermine und Anmeldefristen<\/a><\/p>\n<h2>Ihr TestDaF-Ergebnis<\/h2>\n<p>Ihr TestDaF-Ergebnis k\u00f6nnen Sie ca. 4 Wochen nach der Pr\u00fcfung \u00fcber das Teilnehmerportal des TestDaF-Instituts einsehen.<\/p>\n<p>Seit September 2020 erstellt das TestDaF-Institut nur noch digitale Zertifikate. Sie k\u00f6nnen ihr TestDaF-Zertifikat selbst im Teilnehmenden-Portal herunterladen und ausdrucken. Es werden ab sofort keine Zeugnisse mehr in Papierform versandt.<\/p>\n<h2>Allgemeine Informationen zu TestDaF<\/h2>\n<p>Hier erfahren Sie mehr \u00fcber TestDaF: <a href=\"https:\/\/deutschkurs-stuttgart.de\/de\/testdaf-in-stuttgart-infos\/\">Allgemeine Informationen zu TestDaF<\/a><\/p>\n<h2>Haben Sie Fragen?<\/h2>\n<p>Rufen Sie uns an: <a href=\"tel:+49-711-687068-18\">+49-711-687068-18<\/a><br \/>\nSchreiben Sie uns: <a href=\"mailto:info@deutschkolleg-stuttgart.de\">info@deutschkolleg-stuttgart.de<\/a><br \/>\nKommen Sie zu uns: <a href=\"https:\/\/deutschkurs-stuttgart.de\/de\/deutschkolleg-stuttgart-anfahrt\/\">Deutschkursb\u00fcro<\/a><\/p>\n<\/div><\/section><\/p><\/div>\n<style type=\"text\/css\" data-created_by=\"avia_inline_auto\" id=\"style-css-av-juuust5q-2-955cc17708ee3b22fc0a9dea91a3e721\">\n#top .hr.hr-invisible.av-juuust5q-2-955cc17708ee3b22fc0a9dea91a3e721{\nheight:35px;\n}\n<\/style>\n<div  class='hr av-juuust5q-2-955cc17708ee3b22fc0a9dea91a3e721 hr-invisible  avia-builder-el-6  el_after_av_one_full  el_before_av_hr '><span class='hr-inner '><span class=\"hr-inner-style\"><\/span><\/span><\/div><\/p>\n\n<style type=\"text\/css\" data-created_by=\"avia_inline_auto\" id=\"style-css-av-juuust5q-1-fc90da5d6af0457a59f2bfa0e5839083\">\n#top .hr.hr-invisible.av-juuust5q-1-fc90da5d6af0457a59f2bfa0e5839083{\nheight:35px;\n}\n<\/style>\n<div  class='hr av-juuust5q-1-fc90da5d6af0457a59f2bfa0e5839083 hr-invisible  avia-builder-el-7  el_after_av_hr  avia-builder-el-last '><span class='hr-inner '><span class=\"hr-inner-style\"><\/span><\/span><\/div>\n","protected":false},"excerpt":{"rendered":"","protected":false},"author":1,"featured_media":0,"parent":0,"menu_order":0,"comment_status":"closed","ping_status":"closed","template":"","meta":{"footnotes":""},"class_list":["post-61","page","type-page","status-publish","hentry"],"yoast_head":"<!-- This site is optimized with the Yoast SEO plugin v26.4 - https:\/\/yoast.com\/wordpress\/plugins\/seo\/ -->\n<title>TestDaF - Deutschkolleg Stuttgart<\/title>\n<meta name=\"description\" content=\"Das Deutschkolleg Stuttgart ist ein lizenziertes Zentrum f\u00fcr die TestDaF-Pr\u00fcfung. Das Deutschkolleg f\u00fchrt alle Pr\u00fcfungstermine durch.\" \/>\n<meta name=\"robots\" content=\"index, follow, max-snippet:-1, max-image-preview:large, max-video-preview:-1\" \/>\n<link rel=\"canonical\" href=\"https:\/\/deutschkurs-stuttgart.de\/de\/testdaf\/\" \/>\n<meta property=\"og:locale\" content=\"de_DE\" \/>\n<meta property=\"og:type\" content=\"article\" \/>\n<meta property=\"og:title\" content=\"TestDaF - Deutschkolleg Stuttgart\" \/>\n<meta property=\"og:description\" content=\"Das Deutschkolleg Stuttgart ist ein lizenziertes Zentrum f\u00fcr die TestDaF-Pr\u00fcfung. Das Deutschkolleg f\u00fchrt alle Pr\u00fcfungstermine durch.\" \/>\n<meta property=\"og:url\" content=\"https:\/\/deutschkurs-stuttgart.de\/de\/testdaf\/\" \/>\n<meta property=\"og:site_name\" content=\"Deutschkolleg Stuttgart\" \/>\n<meta property=\"article:publisher\" content=\"https:\/\/www.facebook.com\/DeutschkollegStuttgart\" \/>\n<meta property=\"article:modified_time\" content=\"2026-02-19T13:23:58+00:00\" \/>\n<meta name=\"twitter:card\" content=\"summary_large_image\" \/>\n<meta name=\"twitter:label1\" content=\"Gesch\u00e4tzte Lesezeit\" \/>\n\t<meta name=\"twitter:data1\" content=\"3\u00a0Minuten\" \/>\n<script type=\"application\/ld+json\" class=\"yoast-schema-graph\">{\"@context\":\"https:\/\/schema.org\",\"@graph\":[{\"@type\":\"WebPage\",\"@id\":\"https:\/\/deutschkurs-stuttgart.de\/de\/testdaf\/\",\"url\":\"https:\/\/deutschkurs-stuttgart.de\/de\/testdaf\/\",\"name\":\"TestDaF - Deutschkolleg Stuttgart\",\"isPartOf\":{\"@id\":\"https:\/\/deutschkurs-stuttgart.de\/de\/#website\"},\"datePublished\":\"2019-03-15T12:30:01+00:00\",\"dateModified\":\"2026-02-19T13:23:58+00:00\",\"description\":\"Das Deutschkolleg Stuttgart ist ein lizenziertes Zentrum f\u00fcr die TestDaF-Pr\u00fcfung. Das Deutschkolleg f\u00fchrt alle Pr\u00fcfungstermine durch.\",\"breadcrumb\":{\"@id\":\"https:\/\/deutschkurs-stuttgart.de\/de\/testdaf\/#breadcrumb\"},\"inLanguage\":\"de\",\"potentialAction\":[{\"@type\":\"ReadAction\",\"target\":[\"https:\/\/deutschkurs-stuttgart.de\/de\/testdaf\/\"]}]},{\"@type\":\"BreadcrumbList\",\"@id\":\"https:\/\/deutschkurs-stuttgart.de\/de\/testdaf\/#breadcrumb\",\"itemListElement\":[{\"@type\":\"ListItem\",\"position\":1,\"name\":\"Startseite\",\"item\":\"https:\/\/deutschkurs-stuttgart.de\/de\/deutschkolleg-stuttgart\/\"},{\"@type\":\"ListItem\",\"position\":2,\"name\":\"TestDaF\"}]},{\"@type\":\"WebSite\",\"@id\":\"https:\/\/deutschkurs-stuttgart.de\/de\/#website\",\"url\":\"https:\/\/deutschkurs-stuttgart.de\/de\/\",\"name\":\"Deutschkolleg Stuttgart\",\"description\":\"Schnell und effektiv Deutsch f\u00fcr Studium und Beruf lernen\",\"publisher\":{\"@id\":\"https:\/\/deutschkurs-stuttgart.de\/de\/#organization\"},\"potentialAction\":[{\"@type\":\"SearchAction\",\"target\":{\"@type\":\"EntryPoint\",\"urlTemplate\":\"https:\/\/deutschkurs-stuttgart.de\/de\/?s={search_term_string}\"},\"query-input\":{\"@type\":\"PropertyValueSpecification\",\"valueRequired\":true,\"valueName\":\"search_term_string\"}}],\"inLanguage\":\"de\"},{\"@type\":\"Organization\",\"@id\":\"https:\/\/deutschkurs-stuttgart.de\/de\/#organization\",\"name\":\"Deutschkolleg Stuttgart\",\"url\":\"https:\/\/deutschkurs-stuttgart.de\/de\/\",\"logo\":{\"@type\":\"ImageObject\",\"inLanguage\":\"de\",\"@id\":\"https:\/\/deutschkurs-stuttgart.de\/de\/#\/schema\/logo\/image\/\",\"url\":\"https:\/\/deutschkurs-stuttgart.de\/wp-content\/uploads\/2019\/05\/DK-Logo.png\",\"contentUrl\":\"https:\/\/deutschkurs-stuttgart.de\/wp-content\/uploads\/2019\/05\/DK-Logo.png\",\"width\":200,\"height\":152,\"caption\":\"Deutschkolleg Stuttgart\"},\"image\":{\"@id\":\"https:\/\/deutschkurs-stuttgart.de\/de\/#\/schema\/logo\/image\/\"},\"sameAs\":[\"https:\/\/www.facebook.com\/DeutschkollegStuttgart\",\"https:\/\/www.instagram.com\/deutschkolleg.stuttgart\/\"]}]}<\/script>\n<!-- \/ Yoast SEO plugin. -->","yoast_head_json":{"title":"TestDaF - Deutschkolleg Stuttgart","description":"Das Deutschkolleg Stuttgart ist ein lizenziertes Zentrum f\u00fcr die TestDaF-Pr\u00fcfung. Das Deutschkolleg f\u00fchrt alle Pr\u00fcfungstermine durch.","robots":{"index":"index","follow":"follow","max-snippet":"max-snippet:-1","max-image-preview":"max-image-preview:large","max-video-preview":"max-video-preview:-1"},"canonical":"https:\/\/deutschkurs-stuttgart.de\/de\/testdaf\/","og_locale":"de_DE","og_type":"article","og_title":"TestDaF - Deutschkolleg Stuttgart","og_description":"Das Deutschkolleg Stuttgart ist ein lizenziertes Zentrum f\u00fcr die TestDaF-Pr\u00fcfung. Das Deutschkolleg f\u00fchrt alle Pr\u00fcfungstermine durch.","og_url":"https:\/\/deutschkurs-stuttgart.de\/de\/testdaf\/","og_site_name":"Deutschkolleg Stuttgart","article_publisher":"https:\/\/www.facebook.com\/DeutschkollegStuttgart","article_modified_time":"2026-02-19T13:23:58+00:00","twitter_card":"summary_large_image","twitter_misc":{"Gesch\u00e4tzte Lesezeit":"3\u00a0Minuten"},"schema":{"@context":"https:\/\/schema.org","@graph":[{"@type":"WebPage","@id":"https:\/\/deutschkurs-stuttgart.de\/de\/testdaf\/","url":"https:\/\/deutschkurs-stuttgart.de\/de\/testdaf\/","name":"TestDaF - Deutschkolleg Stuttgart","isPartOf":{"@id":"https:\/\/deutschkurs-stuttgart.de\/de\/#website"},"datePublished":"2019-03-15T12:30:01+00:00","dateModified":"2026-02-19T13:23:58+00:00","description":"Das Deutschkolleg Stuttgart ist ein lizenziertes Zentrum f\u00fcr die TestDaF-Pr\u00fcfung. Das Deutschkolleg f\u00fchrt alle Pr\u00fcfungstermine durch.","breadcrumb":{"@id":"https:\/\/deutschkurs-stuttgart.de\/de\/testdaf\/#breadcrumb"},"inLanguage":"de","potentialAction":[{"@type":"ReadAction","target":["https:\/\/deutschkurs-stuttgart.de\/de\/testdaf\/"]}]},{"@type":"BreadcrumbList","@id":"https:\/\/deutschkurs-stuttgart.de\/de\/testdaf\/#breadcrumb","itemListElement":[{"@type":"ListItem","position":1,"name":"Startseite","item":"https:\/\/deutschkurs-stuttgart.de\/de\/deutschkolleg-stuttgart\/"},{"@type":"ListItem","position":2,"name":"TestDaF"}]},{"@type":"WebSite","@id":"https:\/\/deutschkurs-stuttgart.de\/de\/#website","url":"https:\/\/deutschkurs-stuttgart.de\/de\/","name":"Deutschkolleg Stuttgart","description":"Schnell und effektiv Deutsch f\u00fcr Studium und Beruf lernen","publisher":{"@id":"https:\/\/deutschkurs-stuttgart.de\/de\/#organization"},"potentialAction":[{"@type":"SearchAction","target":{"@type":"EntryPoint","urlTemplate":"https:\/\/deutschkurs-stuttgart.de\/de\/?s={search_term_string}"},"query-input":{"@type":"PropertyValueSpecification","valueRequired":true,"valueName":"search_term_string"}}],"inLanguage":"de"},{"@type":"Organization","@id":"https:\/\/deutschkurs-stuttgart.de\/de\/#organization","name":"Deutschkolleg Stuttgart","url":"https:\/\/deutschkurs-stuttgart.de\/de\/","logo":{"@type":"ImageObject","inLanguage":"de","@id":"https:\/\/deutschkurs-stuttgart.de\/de\/#\/schema\/logo\/image\/","url":"https:\/\/deutschkurs-stuttgart.de\/wp-content\/uploads\/2019\/05\/DK-Logo.png","contentUrl":"https:\/\/deutschkurs-stuttgart.de\/wp-content\/uploads\/2019\/05\/DK-Logo.png","width":200,"height":152,"caption":"Deutschkolleg Stuttgart"},"image":{"@id":"https:\/\/deutschkurs-stuttgart.de\/de\/#\/schema\/logo\/image\/"},"sameAs":["https:\/\/www.facebook.com\/DeutschkollegStuttgart","https:\/\/www.instagram.com\/deutschkolleg.stuttgart\/"]}]}},"_links":{"self":[{"href":"https:\/\/deutschkurs-stuttgart.de\/de\/wp-json\/wp\/v2\/pages\/61","targetHints":{"allow":["GET"]}}],"collection":[{"href":"https:\/\/deutschkurs-stuttgart.de\/de\/wp-json\/wp\/v2\/pages"}],"about":[{"href":"https:\/\/deutschkurs-stuttgart.de\/de\/wp-json\/wp\/v2\/types\/page"}],"author":[{"embeddable":true,"href":"https:\/\/deutschkurs-stuttgart.de\/de\/wp-json\/wp\/v2\/users\/1"}],"replies":[{"embeddable":true,"href":"https:\/\/deutschkurs-stuttgart.de\/de\/wp-json\/wp\/v2\/comments?post=61"}],"version-history":[{"count":100,"href":"https:\/\/deutschkurs-stuttgart.de\/de\/wp-json\/wp\/v2\/pages\/61\/revisions"}],"predecessor-version":[{"id":5810,"href":"https:\/\/deutschkurs-stuttgart.de\/de\/wp-json\/wp\/v2\/pages\/61\/revisions\/5810"}],"wp:attachment":[{"href":"https:\/\/deutschkurs-stuttgart.de\/de\/wp-json\/wp\/v2\/media?parent=61"}],"curies":[{"name":"wp","href":"https:\/\/api.w.org\/{rel}","templated":true}]}}