{"id":55,"date":"2019-03-15T12:28:38","date_gmt":"2019-03-15T12:28:38","guid":{"rendered":"https:\/\/deutschkurs-stuttgart.de\/?page_id=55"},"modified":"2026-02-23T12:55:01","modified_gmt":"2026-02-23T11:55:01","slug":"deutschkurse-preise-und-termine","status":"publish","type":"page","link":"https:\/\/deutschkurs-stuttgart.de\/de\/deutschkurse-preise-und-termine\/","title":{"rendered":"Preise und Termine"},"content":{"rendered":"\n<style type=\"text\/css\" data-created_by=\"avia_inline_auto\" id=\"style-css-av-25xwn-437d081c94fc1a54dd6947e2a9569806\">\n.flex_column.av-25xwn-437d081c94fc1a54dd6947e2a9569806{\nborder-radius:0px 0px 0px 0px;\npadding:0px 0px 0px 0px;\n}\n<\/style>\n<div  class='flex_column av-25xwn-437d081c94fc1a54dd6947e2a9569806 av_one_full  avia-builder-el-0  el_before_av_one_full  avia-builder-el-first  first flex_column_div av-zero-column-padding  '     ><style type=\"text\/css\" data-created_by=\"avia_inline_auto\" id=\"style-css-av-jtq3ijwq-18d84b1ff098132fb093c2b4663a71a3\">\n.avia-image-container.av-jtq3ijwq-18d84b1ff098132fb093c2b4663a71a3 img.avia_image{\nbox-shadow:none;\n}\n.avia-image-container.av-jtq3ijwq-18d84b1ff098132fb093c2b4663a71a3 .av-image-caption-overlay-center{\ncolor:#ffffff;\nfont-size:27px;\n}\n<\/style>\n<div  class='avia-image-container av-jtq3ijwq-18d84b1ff098132fb093c2b4663a71a3 av-styling- avia-align-center  avia-builder-el-1  avia-builder-el-no-sibling '   itemprop=\"image\" itemscope=\"itemscope\" itemtype=\"https:\/\/schema.org\/ImageObject\" ><div class=\"avia-image-container-inner\"><div class=\"avia-image-overlay-wrap\"><img decoding=\"async\" fetchpriority=\"high\" class='wp-image-831 avia-img-lazy-loading-not-831 avia_image ' src=\"https:\/\/deutschkurs-stuttgart.de\/wp-content\/uploads\/2019\/05\/deutschkurs-in-stuttgart-termin-und-preis-1500x573.jpg\" alt='Alle aktuellen Termine und Preise der Deutschkurse im Deutschkolleg Stuttgart.' title='Deutschkurs im Deutschkolleg Stuttgart - Termine und Preise'  height=\"573\" width=\"1500\"  itemprop=\"thumbnailUrl\" srcset=\"https:\/\/deutschkurs-stuttgart.de\/wp-content\/uploads\/2019\/05\/deutschkurs-in-stuttgart-termin-und-preis.jpg 1500w, https:\/\/deutschkurs-stuttgart.de\/wp-content\/uploads\/2019\/05\/deutschkurs-in-stuttgart-termin-und-preis-300x115.jpg 300w, https:\/\/deutschkurs-stuttgart.de\/wp-content\/uploads\/2019\/05\/deutschkurs-in-stuttgart-termin-und-preis-768x293.jpg 768w, https:\/\/deutschkurs-stuttgart.de\/wp-content\/uploads\/2019\/05\/deutschkurs-in-stuttgart-termin-und-preis-1030x393.jpg 1030w, https:\/\/deutschkurs-stuttgart.de\/wp-content\/uploads\/2019\/05\/deutschkurs-in-stuttgart-termin-und-preis-705x269.jpg 705w, https:\/\/deutschkurs-stuttgart.de\/wp-content\/uploads\/2019\/05\/deutschkurs-in-stuttgart-termin-und-preis-450x172.jpg 450w\" sizes=\"(max-width: 1500px) 100vw, 1500px\" \/><\/div><\/div><\/div><\/div>\n\n<style type=\"text\/css\" data-created_by=\"avia_inline_auto\" id=\"style-css-av-1nibr-a02189610fbb63ae8d852c48c4ea5079\">\n.flex_column.av-1nibr-a02189610fbb63ae8d852c48c4ea5079{\nborder-radius:0px 0px 0px 0px;\npadding:0px 0px 0px 0px;\n}\n<\/style>\n<div  class='flex_column av-1nibr-a02189610fbb63ae8d852c48c4ea5079 av_one_full  avia-builder-el-2  el_after_av_one_full  el_before_av_one_full  first flex_column_div av-zero-column-padding  column-top-margin'     ><section  class='av_textblock_section av-slin-afd839289dba6a986baf6824553c26c9 '   itemscope=\"itemscope\" itemtype=\"https:\/\/schema.org\/CreativeWork\" ><div class='avia_textblock'  itemprop=\"text\" ><h1>Deutschkurse &#8211; Preise und Termine<\/h1>\n<\/div><\/section><\/div>\n\n<style type=\"text\/css\" data-created_by=\"avia_inline_auto\" id=\"style-css-av-3f7dr-ce6e8eee046daf9046fbc539bb8228c0\">\n.flex_column.av-3f7dr-ce6e8eee046daf9046fbc539bb8228c0{\nborder-radius:0px 0px 0px 0px;\npadding:0px 0px 0px 0px;\n}\n<\/style>\n<div  class='flex_column av-3f7dr-ce6e8eee046daf9046fbc539bb8228c0 av_one_full  avia-builder-el-4  el_after_av_one_full  avia-builder-el-last  first flex_column_div av-zero-column-padding  column-top-margin'     ><section  class='av_textblock_section av-jummz3t8-b9a2fbb693fd4ff817881cec70fde544 '   itemscope=\"itemscope\" itemtype=\"https:\/\/schema.org\/CreativeWork\" ><div class='avia_textblock'  itemprop=\"text\" ><h2>Die Preise unserer Deutschkurse<\/h2>\n<p>Vertrauen Sie uns: Das Deutschkolleg ist ein gemeinn\u00fctziger Verein ohne Gewinnorientierung. Wir bieten faire Gesch\u00e4ftsbedingungen. Unsere <a href=\"https:\/\/deutschkurs-stuttgart.de\/de\/deutschkurse\/\">Deutschkurse<\/a> haben ein sehr gutes Verh\u00e4ltnis von Preis, Leistung und Geschwindigkeit.<\/p>\n<p>Alle Deutschkurse dauern 6 Wochen \u00e1 25 Lektionen (=140 Lektionen \u00e1 45 Minuten).<\/p>\n<p>Preis f\u00fcr alle Intensivkurse:<\/p>\n<p><span style=\"color: #000000;\">\u00a0715 Euro (mit Treuerabatt: ab der 4. Buchung 695,- Euro\/Kurs)<\/span><span style=\"color: #ff0000;\"><br \/>\n<\/span><\/p>\n<p>inkl. Lehrmaterial, Zeugnis und Teilnahmebest\u00e4tigung<br \/>\nkeine Anmeldegeb\u00fchr<\/p>\n<p>(R\u00fccktritt\/Verschiebung: Bis zwei Wochen vor Beginn des Kurses m\u00f6glich, bei R\u00fccktritt 50,- Euro Geb\u00fchr)<\/p>\n<p>Melden Sie sich jetzt an! &#8211; Zur <a href=\"https:\/\/deutschkurs-stuttgart.de\/de\/anmeldung\/\">Online-Anmeldung<\/a><\/p>\n<h2>Unsere Termine<\/h2>\n<p>Termine und Preise f\u00fcr das TestDaF-Training siehe: <a href=\"https:\/\/deutschkurs-stuttgart.de\/de\/deutschkurs-testdaf-in-stuttgart\/\">TestDaF-Training<\/a><\/p>\n<p>Unsere Kurse beginnen jeweils auf allen Kursstufen.<\/p>\n<p>Anfangs- und Endtermine f\u00fcr unsere Deutschkurse A1, A2, B1, B2.1, B2.2, C1:<\/p>\n<h3>2026<\/h3>\n<p>07.01.2026 &#8211; 13.02.2026<br \/>\n16.02.2026 &#8211; 27.03.2026<br \/>\n30.03.2026 &#8211; 13.05.2026<br \/>\n20.05.2026 &#8211; 30.06.2026<br \/>\n01.07.2026 &#8211; 11.08.2026<br \/>\n18.08.2026 &#8211; 25.09.2026<br \/>\n28.09.2026 &#8211; 06.11.2026<br \/>\n09.11.2026 &#8211; 18.12.2026<\/p>\n<h3>2027<\/h3>\n<p>07.01.2027 -16.02.2027<br \/>\n18.02.2027 &#8211; 02.04.2027<br \/>\n05.04.2027 &#8211; 14.05.2027<br \/>\n18.05.2027 &#8211; 30.06.2027<br \/>\nDie Kursdaten f\u00fcr 2027 sind vorl\u00e4ufig und k\u00f6nnen sich noch um wenige Tage \u00e4ndern.<\/p>\n<p><strong>weitere Termine folgen!<\/strong><\/p>\n<h2>Unsere Unterrichtszeiten<\/h2>\n<p>vormittags: 9.00 &#8211; 13.15 Uhr oder nachmittags: 13.30 &#8211; 17.45 Uhr<\/p>\n<h2>Haben Sie Fragen?<\/h2>\n<p>Haben Sie Fragen zu unseren Preisen, Terminen oder Unterrichtszeiten? Kontaktieren Sie unser Deutschkurs-B\u00fcro:<\/p>\n<p>Tel: <a href=\"tel:+49-711-687068-18\">+49-711-687068-18<\/a><a href=\"tel:+49-711-687068-18\"><br \/>\n<\/a>E-Mail: <a href=\"mailto:info@deutschkolleg-stuttgart.de\">info@deutschkolleg-stuttgart.de<\/a><\/p>\n<h2>Melden Sie sich jetzt an!<\/h2>\n<p>Zur <a href=\"https:\/\/deutschkurs-stuttgart.de\/de\/anmeldung\/\">Online-Anmeldung<\/a><\/p>\n<p>Zu den Deutschkursen: <a href=\"https:\/\/deutschkurs-stuttgart.de\/de\/deutschkurse\/\"> Deutschkurse<\/a><\/p>\n<\/div><\/section><\/div>\n","protected":false},"excerpt":{"rendered":"","protected":false},"author":1,"featured_media":0,"parent":0,"menu_order":0,"comment_status":"closed","ping_status":"closed","template":"","meta":{"footnotes":""},"class_list":["post-55","page","type-page","status-publish","hentry"],"yoast_head":"<!-- This site is optimized with the Yoast SEO plugin v26.4 - https:\/\/yoast.com\/wordpress\/plugins\/seo\/ -->\n<title>Preise und Termine - Deutschkolleg Stuttgart<\/title>\n<meta name=\"description\" content=\"Unsere Deutschkurse beginnen 8x pro Jahr auf den allen Niveaustufen. Vergleichen Sie das Preis-Leistungs-Verh\u00e4ltnis unserer Deutschkurse.\" \/>\n<meta name=\"robots\" content=\"index, follow, max-snippet:-1, max-image-preview:large, max-video-preview:-1\" \/>\n<link rel=\"canonical\" href=\"https:\/\/deutschkurs-stuttgart.de\/de\/deutschkurse-preise-und-termine\/\" \/>\n<meta property=\"og:locale\" content=\"de_DE\" \/>\n<meta property=\"og:type\" content=\"article\" \/>\n<meta property=\"og:title\" content=\"Preise und Termine - Deutschkolleg Stuttgart\" \/>\n<meta property=\"og:description\" content=\"Unsere Deutschkurse beginnen 8x pro Jahr auf den allen Niveaustufen. Vergleichen Sie das Preis-Leistungs-Verh\u00e4ltnis unserer Deutschkurse.\" \/>\n<meta property=\"og:url\" content=\"https:\/\/deutschkurs-stuttgart.de\/de\/deutschkurse-preise-und-termine\/\" \/>\n<meta property=\"og:site_name\" content=\"Deutschkolleg Stuttgart\" \/>\n<meta property=\"article:publisher\" content=\"https:\/\/www.facebook.com\/DeutschkollegStuttgart\" \/>\n<meta property=\"article:modified_time\" content=\"2026-02-23T11:55:01+00:00\" \/>\n<meta name=\"twitter:card\" content=\"summary_large_image\" \/>\n<meta name=\"twitter:label1\" content=\"Gesch\u00e4tzte Lesezeit\" \/>\n\t<meta name=\"twitter:data1\" content=\"2\u00a0Minuten\" \/>\n<script type=\"application\/ld+json\" class=\"yoast-schema-graph\">{\"@context\":\"https:\/\/schema.org\",\"@graph\":[{\"@type\":\"WebPage\",\"@id\":\"https:\/\/deutschkurs-stuttgart.de\/de\/deutschkurse-preise-und-termine\/\",\"url\":\"https:\/\/deutschkurs-stuttgart.de\/de\/deutschkurse-preise-und-termine\/\",\"name\":\"Preise und Termine - Deutschkolleg Stuttgart\",\"isPartOf\":{\"@id\":\"https:\/\/deutschkurs-stuttgart.de\/de\/#website\"},\"datePublished\":\"2019-03-15T12:28:38+00:00\",\"dateModified\":\"2026-02-23T11:55:01+00:00\",\"description\":\"Unsere Deutschkurse beginnen 8x pro Jahr auf den allen Niveaustufen. Vergleichen Sie das Preis-Leistungs-Verh\u00e4ltnis unserer Deutschkurse.\",\"breadcrumb\":{\"@id\":\"https:\/\/deutschkurs-stuttgart.de\/de\/deutschkurse-preise-und-termine\/#breadcrumb\"},\"inLanguage\":\"de\",\"potentialAction\":[{\"@type\":\"ReadAction\",\"target\":[\"https:\/\/deutschkurs-stuttgart.de\/de\/deutschkurse-preise-und-termine\/\"]}]},{\"@type\":\"BreadcrumbList\",\"@id\":\"https:\/\/deutschkurs-stuttgart.de\/de\/deutschkurse-preise-und-termine\/#breadcrumb\",\"itemListElement\":[{\"@type\":\"ListItem\",\"position\":1,\"name\":\"Startseite\",\"item\":\"https:\/\/deutschkurs-stuttgart.de\/de\/deutschkolleg-stuttgart\/\"},{\"@type\":\"ListItem\",\"position\":2,\"name\":\"Preise und Termine\"}]},{\"@type\":\"WebSite\",\"@id\":\"https:\/\/deutschkurs-stuttgart.de\/de\/#website\",\"url\":\"https:\/\/deutschkurs-stuttgart.de\/de\/\",\"name\":\"Deutschkolleg Stuttgart\",\"description\":\"Schnell und effektiv Deutsch f\u00fcr Studium und Beruf lernen\",\"publisher\":{\"@id\":\"https:\/\/deutschkurs-stuttgart.de\/de\/#organization\"},\"potentialAction\":[{\"@type\":\"SearchAction\",\"target\":{\"@type\":\"EntryPoint\",\"urlTemplate\":\"https:\/\/deutschkurs-stuttgart.de\/de\/?s={search_term_string}\"},\"query-input\":{\"@type\":\"PropertyValueSpecification\",\"valueRequired\":true,\"valueName\":\"search_term_string\"}}],\"inLanguage\":\"de\"},{\"@type\":\"Organization\",\"@id\":\"https:\/\/deutschkurs-stuttgart.de\/de\/#organization\",\"name\":\"Deutschkolleg Stuttgart\",\"url\":\"https:\/\/deutschkurs-stuttgart.de\/de\/\",\"logo\":{\"@type\":\"ImageObject\",\"inLanguage\":\"de\",\"@id\":\"https:\/\/deutschkurs-stuttgart.de\/de\/#\/schema\/logo\/image\/\",\"url\":\"https:\/\/deutschkurs-stuttgart.de\/wp-content\/uploads\/2019\/05\/DK-Logo.png\",\"contentUrl\":\"https:\/\/deutschkurs-stuttgart.de\/wp-content\/uploads\/2019\/05\/DK-Logo.png\",\"width\":200,\"height\":152,\"caption\":\"Deutschkolleg Stuttgart\"},\"image\":{\"@id\":\"https:\/\/deutschkurs-stuttgart.de\/de\/#\/schema\/logo\/image\/\"},\"sameAs\":[\"https:\/\/www.facebook.com\/DeutschkollegStuttgart\",\"https:\/\/www.instagram.com\/deutschkolleg.stuttgart\/\"]}]}<\/script>\n<!-- \/ Yoast SEO plugin. -->","yoast_head_json":{"title":"Preise und Termine - Deutschkolleg Stuttgart","description":"Unsere Deutschkurse beginnen 8x pro Jahr auf den allen Niveaustufen. Vergleichen Sie das Preis-Leistungs-Verh\u00e4ltnis unserer Deutschkurse.","robots":{"index":"index","follow":"follow","max-snippet":"max-snippet:-1","max-image-preview":"max-image-preview:large","max-video-preview":"max-video-preview:-1"},"canonical":"https:\/\/deutschkurs-stuttgart.de\/de\/deutschkurse-preise-und-termine\/","og_locale":"de_DE","og_type":"article","og_title":"Preise und Termine - Deutschkolleg Stuttgart","og_description":"Unsere Deutschkurse beginnen 8x pro Jahr auf den allen Niveaustufen. Vergleichen Sie das Preis-Leistungs-Verh\u00e4ltnis unserer Deutschkurse.","og_url":"https:\/\/deutschkurs-stuttgart.de\/de\/deutschkurse-preise-und-termine\/","og_site_name":"Deutschkolleg Stuttgart","article_publisher":"https:\/\/www.facebook.com\/DeutschkollegStuttgart","article_modified_time":"2026-02-23T11:55:01+00:00","twitter_card":"summary_large_image","twitter_misc":{"Gesch\u00e4tzte Lesezeit":"2\u00a0Minuten"},"schema":{"@context":"https:\/\/schema.org","@graph":[{"@type":"WebPage","@id":"https:\/\/deutschkurs-stuttgart.de\/de\/deutschkurse-preise-und-termine\/","url":"https:\/\/deutschkurs-stuttgart.de\/de\/deutschkurse-preise-und-termine\/","name":"Preise und Termine - Deutschkolleg Stuttgart","isPartOf":{"@id":"https:\/\/deutschkurs-stuttgart.de\/de\/#website"},"datePublished":"2019-03-15T12:28:38+00:00","dateModified":"2026-02-23T11:55:01+00:00","description":"Unsere Deutschkurse beginnen 8x pro Jahr auf den allen Niveaustufen. Vergleichen Sie das Preis-Leistungs-Verh\u00e4ltnis unserer Deutschkurse.","breadcrumb":{"@id":"https:\/\/deutschkurs-stuttgart.de\/de\/deutschkurse-preise-und-termine\/#breadcrumb"},"inLanguage":"de","potentialAction":[{"@type":"ReadAction","target":["https:\/\/deutschkurs-stuttgart.de\/de\/deutschkurse-preise-und-termine\/"]}]},{"@type":"BreadcrumbList","@id":"https:\/\/deutschkurs-stuttgart.de\/de\/deutschkurse-preise-und-termine\/#breadcrumb","itemListElement":[{"@type":"ListItem","position":1,"name":"Startseite","item":"https:\/\/deutschkurs-stuttgart.de\/de\/deutschkolleg-stuttgart\/"},{"@type":"ListItem","position":2,"name":"Preise und Termine"}]},{"@type":"WebSite","@id":"https:\/\/deutschkurs-stuttgart.de\/de\/#website","url":"https:\/\/deutschkurs-stuttgart.de\/de\/","name":"Deutschkolleg Stuttgart","description":"Schnell und effektiv Deutsch f\u00fcr Studium und Beruf lernen","publisher":{"@id":"https:\/\/deutschkurs-stuttgart.de\/de\/#organization"},"potentialAction":[{"@type":"SearchAction","target":{"@type":"EntryPoint","urlTemplate":"https:\/\/deutschkurs-stuttgart.de\/de\/?s={search_term_string}"},"query-input":{"@type":"PropertyValueSpecification","valueRequired":true,"valueName":"search_term_string"}}],"inLanguage":"de"},{"@type":"Organization","@id":"https:\/\/deutschkurs-stuttgart.de\/de\/#organization","name":"Deutschkolleg Stuttgart","url":"https:\/\/deutschkurs-stuttgart.de\/de\/","logo":{"@type":"ImageObject","inLanguage":"de","@id":"https:\/\/deutschkurs-stuttgart.de\/de\/#\/schema\/logo\/image\/","url":"https:\/\/deutschkurs-stuttgart.de\/wp-content\/uploads\/2019\/05\/DK-Logo.png","contentUrl":"https:\/\/deutschkurs-stuttgart.de\/wp-content\/uploads\/2019\/05\/DK-Logo.png","width":200,"height":152,"caption":"Deutschkolleg Stuttgart"},"image":{"@id":"https:\/\/deutschkurs-stuttgart.de\/de\/#\/schema\/logo\/image\/"},"sameAs":["https:\/\/www.facebook.com\/DeutschkollegStuttgart","https:\/\/www.instagram.com\/deutschkolleg.stuttgart\/"]}]}},"_links":{"self":[{"href":"https:\/\/deutschkurs-stuttgart.de\/de\/wp-json\/wp\/v2\/pages\/55","targetHints":{"allow":["GET"]}}],"collection":[{"href":"https:\/\/deutschkurs-stuttgart.de\/de\/wp-json\/wp\/v2\/pages"}],"about":[{"href":"https:\/\/deutschkurs-stuttgart.de\/de\/wp-json\/wp\/v2\/types\/page"}],"author":[{"embeddable":true,"href":"https:\/\/deutschkurs-stuttgart.de\/de\/wp-json\/wp\/v2\/users\/1"}],"replies":[{"embeddable":true,"href":"https:\/\/deutschkurs-stuttgart.de\/de\/wp-json\/wp\/v2\/comments?post=55"}],"version-history":[{"count":114,"href":"https:\/\/deutschkurs-stuttgart.de\/de\/wp-json\/wp\/v2\/pages\/55\/revisions"}],"predecessor-version":[{"id":5834,"href":"https:\/\/deutschkurs-stuttgart.de\/de\/wp-json\/wp\/v2\/pages\/55\/revisions\/5834"}],"wp:attachment":[{"href":"https:\/\/deutschkurs-stuttgart.de\/de\/wp-json\/wp\/v2\/media?parent=55"}],"curies":[{"name":"wp","href":"https:\/\/api.w.org\/{rel}","templated":true}]}}