{"id":5224,"date":"2024-01-31T11:00:45","date_gmt":"2024-01-31T10:00:45","guid":{"rendered":"https:\/\/deutschkurs-stuttgart.de\/?page_id=5224"},"modified":"2024-02-07T14:11:02","modified_gmt":"2024-02-07T13:11:02","slug":"abendkurse-deutsch-als-fremdsprache","status":"publish","type":"page","link":"https:\/\/deutschkurs-stuttgart.de\/de\/abendkurse-deutsch-als-fremdsprache\/","title":{"rendered":"Abendkurse Deutsch als Fremdsprache"},"content":{"rendered":"<\/p>\n\n<style type=\"text\/css\" data-created_by=\"avia_inline_auto\" id=\"style-css-av-3rrgo-3986381b43d68a2e4a3023b63e16e4b5\">\n.flex_column.av-3rrgo-3986381b43d68a2e4a3023b63e16e4b5{\nborder-radius:0px 0px 0px 0px;\npadding:0px 0px 0px 0px;\n}\n<\/style>\n<div  class='flex_column av-3rrgo-3986381b43d68a2e4a3023b63e16e4b5 av_one_full  avia-builder-el-0  el_before_av_one_full  avia-builder-el-first  first flex_column_div av-zero-column-padding  '     ><style type=\"text\/css\" data-created_by=\"avia_inline_auto\" id=\"style-css-av-ls1l4d1r-1761ca405a59fec6260b299b16116cf9\">\n.avia-image-container.av-ls1l4d1r-1761ca405a59fec6260b299b16116cf9 img.avia_image{\nbox-shadow:none;\n}\n.avia-image-container.av-ls1l4d1r-1761ca405a59fec6260b299b16116cf9 .av-image-caption-overlay-center{\ncolor:#ffffff;\n}\n<\/style>\n<div  class='avia-image-container av-ls1l4d1r-1761ca405a59fec6260b299b16116cf9 av-styling- avia-align-center  avia-builder-el-1  avia-builder-el-no-sibling '   itemprop=\"image\" itemscope=\"itemscope\" itemtype=\"https:\/\/schema.org\/ImageObject\" ><div class=\"avia-image-container-inner\"><div class=\"avia-image-overlay-wrap\"><img decoding=\"async\" fetchpriority=\"high\" class='wp-image-1165 avia-img-lazy-loading-not-1165 avia_image ' src=\"https:\/\/deutschkurs-stuttgart.de\/wp-content\/uploads\/2019\/06\/german-course-in-stuttgart-a2.jpg\" alt='Information about the German courses level A2 at Deutschkolleg Stuttgart' title='German course in Stuttgart A2'  height=\"573\" width=\"1500\"  itemprop=\"thumbnailUrl\" srcset=\"https:\/\/deutschkurs-stuttgart.de\/wp-content\/uploads\/2019\/06\/german-course-in-stuttgart-a2.jpg 1500w, https:\/\/deutschkurs-stuttgart.de\/wp-content\/uploads\/2019\/06\/german-course-in-stuttgart-a2-300x115.jpg 300w, https:\/\/deutschkurs-stuttgart.de\/wp-content\/uploads\/2019\/06\/german-course-in-stuttgart-a2-768x293.jpg 768w, https:\/\/deutschkurs-stuttgart.de\/wp-content\/uploads\/2019\/06\/german-course-in-stuttgart-a2-1030x393.jpg 1030w, https:\/\/deutschkurs-stuttgart.de\/wp-content\/uploads\/2019\/06\/german-course-in-stuttgart-a2-705x269.jpg 705w, https:\/\/deutschkurs-stuttgart.de\/wp-content\/uploads\/2019\/06\/german-course-in-stuttgart-a2-450x172.jpg 450w\" sizes=\"(max-width: 1500px) 100vw, 1500px\" \/><\/div><\/div><\/div><\/div>\n\n<style type=\"text\/css\" data-created_by=\"avia_inline_auto\" id=\"style-css-av-1qm7g-bcac57a836483b768a5e28c4a7613286\">\n.flex_column.av-1qm7g-bcac57a836483b768a5e28c4a7613286{\nborder-radius:0px 0px 0px 0px;\npadding:0px 0px 0px 0px;\n}\n<\/style>\n<div  class='flex_column av-1qm7g-bcac57a836483b768a5e28c4a7613286 av_one_full  avia-builder-el-2  el_after_av_one_full  avia-builder-el-last  first flex_column_div av-zero-column-padding  column-top-margin'     ><section  class='av_textblock_section av-jtri1aed-d5e0d6581702c234382410f29200f75a '   itemscope=\"itemscope\" itemtype=\"https:\/\/schema.org\/CreativeWork\" ><div class='avia_textblock'  itemprop=\"text\" ><h1>Abendkurse Deutsch als Fremdsprache<\/h1>\n<\/div><\/section><br \/>\n\n<style type=\"text\/css\" data-created_by=\"avia_inline_auto\" id=\"style-css-av-juutyfrg-f2a55e626120034cf59f28e3130d42c9\">\n#top .hr.hr-invisible.av-juutyfrg-f2a55e626120034cf59f28e3130d42c9{\nheight:20px;\n}\n<\/style>\n<div  class='hr av-juutyfrg-f2a55e626120034cf59f28e3130d42c9 hr-invisible  avia-builder-el-4  el_after_av_textblock  el_before_av_textblock '><span class='hr-inner '><span class=\"hr-inner-style\"><\/span><\/span><\/div><br \/>\n<section  class='av_textblock_section av-juuu9nh3-8bfe21a55629f98900311d2f7760a3cd '   itemscope=\"itemscope\" itemtype=\"https:\/\/schema.org\/CreativeWork\" ><div class='avia_textblock'  itemprop=\"text\" ><h2>Abendkurse f\u00fcr junge Akademiker*innen<\/h2>\n<p>Unsere Abendkurse richten sich an Studierende und junge Berufst\u00e4tige, die ihre Deutschkenntnisse erweitern m\u00f6chten.<\/p>\n<p>Verbessern Sie Ihr Deutsch praxisorientiert in kleinen Gruppen. Kurse f\u00fcr Anf\u00e4nger*innen und Fortgeschrittene.<\/p>\n<h2>Abendkurse im Deutschkolleg auf einen Blick<\/h2>\n<ul>\n<li>5 -10 Teilnehmer*innen\/Kurs<\/li>\n<li>Kurszeit: zwei Abende\/Woche ab 18.00 Uhr<\/li>\n<li>Kursgeb\u00fchr je Monat (bzw. je 8 Kurstermine): 285 Euro<\/li>\n<li>Ort: \u00d6kumenisches Zentrum (Universit\u00e4t Stuttgart), Allmandring 6, 70569 Stuttgart-Vaihingen<\/li>\n<\/ul>\n<h2>Kursziel<\/h2>\n<p>Die Kursziele richten sich nach den Vorkenntnissen und Interessen der Teilnehmer*innen.<\/p>\n<h2>Interessiert?<\/h2>\n<p>Kontaktieren Sie unser Deutschkurs-B\u00fcro:<\/p>\n<p>info@deutschkolleg-stuttgart.de<\/p>\n<p>Tel. 0711 6870 6818<\/p>\n<p>WhatsApp: +49-1520-3645556<\/p>\n<h2>Andere Kurse<\/h2>\n<p><a href=\"https:\/\/deutschkurs-stuttgart.de\/de\/deutschkurse\/\">Intensivkurse Deutsch<\/a><\/p>\n<p><a href=\"https:\/\/deutschkurs-stuttgart.de\/de\/deutschkurs-testdaf-in-stuttgart\/\">TestDaF-Training<\/a><\/p>\n<\/div><\/section><\/p><\/div>\n","protected":false},"excerpt":{"rendered":"","protected":false},"author":4,"featured_media":0,"parent":0,"menu_order":0,"comment_status":"closed","ping_status":"closed","template":"","meta":{"footnotes":""},"class_list":["post-5224","page","type-page","status-publish","hentry"],"yoast_head":"<!-- This site is optimized with the Yoast SEO plugin v26.4 - https:\/\/yoast.com\/wordpress\/plugins\/seo\/ -->\n<title>Abendkurse Deutsch als Fremdsprache - Deutschkolleg Stuttgart<\/title>\n<meta name=\"description\" content=\"Abendkurse f\u00fcr Studierende und junge Berufst\u00e4tige, die ihre Deutschkenntnisse praxisorientiert in kleinen Gruppen verbessern m\u00f6chten.\" \/>\n<meta name=\"robots\" content=\"index, follow, max-snippet:-1, max-image-preview:large, max-video-preview:-1\" \/>\n<link rel=\"canonical\" href=\"https:\/\/deutschkurs-stuttgart.de\/de\/abendkurse-deutsch-als-fremdsprache\/\" \/>\n<meta property=\"og:locale\" content=\"de_DE\" \/>\n<meta property=\"og:type\" content=\"article\" \/>\n<meta property=\"og:title\" content=\"Abendkurse Deutsch als Fremdsprache - Deutschkolleg Stuttgart\" \/>\n<meta property=\"og:description\" content=\"Abendkurse f\u00fcr Studierende und junge Berufst\u00e4tige, die ihre Deutschkenntnisse praxisorientiert in kleinen Gruppen verbessern m\u00f6chten.\" \/>\n<meta property=\"og:url\" content=\"https:\/\/deutschkurs-stuttgart.de\/de\/abendkurse-deutsch-als-fremdsprache\/\" \/>\n<meta property=\"og:site_name\" content=\"Deutschkolleg Stuttgart\" \/>\n<meta property=\"article:publisher\" content=\"https:\/\/www.facebook.com\/DeutschkollegStuttgart\" \/>\n<meta property=\"article:modified_time\" content=\"2024-02-07T13:11:02+00:00\" \/>\n<meta name=\"twitter:card\" content=\"summary_large_image\" \/>\n<meta name=\"twitter:label1\" content=\"Gesch\u00e4tzte Lesezeit\" \/>\n\t<meta name=\"twitter:data1\" content=\"2\u00a0Minuten\" \/>\n<script type=\"application\/ld+json\" class=\"yoast-schema-graph\">{\"@context\":\"https:\/\/schema.org\",\"@graph\":[{\"@type\":\"WebPage\",\"@id\":\"https:\/\/deutschkurs-stuttgart.de\/de\/abendkurse-deutsch-als-fremdsprache\/\",\"url\":\"https:\/\/deutschkurs-stuttgart.de\/de\/abendkurse-deutsch-als-fremdsprache\/\",\"name\":\"Abendkurse Deutsch als Fremdsprache - Deutschkolleg Stuttgart\",\"isPartOf\":{\"@id\":\"https:\/\/deutschkurs-stuttgart.de\/de\/#website\"},\"datePublished\":\"2024-01-31T10:00:45+00:00\",\"dateModified\":\"2024-02-07T13:11:02+00:00\",\"description\":\"Abendkurse f\u00fcr Studierende und junge Berufst\u00e4tige, die ihre Deutschkenntnisse praxisorientiert in kleinen Gruppen verbessern m\u00f6chten.\",\"breadcrumb\":{\"@id\":\"https:\/\/deutschkurs-stuttgart.de\/de\/abendkurse-deutsch-als-fremdsprache\/#breadcrumb\"},\"inLanguage\":\"de\",\"potentialAction\":[{\"@type\":\"ReadAction\",\"target\":[\"https:\/\/deutschkurs-stuttgart.de\/de\/abendkurse-deutsch-als-fremdsprache\/\"]}]},{\"@type\":\"BreadcrumbList\",\"@id\":\"https:\/\/deutschkurs-stuttgart.de\/de\/abendkurse-deutsch-als-fremdsprache\/#breadcrumb\",\"itemListElement\":[{\"@type\":\"ListItem\",\"position\":1,\"name\":\"Startseite\",\"item\":\"https:\/\/deutschkurs-stuttgart.de\/de\/deutschkolleg-stuttgart\/\"},{\"@type\":\"ListItem\",\"position\":2,\"name\":\"Abendkurse Deutsch als Fremdsprache\"}]},{\"@type\":\"WebSite\",\"@id\":\"https:\/\/deutschkurs-stuttgart.de\/de\/#website\",\"url\":\"https:\/\/deutschkurs-stuttgart.de\/de\/\",\"name\":\"Deutschkolleg Stuttgart\",\"description\":\"Schnell und effektiv Deutsch f\u00fcr Studium und Beruf lernen\",\"publisher\":{\"@id\":\"https:\/\/deutschkurs-stuttgart.de\/de\/#organization\"},\"potentialAction\":[{\"@type\":\"SearchAction\",\"target\":{\"@type\":\"EntryPoint\",\"urlTemplate\":\"https:\/\/deutschkurs-stuttgart.de\/de\/?s={search_term_string}\"},\"query-input\":{\"@type\":\"PropertyValueSpecification\",\"valueRequired\":true,\"valueName\":\"search_term_string\"}}],\"inLanguage\":\"de\"},{\"@type\":\"Organization\",\"@id\":\"https:\/\/deutschkurs-stuttgart.de\/de\/#organization\",\"name\":\"Deutschkolleg Stuttgart\",\"url\":\"https:\/\/deutschkurs-stuttgart.de\/de\/\",\"logo\":{\"@type\":\"ImageObject\",\"inLanguage\":\"de\",\"@id\":\"https:\/\/deutschkurs-stuttgart.de\/de\/#\/schema\/logo\/image\/\",\"url\":\"https:\/\/deutschkurs-stuttgart.de\/wp-content\/uploads\/2019\/05\/DK-Logo.png\",\"contentUrl\":\"https:\/\/deutschkurs-stuttgart.de\/wp-content\/uploads\/2019\/05\/DK-Logo.png\",\"width\":200,\"height\":152,\"caption\":\"Deutschkolleg Stuttgart\"},\"image\":{\"@id\":\"https:\/\/deutschkurs-stuttgart.de\/de\/#\/schema\/logo\/image\/\"},\"sameAs\":[\"https:\/\/www.facebook.com\/DeutschkollegStuttgart\",\"https:\/\/www.instagram.com\/deutschkolleg.stuttgart\/\"]}]}<\/script>\n<!-- \/ Yoast SEO plugin. -->","yoast_head_json":{"title":"Abendkurse Deutsch als Fremdsprache - Deutschkolleg Stuttgart","description":"Abendkurse f\u00fcr Studierende und junge Berufst\u00e4tige, die ihre Deutschkenntnisse praxisorientiert in kleinen Gruppen verbessern m\u00f6chten.","robots":{"index":"index","follow":"follow","max-snippet":"max-snippet:-1","max-image-preview":"max-image-preview:large","max-video-preview":"max-video-preview:-1"},"canonical":"https:\/\/deutschkurs-stuttgart.de\/de\/abendkurse-deutsch-als-fremdsprache\/","og_locale":"de_DE","og_type":"article","og_title":"Abendkurse Deutsch als Fremdsprache - Deutschkolleg Stuttgart","og_description":"Abendkurse f\u00fcr Studierende und junge Berufst\u00e4tige, die ihre Deutschkenntnisse praxisorientiert in kleinen Gruppen verbessern m\u00f6chten.","og_url":"https:\/\/deutschkurs-stuttgart.de\/de\/abendkurse-deutsch-als-fremdsprache\/","og_site_name":"Deutschkolleg Stuttgart","article_publisher":"https:\/\/www.facebook.com\/DeutschkollegStuttgart","article_modified_time":"2024-02-07T13:11:02+00:00","twitter_card":"summary_large_image","twitter_misc":{"Gesch\u00e4tzte Lesezeit":"2\u00a0Minuten"},"schema":{"@context":"https:\/\/schema.org","@graph":[{"@type":"WebPage","@id":"https:\/\/deutschkurs-stuttgart.de\/de\/abendkurse-deutsch-als-fremdsprache\/","url":"https:\/\/deutschkurs-stuttgart.de\/de\/abendkurse-deutsch-als-fremdsprache\/","name":"Abendkurse Deutsch als Fremdsprache - Deutschkolleg Stuttgart","isPartOf":{"@id":"https:\/\/deutschkurs-stuttgart.de\/de\/#website"},"datePublished":"2024-01-31T10:00:45+00:00","dateModified":"2024-02-07T13:11:02+00:00","description":"Abendkurse f\u00fcr Studierende und junge Berufst\u00e4tige, die ihre Deutschkenntnisse praxisorientiert in kleinen Gruppen verbessern m\u00f6chten.","breadcrumb":{"@id":"https:\/\/deutschkurs-stuttgart.de\/de\/abendkurse-deutsch-als-fremdsprache\/#breadcrumb"},"inLanguage":"de","potentialAction":[{"@type":"ReadAction","target":["https:\/\/deutschkurs-stuttgart.de\/de\/abendkurse-deutsch-als-fremdsprache\/"]}]},{"@type":"BreadcrumbList","@id":"https:\/\/deutschkurs-stuttgart.de\/de\/abendkurse-deutsch-als-fremdsprache\/#breadcrumb","itemListElement":[{"@type":"ListItem","position":1,"name":"Startseite","item":"https:\/\/deutschkurs-stuttgart.de\/de\/deutschkolleg-stuttgart\/"},{"@type":"ListItem","position":2,"name":"Abendkurse Deutsch als Fremdsprache"}]},{"@type":"WebSite","@id":"https:\/\/deutschkurs-stuttgart.de\/de\/#website","url":"https:\/\/deutschkurs-stuttgart.de\/de\/","name":"Deutschkolleg Stuttgart","description":"Schnell und effektiv Deutsch f\u00fcr Studium und Beruf lernen","publisher":{"@id":"https:\/\/deutschkurs-stuttgart.de\/de\/#organization"},"potentialAction":[{"@type":"SearchAction","target":{"@type":"EntryPoint","urlTemplate":"https:\/\/deutschkurs-stuttgart.de\/de\/?s={search_term_string}"},"query-input":{"@type":"PropertyValueSpecification","valueRequired":true,"valueName":"search_term_string"}}],"inLanguage":"de"},{"@type":"Organization","@id":"https:\/\/deutschkurs-stuttgart.de\/de\/#organization","name":"Deutschkolleg Stuttgart","url":"https:\/\/deutschkurs-stuttgart.de\/de\/","logo":{"@type":"ImageObject","inLanguage":"de","@id":"https:\/\/deutschkurs-stuttgart.de\/de\/#\/schema\/logo\/image\/","url":"https:\/\/deutschkurs-stuttgart.de\/wp-content\/uploads\/2019\/05\/DK-Logo.png","contentUrl":"https:\/\/deutschkurs-stuttgart.de\/wp-content\/uploads\/2019\/05\/DK-Logo.png","width":200,"height":152,"caption":"Deutschkolleg Stuttgart"},"image":{"@id":"https:\/\/deutschkurs-stuttgart.de\/de\/#\/schema\/logo\/image\/"},"sameAs":["https:\/\/www.facebook.com\/DeutschkollegStuttgart","https:\/\/www.instagram.com\/deutschkolleg.stuttgart\/"]}]}},"_links":{"self":[{"href":"https:\/\/deutschkurs-stuttgart.de\/de\/wp-json\/wp\/v2\/pages\/5224","targetHints":{"allow":["GET"]}}],"collection":[{"href":"https:\/\/deutschkurs-stuttgart.de\/de\/wp-json\/wp\/v2\/pages"}],"about":[{"href":"https:\/\/deutschkurs-stuttgart.de\/de\/wp-json\/wp\/v2\/types\/page"}],"author":[{"embeddable":true,"href":"https:\/\/deutschkurs-stuttgart.de\/de\/wp-json\/wp\/v2\/users\/4"}],"replies":[{"embeddable":true,"href":"https:\/\/deutschkurs-stuttgart.de\/de\/wp-json\/wp\/v2\/comments?post=5224"}],"version-history":[{"count":26,"href":"https:\/\/deutschkurs-stuttgart.de\/de\/wp-json\/wp\/v2\/pages\/5224\/revisions"}],"predecessor-version":[{"id":5410,"href":"https:\/\/deutschkurs-stuttgart.de\/de\/wp-json\/wp\/v2\/pages\/5224\/revisions\/5410"}],"wp:attachment":[{"href":"https:\/\/deutschkurs-stuttgart.de\/de\/wp-json\/wp\/v2\/media?parent=5224"}],"curies":[{"name":"wp","href":"https:\/\/api.w.org\/{rel}","templated":true}]}}