{"id":52,"date":"2019-03-15T12:27:55","date_gmt":"2019-03-15T12:27:55","guid":{"rendered":"https:\/\/deutschkurs-stuttgart.de\/?page_id=52"},"modified":"2024-01-31T13:49:03","modified_gmt":"2024-01-31T12:49:03","slug":"deutschkurse","status":"publish","type":"page","link":"https:\/\/deutschkurs-stuttgart.de\/de\/deutschkurse\/","title":{"rendered":"Deutschkurse"},"content":{"rendered":"\n<style type=\"text\/css\" data-created_by=\"avia_inline_auto\" id=\"style-css-av-3rrgo-3986381b43d68a2e4a3023b63e16e4b5\">\n.flex_column.av-3rrgo-3986381b43d68a2e4a3023b63e16e4b5{\nborder-radius:0px 0px 0px 0px;\npadding:0px 0px 0px 0px;\n}\n<\/style>\n<div  class='flex_column av-3rrgo-3986381b43d68a2e4a3023b63e16e4b5 av_one_full  avia-builder-el-0  el_before_av_one_full  avia-builder-el-first  first flex_column_div av-zero-column-padding  '     ><style type=\"text\/css\" data-created_by=\"avia_inline_auto\" id=\"style-css-av-35cd4-813acbe4de2287c5d62fd588a637a812\">\n.avia-image-container.av-35cd4-813acbe4de2287c5d62fd588a637a812 img.avia_image{\nbox-shadow:none;\n}\n.avia-image-container.av-35cd4-813acbe4de2287c5d62fd588a637a812 .av-image-caption-overlay-center{\ncolor:#ffffff;\n}\n<\/style>\n<div  class='avia-image-container av-35cd4-813acbe4de2287c5d62fd588a637a812 av-styling- avia-align-center  avia-builder-el-1  avia-builder-el-no-sibling '   itemprop=\"image\" itemscope=\"itemscope\" itemtype=\"https:\/\/schema.org\/ImageObject\" ><div class=\"avia-image-container-inner\"><div class=\"avia-image-overlay-wrap\"><img decoding=\"async\" fetchpriority=\"high\" class='wp-image-811 avia-img-lazy-loading-not-811 avia_image ' src=\"https:\/\/deutschkurs-stuttgart.de\/wp-content\/uploads\/2019\/05\/deutschkurs-in-stuttgart-1500x573.jpg\" alt='Deutschkurse in Stuttgart' title='Deutschkurse in Stuttgart'  height=\"573\" width=\"1500\"  itemprop=\"thumbnailUrl\" srcset=\"https:\/\/deutschkurs-stuttgart.de\/wp-content\/uploads\/2019\/05\/deutschkurs-in-stuttgart.jpg 1500w, https:\/\/deutschkurs-stuttgart.de\/wp-content\/uploads\/2019\/05\/deutschkurs-in-stuttgart-300x115.jpg 300w, https:\/\/deutschkurs-stuttgart.de\/wp-content\/uploads\/2019\/05\/deutschkurs-in-stuttgart-768x293.jpg 768w, https:\/\/deutschkurs-stuttgart.de\/wp-content\/uploads\/2019\/05\/deutschkurs-in-stuttgart-1030x393.jpg 1030w, https:\/\/deutschkurs-stuttgart.de\/wp-content\/uploads\/2019\/05\/deutschkurs-in-stuttgart-705x269.jpg 705w, https:\/\/deutschkurs-stuttgart.de\/wp-content\/uploads\/2019\/05\/deutschkurs-in-stuttgart-450x172.jpg 450w\" sizes=\"(max-width: 1500px) 100vw, 1500px\" \/><\/div><\/div><\/div><\/div>\n\n<style type=\"text\/css\" data-created_by=\"avia_inline_auto\" id=\"style-css-av-1qm7g-bcac57a836483b768a5e28c4a7613286\">\n.flex_column.av-1qm7g-bcac57a836483b768a5e28c4a7613286{\nborder-radius:0px 0px 0px 0px;\npadding:0px 0px 0px 0px;\n}\n<\/style>\n<div  class='flex_column av-1qm7g-bcac57a836483b768a5e28c4a7613286 av_one_full  avia-builder-el-2  el_after_av_one_full  el_before_av_hr  first flex_column_div av-zero-column-padding  column-top-margin'     ><section  class='av_textblock_section av-jtri1aed-d5e0d6581702c234382410f29200f75a '   itemscope=\"itemscope\" itemtype=\"https:\/\/schema.org\/CreativeWork\" ><div class='avia_textblock'  itemprop=\"text\" ><h1>Deutschkurse im Deutschkolleg Stuttgart<\/h1>\n<\/div><\/section><br \/>\n\n<style type=\"text\/css\" data-created_by=\"avia_inline_auto\" id=\"style-css-av-juutyfrg-f2a55e626120034cf59f28e3130d42c9\">\n#top .hr.hr-invisible.av-juutyfrg-f2a55e626120034cf59f28e3130d42c9{\nheight:20px;\n}\n<\/style>\n<div  class='hr av-juutyfrg-f2a55e626120034cf59f28e3130d42c9 hr-invisible  avia-builder-el-4  el_after_av_textblock  el_before_av_textblock '><span class='hr-inner '><span class=\"hr-inner-style\"><\/span><\/span><\/div><br \/>\n<section  class='av_textblock_section av-juuu9nh3-8bfe21a55629f98900311d2f7760a3cd '   itemscope=\"itemscope\" itemtype=\"https:\/\/schema.org\/CreativeWork\" ><div class='avia_textblock'  itemprop=\"text\" ><h2>Intensivkurse Deutsch<\/h2>\n<p>Unsere intensiven Deutschkurse f\u00fchren Anf\u00e4nger ohne Vorkenntnisse in sieben Stufen auf das Niveau der Deutschpr\u00fcfungen f\u00fcr die Hochschule.<\/p>\n<p>Wer schon Deutschkenntnisse besitzt, steigt in einer h\u00f6heren Kursstufe ein und erreicht sein Ziel schneller. Das gesamte Programm dauert ca. 10 Monate.<\/p>\n<p>Infos zu den Intensivkursen: <a href=\"https:\/\/deutschkurs-stuttgart.de\/de\/deutschkurs-a1\/\">A1<\/a>, <a href=\"https:\/\/deutschkurs-stuttgart.de\/de\/deutschkurs-a2\/\">A2<\/a>, <a href=\"https:\/\/deutschkurs-stuttgart.de\/de\/deutschkurs-b1-in-stuttgart\/\">B1<\/a>, <a href=\"https:\/\/deutschkurs-stuttgart.de\/de\/deutschkurs-b2-1-in-stuttgart\/\">B2.1<\/a>, <a href=\"https:\/\/deutschkurs-stuttgart.de\/de\/deutschkurs-b2-2-in-stuttgart\/\">B2.2<\/a>, <a href=\"https:\/\/deutschkurs-stuttgart.de\/de\/deutschkurs-c1-intensiv\/\">C1, <\/a><a href=\"https:\/\/deutschkurs-stuttgart.de\/de\/deutschkurs-testdaf-in-stuttgart\/\">TestDaF-Training<\/a><\/p>\n<h2>TestDaF-Training intensiv<\/h2>\n<p>Machen Sie sich fit f\u00fcr den TestDaF. In unserem Trainingskurs \u00fcben Sie die Pr\u00fcfungsformate und das Zeitmanagement. Sie erweitern Ihr themenspezifisches Wissen und Ihren Wortschatz. Ihre Chancen auf ein gutes Testergebnis steigen deutlich.<\/p>\n<p>Infos zum Kurs: <a href=\"https:\/\/deutschkurs-stuttgart.de\/de\/deutschkurs-testdaf-in-stuttgart\/\">TestDaF-Training<\/a><\/p>\n<h2>Intensivkurse auf einen Blick<\/h2>\n<ul>\n<li>Kursbeginn 8 x pro Jahr f\u00fcr alle Stufen<\/li>\n<li>Alter der Teilnehmer: 18 &#8211; 35 Jahre<\/li>\n<li>Kursdauer jeweils 6 Wochen<\/li>\n<li>ca. 18 Teilnehmer pro Gruppe<\/li>\n<li>25 Unterrichtsstunden \u00e0 45 Minuten pro Woche<\/li>\n<li>regelm\u00e4\u00dfige Tests<\/li>\n<\/ul>\n<h2>Abendkurse Deutsch<\/h2>\n<p>Sie studieren bereits und m\u00f6chten Ihre Deutschkenntnisse verbessern? Oder wollen Sie sich auf den Einstieg in den Beruf vorbereiten? Dann sind unsere Abendkurse die richtige Wahl f\u00fcr Sie!<\/p>\n<p>Mehr Informationen: <a href=\"https:\/\/deutschkurs-stuttgart.de\/de\/abendkurse-deutsch-als-fremdsprache\/\">Abendkurse im Deutschkolleg<\/a><\/p>\n<h2>TestDaF-Pr\u00fcfung<\/h2>\n<p>Das Deutschkolleg ist als TestDaF-Zentrum lizenziert. In der Regel f\u00fchren wir alle j\u00e4hrlichen Pr\u00fcfungstermine durch, die das TestDaF-Institut festlegt.<\/p>\n<p>Informationen zur TestDaF-Pr\u00fcfung: <a href=\"https:\/\/deutschkurs-stuttgart.de\/de\/testdaf\/\">TestDaF<\/a><\/p>\n<h2>Melden Sie sich jetzt an!<\/h2>\n<p>Zur <a href=\"https:\/\/deutschkurs-stuttgart.de\/de\/anmeldung\/\">Online-Anmeldung<\/a><\/p>\n<h2>Haben Sie Fragen?<\/h2>\n<p>Tel: <a href=\"tel:+49-711-687068-18\">+49-711-687068-18<\/a><br \/>\nE-Mail: <a href=\"mailto:info@deutschkolleg-stuttgart.de\">info@deutschkolleg-stuttgart.de<\/a><\/p>\n<p><a href=\"https:\/\/deutschkurs-stuttgart.de\/de\/\">Startseite<\/a><\/p>\n<\/div><\/section><br \/>\n\n<style type=\"text\/css\" data-created_by=\"avia_inline_auto\" id=\"style-css-av-juutyfrg-f2a55e626120034cf59f28e3130d42c9\">\n#top .hr.hr-invisible.av-juutyfrg-f2a55e626120034cf59f28e3130d42c9{\nheight:20px;\n}\n<\/style>\n<div  class='hr av-juutyfrg-f2a55e626120034cf59f28e3130d42c9 hr-invisible  avia-builder-el-6  el_after_av_textblock  el_before_av_hr '><span class='hr-inner '><span class=\"hr-inner-style\"><\/span><\/span><\/div><br \/>\n\n<style type=\"text\/css\" data-created_by=\"avia_inline_auto\" id=\"style-css-av-juutyfrg-f2a55e626120034cf59f28e3130d42c9\">\n#top .hr.hr-invisible.av-juutyfrg-f2a55e626120034cf59f28e3130d42c9{\nheight:20px;\n}\n<\/style>\n<div  class='hr av-juutyfrg-f2a55e626120034cf59f28e3130d42c9 hr-invisible  avia-builder-el-7  el_after_av_hr  avia-builder-el-last '><span class='hr-inner '><span class=\"hr-inner-style\"><\/span><\/span><\/div><\/p><\/div>\n<style type=\"text\/css\" data-created_by=\"avia_inline_auto\" id=\"style-css-av-juutyfrg-4c794f3ad4130fcde23a739cfa305840\">\n#top .hr.hr-invisible.av-juutyfrg-4c794f3ad4130fcde23a739cfa305840{\nheight:35px;\n}\n<\/style>\n<div  class='hr av-juutyfrg-4c794f3ad4130fcde23a739cfa305840 hr-invisible  avia-builder-el-8  el_after_av_one_full  avia-builder-el-last '><span class='hr-inner '><span class=\"hr-inner-style\"><\/span><\/span><\/div><\/p>\n","protected":false},"excerpt":{"rendered":"","protected":false},"author":1,"featured_media":0,"parent":0,"menu_order":0,"comment_status":"closed","ping_status":"closed","template":"","meta":{"footnotes":""},"class_list":["post-52","page","type-page","status-publish","hentry"],"yoast_head":"<!-- This site is optimized with the Yoast SEO plugin v26.4 - https:\/\/yoast.com\/wordpress\/plugins\/seo\/ -->\n<title>Deutschkurse - Deutschkolleg Stuttgart<\/title>\n<meta name=\"description\" content=\"Unsere Deutschkurse f\u00fchren Sie \u00fcber sieben Stufen ohne Vorkenntnisse zum Niveau der Deutschpr\u00fcfung f\u00fcr die Uni.\" \/>\n<meta name=\"robots\" content=\"index, follow, max-snippet:-1, max-image-preview:large, max-video-preview:-1\" \/>\n<link rel=\"canonical\" href=\"https:\/\/deutschkurs-stuttgart.de\/de\/deutschkurse\/\" \/>\n<meta property=\"og:locale\" content=\"de_DE\" \/>\n<meta property=\"og:type\" content=\"article\" \/>\n<meta property=\"og:title\" content=\"Deutschkurse - Deutschkolleg Stuttgart\" \/>\n<meta property=\"og:description\" content=\"Unsere Deutschkurse f\u00fchren Sie \u00fcber sieben Stufen ohne Vorkenntnisse zum Niveau der Deutschpr\u00fcfung f\u00fcr die Uni.\" \/>\n<meta property=\"og:url\" content=\"https:\/\/deutschkurs-stuttgart.de\/de\/deutschkurse\/\" \/>\n<meta property=\"og:site_name\" content=\"Deutschkolleg Stuttgart\" \/>\n<meta property=\"article:publisher\" content=\"https:\/\/www.facebook.com\/DeutschkollegStuttgart\" \/>\n<meta property=\"article:modified_time\" content=\"2024-01-31T12:49:03+00:00\" \/>\n<meta name=\"twitter:card\" content=\"summary_large_image\" \/>\n<meta name=\"twitter:label1\" content=\"Gesch\u00e4tzte Lesezeit\" \/>\n\t<meta name=\"twitter:data1\" content=\"3\u00a0Minuten\" \/>\n<script type=\"application\/ld+json\" class=\"yoast-schema-graph\">{\"@context\":\"https:\/\/schema.org\",\"@graph\":[{\"@type\":\"WebPage\",\"@id\":\"https:\/\/deutschkurs-stuttgart.de\/de\/deutschkurse\/\",\"url\":\"https:\/\/deutschkurs-stuttgart.de\/de\/deutschkurse\/\",\"name\":\"Deutschkurse - Deutschkolleg Stuttgart\",\"isPartOf\":{\"@id\":\"https:\/\/deutschkurs-stuttgart.de\/de\/#website\"},\"datePublished\":\"2019-03-15T12:27:55+00:00\",\"dateModified\":\"2024-01-31T12:49:03+00:00\",\"description\":\"Unsere Deutschkurse f\u00fchren Sie \u00fcber sieben Stufen ohne Vorkenntnisse zum Niveau der Deutschpr\u00fcfung f\u00fcr die Uni.\",\"breadcrumb\":{\"@id\":\"https:\/\/deutschkurs-stuttgart.de\/de\/deutschkurse\/#breadcrumb\"},\"inLanguage\":\"de\",\"potentialAction\":[{\"@type\":\"ReadAction\",\"target\":[\"https:\/\/deutschkurs-stuttgart.de\/de\/deutschkurse\/\"]}]},{\"@type\":\"BreadcrumbList\",\"@id\":\"https:\/\/deutschkurs-stuttgart.de\/de\/deutschkurse\/#breadcrumb\",\"itemListElement\":[{\"@type\":\"ListItem\",\"position\":1,\"name\":\"Startseite\",\"item\":\"https:\/\/deutschkurs-stuttgart.de\/de\/deutschkolleg-stuttgart\/\"},{\"@type\":\"ListItem\",\"position\":2,\"name\":\"Deutschkurse\"}]},{\"@type\":\"WebSite\",\"@id\":\"https:\/\/deutschkurs-stuttgart.de\/de\/#website\",\"url\":\"https:\/\/deutschkurs-stuttgart.de\/de\/\",\"name\":\"Deutschkolleg Stuttgart\",\"description\":\"Schnell und effektiv Deutsch f\u00fcr Studium und Beruf lernen\",\"publisher\":{\"@id\":\"https:\/\/deutschkurs-stuttgart.de\/de\/#organization\"},\"potentialAction\":[{\"@type\":\"SearchAction\",\"target\":{\"@type\":\"EntryPoint\",\"urlTemplate\":\"https:\/\/deutschkurs-stuttgart.de\/de\/?s={search_term_string}\"},\"query-input\":{\"@type\":\"PropertyValueSpecification\",\"valueRequired\":true,\"valueName\":\"search_term_string\"}}],\"inLanguage\":\"de\"},{\"@type\":\"Organization\",\"@id\":\"https:\/\/deutschkurs-stuttgart.de\/de\/#organization\",\"name\":\"Deutschkolleg Stuttgart\",\"url\":\"https:\/\/deutschkurs-stuttgart.de\/de\/\",\"logo\":{\"@type\":\"ImageObject\",\"inLanguage\":\"de\",\"@id\":\"https:\/\/deutschkurs-stuttgart.de\/de\/#\/schema\/logo\/image\/\",\"url\":\"https:\/\/deutschkurs-stuttgart.de\/wp-content\/uploads\/2019\/05\/DK-Logo.png\",\"contentUrl\":\"https:\/\/deutschkurs-stuttgart.de\/wp-content\/uploads\/2019\/05\/DK-Logo.png\",\"width\":200,\"height\":152,\"caption\":\"Deutschkolleg Stuttgart\"},\"image\":{\"@id\":\"https:\/\/deutschkurs-stuttgart.de\/de\/#\/schema\/logo\/image\/\"},\"sameAs\":[\"https:\/\/www.facebook.com\/DeutschkollegStuttgart\",\"https:\/\/www.instagram.com\/deutschkolleg.stuttgart\/\"]}]}<\/script>\n<!-- \/ Yoast SEO plugin. -->","yoast_head_json":{"title":"Deutschkurse - Deutschkolleg Stuttgart","description":"Unsere Deutschkurse f\u00fchren Sie \u00fcber sieben Stufen ohne Vorkenntnisse zum Niveau der Deutschpr\u00fcfung f\u00fcr die Uni.","robots":{"index":"index","follow":"follow","max-snippet":"max-snippet:-1","max-image-preview":"max-image-preview:large","max-video-preview":"max-video-preview:-1"},"canonical":"https:\/\/deutschkurs-stuttgart.de\/de\/deutschkurse\/","og_locale":"de_DE","og_type":"article","og_title":"Deutschkurse - Deutschkolleg Stuttgart","og_description":"Unsere Deutschkurse f\u00fchren Sie \u00fcber sieben Stufen ohne Vorkenntnisse zum Niveau der Deutschpr\u00fcfung f\u00fcr die Uni.","og_url":"https:\/\/deutschkurs-stuttgart.de\/de\/deutschkurse\/","og_site_name":"Deutschkolleg Stuttgart","article_publisher":"https:\/\/www.facebook.com\/DeutschkollegStuttgart","article_modified_time":"2024-01-31T12:49:03+00:00","twitter_card":"summary_large_image","twitter_misc":{"Gesch\u00e4tzte Lesezeit":"3\u00a0Minuten"},"schema":{"@context":"https:\/\/schema.org","@graph":[{"@type":"WebPage","@id":"https:\/\/deutschkurs-stuttgart.de\/de\/deutschkurse\/","url":"https:\/\/deutschkurs-stuttgart.de\/de\/deutschkurse\/","name":"Deutschkurse - Deutschkolleg Stuttgart","isPartOf":{"@id":"https:\/\/deutschkurs-stuttgart.de\/de\/#website"},"datePublished":"2019-03-15T12:27:55+00:00","dateModified":"2024-01-31T12:49:03+00:00","description":"Unsere Deutschkurse f\u00fchren Sie \u00fcber sieben Stufen ohne Vorkenntnisse zum Niveau der Deutschpr\u00fcfung f\u00fcr die Uni.","breadcrumb":{"@id":"https:\/\/deutschkurs-stuttgart.de\/de\/deutschkurse\/#breadcrumb"},"inLanguage":"de","potentialAction":[{"@type":"ReadAction","target":["https:\/\/deutschkurs-stuttgart.de\/de\/deutschkurse\/"]}]},{"@type":"BreadcrumbList","@id":"https:\/\/deutschkurs-stuttgart.de\/de\/deutschkurse\/#breadcrumb","itemListElement":[{"@type":"ListItem","position":1,"name":"Startseite","item":"https:\/\/deutschkurs-stuttgart.de\/de\/deutschkolleg-stuttgart\/"},{"@type":"ListItem","position":2,"name":"Deutschkurse"}]},{"@type":"WebSite","@id":"https:\/\/deutschkurs-stuttgart.de\/de\/#website","url":"https:\/\/deutschkurs-stuttgart.de\/de\/","name":"Deutschkolleg Stuttgart","description":"Schnell und effektiv Deutsch f\u00fcr Studium und Beruf lernen","publisher":{"@id":"https:\/\/deutschkurs-stuttgart.de\/de\/#organization"},"potentialAction":[{"@type":"SearchAction","target":{"@type":"EntryPoint","urlTemplate":"https:\/\/deutschkurs-stuttgart.de\/de\/?s={search_term_string}"},"query-input":{"@type":"PropertyValueSpecification","valueRequired":true,"valueName":"search_term_string"}}],"inLanguage":"de"},{"@type":"Organization","@id":"https:\/\/deutschkurs-stuttgart.de\/de\/#organization","name":"Deutschkolleg Stuttgart","url":"https:\/\/deutschkurs-stuttgart.de\/de\/","logo":{"@type":"ImageObject","inLanguage":"de","@id":"https:\/\/deutschkurs-stuttgart.de\/de\/#\/schema\/logo\/image\/","url":"https:\/\/deutschkurs-stuttgart.de\/wp-content\/uploads\/2019\/05\/DK-Logo.png","contentUrl":"https:\/\/deutschkurs-stuttgart.de\/wp-content\/uploads\/2019\/05\/DK-Logo.png","width":200,"height":152,"caption":"Deutschkolleg Stuttgart"},"image":{"@id":"https:\/\/deutschkurs-stuttgart.de\/de\/#\/schema\/logo\/image\/"},"sameAs":["https:\/\/www.facebook.com\/DeutschkollegStuttgart","https:\/\/www.instagram.com\/deutschkolleg.stuttgart\/"]}]}},"_links":{"self":[{"href":"https:\/\/deutschkurs-stuttgart.de\/de\/wp-json\/wp\/v2\/pages\/52","targetHints":{"allow":["GET"]}}],"collection":[{"href":"https:\/\/deutschkurs-stuttgart.de\/de\/wp-json\/wp\/v2\/pages"}],"about":[{"href":"https:\/\/deutschkurs-stuttgart.de\/de\/wp-json\/wp\/v2\/types\/page"}],"author":[{"embeddable":true,"href":"https:\/\/deutschkurs-stuttgart.de\/de\/wp-json\/wp\/v2\/users\/1"}],"replies":[{"embeddable":true,"href":"https:\/\/deutschkurs-stuttgart.de\/de\/wp-json\/wp\/v2\/comments?post=52"}],"version-history":[{"count":47,"href":"https:\/\/deutschkurs-stuttgart.de\/de\/wp-json\/wp\/v2\/pages\/52\/revisions"}],"predecessor-version":[{"id":5374,"href":"https:\/\/deutschkurs-stuttgart.de\/de\/wp-json\/wp\/v2\/pages\/52\/revisions\/5374"}],"wp:attachment":[{"href":"https:\/\/deutschkurs-stuttgart.de\/de\/wp-json\/wp\/v2\/media?parent=52"}],"curies":[{"name":"wp","href":"https:\/\/api.w.org\/{rel}","templated":true}]}}