{"id":4619,"date":"2023-04-26T09:20:12","date_gmt":"2023-04-26T08:20:12","guid":{"rendered":"https:\/\/deutschkurs-stuttgart.de\/?page_id=4619"},"modified":"2023-05-03T08:17:09","modified_gmt":"2023-05-03T07:17:09","slug":"ueber-das-deutschkolleg-stuttgart","status":"publish","type":"page","link":"https:\/\/deutschkurs-stuttgart.de\/de\/ueber-das-deutschkolleg-stuttgart\/","title":{"rendered":"\u00dcber das Deutschkolleg Stuttgart"},"content":{"rendered":"<\/p>\n\n<style type=\"text\/css\" data-created_by=\"avia_inline_auto\" id=\"style-css-av-3rrgo-3986381b43d68a2e4a3023b63e16e4b5\">\n.flex_column.av-3rrgo-3986381b43d68a2e4a3023b63e16e4b5{\nborder-radius:0px 0px 0px 0px;\npadding:0px 0px 0px 0px;\n}\n<\/style>\n<div  class='flex_column av-3rrgo-3986381b43d68a2e4a3023b63e16e4b5 av_one_full  avia-builder-el-0  el_before_av_one_full  avia-builder-el-first  first flex_column_div av-zero-column-padding  '     ><style type=\"text\/css\" data-created_by=\"avia_inline_auto\" id=\"style-css-av-lgxeon8w-7589917b2ce18d57874a742eca4b3740\">\n.avia-image-container.av-lgxeon8w-7589917b2ce18d57874a742eca4b3740 img.avia_image{\nbox-shadow:none;\n}\n.avia-image-container.av-lgxeon8w-7589917b2ce18d57874a742eca4b3740 .av-image-caption-overlay-center{\ncolor:#ffffff;\n}\n<\/style>\n<div  class='avia-image-container av-lgxeon8w-7589917b2ce18d57874a742eca4b3740 av-styling- avia-align-center  avia-builder-el-1  avia-builder-el-no-sibling '   itemprop=\"image\" itemscope=\"itemscope\" itemtype=\"https:\/\/schema.org\/ImageObject\" ><div class=\"avia-image-container-inner\"><div class=\"avia-image-overlay-wrap\"><img decoding=\"async\" fetchpriority=\"high\" class='wp-image-1153 avia-img-lazy-loading-not-1153 avia_image ' src=\"https:\/\/deutschkurs-stuttgart.de\/wp-content\/uploads\/2019\/06\/deutschkolleg-stuttgart-how-to-find-us-1030x393.jpg\" alt='Information about how to come to Deutschkolleg Stuttgart' title='How to find Deutschkolleg Stuttgart'  height=\"393\" width=\"1030\"  itemprop=\"thumbnailUrl\" srcset=\"https:\/\/deutschkurs-stuttgart.de\/wp-content\/uploads\/2019\/06\/deutschkolleg-stuttgart-how-to-find-us-1030x393.jpg 1030w, https:\/\/deutschkurs-stuttgart.de\/wp-content\/uploads\/2019\/06\/deutschkolleg-stuttgart-how-to-find-us-300x115.jpg 300w, https:\/\/deutschkurs-stuttgart.de\/wp-content\/uploads\/2019\/06\/deutschkolleg-stuttgart-how-to-find-us-768x293.jpg 768w, https:\/\/deutschkurs-stuttgart.de\/wp-content\/uploads\/2019\/06\/deutschkolleg-stuttgart-how-to-find-us.jpg 1500w, https:\/\/deutschkurs-stuttgart.de\/wp-content\/uploads\/2019\/06\/deutschkolleg-stuttgart-how-to-find-us-705x269.jpg 705w, https:\/\/deutschkurs-stuttgart.de\/wp-content\/uploads\/2019\/06\/deutschkolleg-stuttgart-how-to-find-us-845x321.jpg 845w, https:\/\/deutschkurs-stuttgart.de\/wp-content\/uploads\/2019\/06\/deutschkolleg-stuttgart-how-to-find-us-450x172.jpg 450w\" sizes=\"(max-width: 1030px) 100vw, 1030px\" \/><\/div><\/div><\/div><\/div>\n\n<style type=\"text\/css\" data-created_by=\"avia_inline_auto\" id=\"style-css-av-1qm7g-bcac57a836483b768a5e28c4a7613286\">\n.flex_column.av-1qm7g-bcac57a836483b768a5e28c4a7613286{\nborder-radius:0px 0px 0px 0px;\npadding:0px 0px 0px 0px;\n}\n<\/style>\n<div  class='flex_column av-1qm7g-bcac57a836483b768a5e28c4a7613286 av_one_full  avia-builder-el-2  el_after_av_one_full  avia-builder-el-last  first flex_column_div av-zero-column-padding  column-top-margin'     ><section  class='av_textblock_section av-jtri1aed-d5e0d6581702c234382410f29200f75a '   itemscope=\"itemscope\" itemtype=\"https:\/\/schema.org\/CreativeWork\" ><div class='avia_textblock'  itemprop=\"text\" ><h1>\u00dcber das Deutschkolleg<\/h1>\n<\/div><\/section><br \/>\n\n<style type=\"text\/css\" data-created_by=\"avia_inline_auto\" id=\"style-css-av-juutyfrg-f2a55e626120034cf59f28e3130d42c9\">\n#top .hr.hr-invisible.av-juutyfrg-f2a55e626120034cf59f28e3130d42c9{\nheight:20px;\n}\n<\/style>\n<div  class='hr av-juutyfrg-f2a55e626120034cf59f28e3130d42c9 hr-invisible  avia-builder-el-4  el_after_av_textblock  el_before_av_textblock '><span class='hr-inner '><span class=\"hr-inner-style\"><\/span><\/span><\/div><br \/>\n<section  class='av_textblock_section av-juuu9nh3-8bfe21a55629f98900311d2f7760a3cd '   itemscope=\"itemscope\" itemtype=\"https:\/\/schema.org\/CreativeWork\" ><div class='avia_textblock'  itemprop=\"text\" ><p>Das Deutschkolleg wurde 1982 gegr\u00fcndet. Seine Hauptaufgabe ist die sprachliche Vorbereitung ausl\u00e4ndischer Studienbewerber(innen) und Studierenden auf die Sprachpr\u00fcfungen, die einen Hochschulzugang ausl\u00e4ndischer Studienbewerber(innen) erm\u00f6glichen.<\/p>\n<p>Die Mehrzahl der Absolvent(inn)en des Deutschkollegs strebt ein Studium bzw. einen Post-doc-Abschluss an einer deutschen Universit\u00e4t oder eine Berufst\u00e4tigkeit mit ihrem ausl\u00e4ndischen, universit\u00e4ren Abschluss an. Seit seiner Gr\u00fcndung haben mehr als zehntausend Teilnehmer(innen) die Deutschkurse des Deutschkollegs besucht.<\/p>\n<p>Das Deutschkolleg bietet ein qualitativ hochwertiges Deutschkursprogramm zu g\u00fcnstigen Bedingungen.<\/p>\n<p>Auf Grund der homogenen Zielgruppe schreitet der Unterricht schnell voran. Alle unsere Teilnehmer(innen) verf\u00fcgen mindestens \u00fcber einen Sekundarschulabschluss im Heimatland, sowie Erfahrungen im Erlernen einer Fremdsprache.<\/p>\n<p>W\u00e4hrend unserer Kurse finden regelm\u00e4\u00dfige Leistungskontrollen statt. Eine Kursstufe kann einmal wiederholt werden. Teilnehmer(innen), die in einer fortgeschrittenen Stufe beginnen m\u00f6chten, m\u00fcssen sich einem Einstufungstest unterziehen.<\/p>\n<p>Zu den Qualit\u00e4tsanspr\u00fcchen des Deutschkollegs geh\u00f6rt ein hoher Anteil an fest angestellten Lehrer(innen). Angestellte und freie Mitarbeiter(innen) des Deutschkollegs verf\u00fcgen \u00fcber ein abgeschlossenes Studium mit sprachlicher Ausrichtung und \u00fcber Zusatzqualifikationen im Bereich Deutsch als Fremdsprache.<\/p>\n<p>Das Deutschkolleg f\u00f6rdert au\u00dferdem die Weiterbildung seiner Mitarbeiter(innen). Die Lehrkr\u00e4fte des Deutschkollegs beteiligen sich bei regelm\u00e4\u00dfig stattfindenden Lehrerkonferenzen und P\u00e4dagogischen Tagen an der inhaltlichen Weiterentwicklung des Sprachkursangebots des Deutschkollegs.<\/p>\n<p>Die Unterrichtsr\u00e4ume des Deutschkollegs befinden sich im \u00d6kumenischen Zentrum auf dem Campus der Universit\u00e4t Stuttgart in Vaihingen. Das Deutschkolleg arbeitet informell mit den Hochschulen im Gro\u00dfraum Stuttgart zusammen. Mit dem Sprachenzentrum und der Abteilung Interkultureller Unterricht der Universit\u00e4t Stuttgart besteht eine langj\u00e4hrige Zusammenarbeit.<\/p>\n<p>Das \u00d6kumenische Zentrum bietet ausl\u00e4ndischen Studienbewerber(inne)n und Studierenden ein reichhaltiges Angebot an Aktivit\u00e4ten und Unterst\u00fctzung. Dazu geh\u00f6ren u.a. das internationale Begegnungszentrum im \u00d6kumenischen Zentrum, Rechtsberatung, Unterst\u00fctzung bei sozialen und psychologischen Problemen sowie ein umfangreiches Kulturprogramm.<\/p>\n<p>Tr\u00e4ger des Deutschkolleg Stuttgart im \u00d6kumenischen Zentrum ist der gemeinn\u00fctzige Verein zur F\u00f6rderung ausl\u00e4ndischer Studienbewerber und Studenten e.V.<\/p>\n<p>Zur\u00fcck zur\u00a0<a href=\"https:\/\/deutschkurs-stuttgart.de\/de\/\">Startseite<\/a><\/p>\n<\/div><\/section><\/p><\/div>\n","protected":false},"excerpt":{"rendered":"","protected":false},"author":4,"featured_media":0,"parent":0,"menu_order":0,"comment_status":"closed","ping_status":"closed","template":"","meta":{"footnotes":""},"class_list":["post-4619","page","type-page","status-publish","hentry"],"yoast_head":"<!-- This site is optimized with the Yoast SEO plugin v26.4 - https:\/\/yoast.com\/wordpress\/plugins\/seo\/ -->\n<title>\u00dcber das Deutschkolleg Stuttgart - Deutschkolleg Stuttgart<\/title>\n<meta name=\"description\" content=\"Die Hauptaufgabe des Deutschkollegs ist die sprachliche Vorbereitung ausl\u00e4ndischer Studienbewerber(innen) und Studierenden auf das Studium in Deutschland\" \/>\n<meta name=\"robots\" content=\"index, follow, max-snippet:-1, max-image-preview:large, max-video-preview:-1\" \/>\n<link rel=\"canonical\" href=\"https:\/\/deutschkurs-stuttgart.de\/de\/ueber-das-deutschkolleg-stuttgart\/\" \/>\n<meta property=\"og:locale\" content=\"de_DE\" \/>\n<meta property=\"og:type\" content=\"article\" \/>\n<meta property=\"og:title\" content=\"\u00dcber das Deutschkolleg Stuttgart - Deutschkolleg Stuttgart\" \/>\n<meta property=\"og:description\" content=\"Die Hauptaufgabe des Deutschkollegs ist die sprachliche Vorbereitung ausl\u00e4ndischer Studienbewerber(innen) und Studierenden auf das Studium in Deutschland\" \/>\n<meta property=\"og:url\" content=\"https:\/\/deutschkurs-stuttgart.de\/de\/ueber-das-deutschkolleg-stuttgart\/\" \/>\n<meta property=\"og:site_name\" content=\"Deutschkolleg Stuttgart\" \/>\n<meta property=\"article:publisher\" content=\"https:\/\/www.facebook.com\/DeutschkollegStuttgart\" \/>\n<meta property=\"article:modified_time\" content=\"2023-05-03T07:17:09+00:00\" \/>\n<meta name=\"twitter:card\" content=\"summary_large_image\" \/>\n<meta name=\"twitter:label1\" content=\"Gesch\u00e4tzte Lesezeit\" \/>\n\t<meta name=\"twitter:data1\" content=\"3\u00a0Minuten\" \/>\n<script type=\"application\/ld+json\" class=\"yoast-schema-graph\">{\"@context\":\"https:\/\/schema.org\",\"@graph\":[{\"@type\":\"WebPage\",\"@id\":\"https:\/\/deutschkurs-stuttgart.de\/de\/ueber-das-deutschkolleg-stuttgart\/\",\"url\":\"https:\/\/deutschkurs-stuttgart.de\/de\/ueber-das-deutschkolleg-stuttgart\/\",\"name\":\"\u00dcber das Deutschkolleg Stuttgart - Deutschkolleg Stuttgart\",\"isPartOf\":{\"@id\":\"https:\/\/deutschkurs-stuttgart.de\/de\/#website\"},\"datePublished\":\"2023-04-26T08:20:12+00:00\",\"dateModified\":\"2023-05-03T07:17:09+00:00\",\"description\":\"Die Hauptaufgabe des Deutschkollegs ist die sprachliche Vorbereitung ausl\u00e4ndischer Studienbewerber(innen) und Studierenden auf das Studium in Deutschland\",\"breadcrumb\":{\"@id\":\"https:\/\/deutschkurs-stuttgart.de\/de\/ueber-das-deutschkolleg-stuttgart\/#breadcrumb\"},\"inLanguage\":\"de\",\"potentialAction\":[{\"@type\":\"ReadAction\",\"target\":[\"https:\/\/deutschkurs-stuttgart.de\/de\/ueber-das-deutschkolleg-stuttgart\/\"]}]},{\"@type\":\"BreadcrumbList\",\"@id\":\"https:\/\/deutschkurs-stuttgart.de\/de\/ueber-das-deutschkolleg-stuttgart\/#breadcrumb\",\"itemListElement\":[{\"@type\":\"ListItem\",\"position\":1,\"name\":\"Startseite\",\"item\":\"https:\/\/deutschkurs-stuttgart.de\/de\/deutschkolleg-stuttgart\/\"},{\"@type\":\"ListItem\",\"position\":2,\"name\":\"\u00dcber das Deutschkolleg Stuttgart\"}]},{\"@type\":\"WebSite\",\"@id\":\"https:\/\/deutschkurs-stuttgart.de\/de\/#website\",\"url\":\"https:\/\/deutschkurs-stuttgart.de\/de\/\",\"name\":\"Deutschkolleg Stuttgart\",\"description\":\"Schnell und effektiv Deutsch f\u00fcr Studium und Beruf lernen\",\"publisher\":{\"@id\":\"https:\/\/deutschkurs-stuttgart.de\/de\/#organization\"},\"potentialAction\":[{\"@type\":\"SearchAction\",\"target\":{\"@type\":\"EntryPoint\",\"urlTemplate\":\"https:\/\/deutschkurs-stuttgart.de\/de\/?s={search_term_string}\"},\"query-input\":{\"@type\":\"PropertyValueSpecification\",\"valueRequired\":true,\"valueName\":\"search_term_string\"}}],\"inLanguage\":\"de\"},{\"@type\":\"Organization\",\"@id\":\"https:\/\/deutschkurs-stuttgart.de\/de\/#organization\",\"name\":\"Deutschkolleg Stuttgart\",\"url\":\"https:\/\/deutschkurs-stuttgart.de\/de\/\",\"logo\":{\"@type\":\"ImageObject\",\"inLanguage\":\"de\",\"@id\":\"https:\/\/deutschkurs-stuttgart.de\/de\/#\/schema\/logo\/image\/\",\"url\":\"https:\/\/deutschkurs-stuttgart.de\/wp-content\/uploads\/2019\/05\/DK-Logo.png\",\"contentUrl\":\"https:\/\/deutschkurs-stuttgart.de\/wp-content\/uploads\/2019\/05\/DK-Logo.png\",\"width\":200,\"height\":152,\"caption\":\"Deutschkolleg Stuttgart\"},\"image\":{\"@id\":\"https:\/\/deutschkurs-stuttgart.de\/de\/#\/schema\/logo\/image\/\"},\"sameAs\":[\"https:\/\/www.facebook.com\/DeutschkollegStuttgart\",\"https:\/\/www.instagram.com\/deutschkolleg.stuttgart\/\"]}]}<\/script>\n<!-- \/ Yoast SEO plugin. -->","yoast_head_json":{"title":"\u00dcber das Deutschkolleg Stuttgart - Deutschkolleg Stuttgart","description":"Die Hauptaufgabe des Deutschkollegs ist die sprachliche Vorbereitung ausl\u00e4ndischer Studienbewerber(innen) und Studierenden auf das Studium in Deutschland","robots":{"index":"index","follow":"follow","max-snippet":"max-snippet:-1","max-image-preview":"max-image-preview:large","max-video-preview":"max-video-preview:-1"},"canonical":"https:\/\/deutschkurs-stuttgart.de\/de\/ueber-das-deutschkolleg-stuttgart\/","og_locale":"de_DE","og_type":"article","og_title":"\u00dcber das Deutschkolleg Stuttgart - Deutschkolleg Stuttgart","og_description":"Die Hauptaufgabe des Deutschkollegs ist die sprachliche Vorbereitung ausl\u00e4ndischer Studienbewerber(innen) und Studierenden auf das Studium in Deutschland","og_url":"https:\/\/deutschkurs-stuttgart.de\/de\/ueber-das-deutschkolleg-stuttgart\/","og_site_name":"Deutschkolleg Stuttgart","article_publisher":"https:\/\/www.facebook.com\/DeutschkollegStuttgart","article_modified_time":"2023-05-03T07:17:09+00:00","twitter_card":"summary_large_image","twitter_misc":{"Gesch\u00e4tzte Lesezeit":"3\u00a0Minuten"},"schema":{"@context":"https:\/\/schema.org","@graph":[{"@type":"WebPage","@id":"https:\/\/deutschkurs-stuttgart.de\/de\/ueber-das-deutschkolleg-stuttgart\/","url":"https:\/\/deutschkurs-stuttgart.de\/de\/ueber-das-deutschkolleg-stuttgart\/","name":"\u00dcber das Deutschkolleg Stuttgart - Deutschkolleg Stuttgart","isPartOf":{"@id":"https:\/\/deutschkurs-stuttgart.de\/de\/#website"},"datePublished":"2023-04-26T08:20:12+00:00","dateModified":"2023-05-03T07:17:09+00:00","description":"Die Hauptaufgabe des Deutschkollegs ist die sprachliche Vorbereitung ausl\u00e4ndischer Studienbewerber(innen) und Studierenden auf das Studium in Deutschland","breadcrumb":{"@id":"https:\/\/deutschkurs-stuttgart.de\/de\/ueber-das-deutschkolleg-stuttgart\/#breadcrumb"},"inLanguage":"de","potentialAction":[{"@type":"ReadAction","target":["https:\/\/deutschkurs-stuttgart.de\/de\/ueber-das-deutschkolleg-stuttgart\/"]}]},{"@type":"BreadcrumbList","@id":"https:\/\/deutschkurs-stuttgart.de\/de\/ueber-das-deutschkolleg-stuttgart\/#breadcrumb","itemListElement":[{"@type":"ListItem","position":1,"name":"Startseite","item":"https:\/\/deutschkurs-stuttgart.de\/de\/deutschkolleg-stuttgart\/"},{"@type":"ListItem","position":2,"name":"\u00dcber das Deutschkolleg Stuttgart"}]},{"@type":"WebSite","@id":"https:\/\/deutschkurs-stuttgart.de\/de\/#website","url":"https:\/\/deutschkurs-stuttgart.de\/de\/","name":"Deutschkolleg Stuttgart","description":"Schnell und effektiv Deutsch f\u00fcr Studium und Beruf lernen","publisher":{"@id":"https:\/\/deutschkurs-stuttgart.de\/de\/#organization"},"potentialAction":[{"@type":"SearchAction","target":{"@type":"EntryPoint","urlTemplate":"https:\/\/deutschkurs-stuttgart.de\/de\/?s={search_term_string}"},"query-input":{"@type":"PropertyValueSpecification","valueRequired":true,"valueName":"search_term_string"}}],"inLanguage":"de"},{"@type":"Organization","@id":"https:\/\/deutschkurs-stuttgart.de\/de\/#organization","name":"Deutschkolleg Stuttgart","url":"https:\/\/deutschkurs-stuttgart.de\/de\/","logo":{"@type":"ImageObject","inLanguage":"de","@id":"https:\/\/deutschkurs-stuttgart.de\/de\/#\/schema\/logo\/image\/","url":"https:\/\/deutschkurs-stuttgart.de\/wp-content\/uploads\/2019\/05\/DK-Logo.png","contentUrl":"https:\/\/deutschkurs-stuttgart.de\/wp-content\/uploads\/2019\/05\/DK-Logo.png","width":200,"height":152,"caption":"Deutschkolleg Stuttgart"},"image":{"@id":"https:\/\/deutschkurs-stuttgart.de\/de\/#\/schema\/logo\/image\/"},"sameAs":["https:\/\/www.facebook.com\/DeutschkollegStuttgart","https:\/\/www.instagram.com\/deutschkolleg.stuttgart\/"]}]}},"_links":{"self":[{"href":"https:\/\/deutschkurs-stuttgart.de\/de\/wp-json\/wp\/v2\/pages\/4619","targetHints":{"allow":["GET"]}}],"collection":[{"href":"https:\/\/deutschkurs-stuttgart.de\/de\/wp-json\/wp\/v2\/pages"}],"about":[{"href":"https:\/\/deutschkurs-stuttgart.de\/de\/wp-json\/wp\/v2\/types\/page"}],"author":[{"embeddable":true,"href":"https:\/\/deutschkurs-stuttgart.de\/de\/wp-json\/wp\/v2\/users\/4"}],"replies":[{"embeddable":true,"href":"https:\/\/deutschkurs-stuttgart.de\/de\/wp-json\/wp\/v2\/comments?post=4619"}],"version-history":[{"count":20,"href":"https:\/\/deutschkurs-stuttgart.de\/de\/wp-json\/wp\/v2\/pages\/4619\/revisions"}],"predecessor-version":[{"id":4666,"href":"https:\/\/deutschkurs-stuttgart.de\/de\/wp-json\/wp\/v2\/pages\/4619\/revisions\/4666"}],"wp:attachment":[{"href":"https:\/\/deutschkurs-stuttgart.de\/de\/wp-json\/wp\/v2\/media?parent=4619"}],"curies":[{"name":"wp","href":"https:\/\/api.w.org\/{rel}","templated":true}]}}