{"id":2507,"date":"2020-11-25T12:19:43","date_gmt":"2020-11-25T12:19:43","guid":{"rendered":"https:\/\/deutschkurs-stuttgart.de\/?page_id=2507"},"modified":"2022-12-07T11:46:49","modified_gmt":"2022-12-07T11:46:49","slug":"deutschunterricht-im-deutschkolleg-in-corona-zeiten","status":"publish","type":"page","link":"https:\/\/deutschkurs-stuttgart.de\/de\/deutschunterricht-im-deutschkolleg-in-corona-zeiten\/","title":{"rendered":"Deutschunterricht in Corona-Zeiten"},"content":{"rendered":"\n<style type=\"text\/css\" data-created_by=\"avia_inline_auto\" id=\"style-css-av-3rrgo-3986381b43d68a2e4a3023b63e16e4b5\">\n.flex_column.av-3rrgo-3986381b43d68a2e4a3023b63e16e4b5{\nborder-radius:0px 0px 0px 0px;\npadding:0px 0px 0px 0px;\n}\n<\/style>\n<div  class='flex_column av-3rrgo-3986381b43d68a2e4a3023b63e16e4b5 av_one_full  avia-builder-el-0  el_before_av_one_full  avia-builder-el-first  first flex_column_div av-zero-column-padding  '     ><style type=\"text\/css\" data-created_by=\"avia_inline_auto\" id=\"style-css-av-khxdbeoc-5a4438af4257eeb88322bf68a6b3d181\">\n.avia-image-container.av-khxdbeoc-5a4438af4257eeb88322bf68a6b3d181 img.avia_image{\nbox-shadow:none;\n}\n.avia-image-container.av-khxdbeoc-5a4438af4257eeb88322bf68a6b3d181 .av-image-caption-overlay-center{\ncolor:#ffffff;\n}\n<\/style>\n<div  class='avia-image-container av-khxdbeoc-5a4438af4257eeb88322bf68a6b3d181 av-styling- avia-align-center  avia-builder-el-1  avia-builder-el-no-sibling '   itemprop=\"image\" itemscope=\"itemscope\" itemtype=\"https:\/\/schema.org\/ImageObject\" ><div class=\"avia-image-container-inner\"><div class=\"avia-image-overlay-wrap\"><img decoding=\"async\" fetchpriority=\"high\" class='wp-image-1153 avia-img-lazy-loading-not-1153 avia_image ' src=\"https:\/\/deutschkurs-stuttgart.de\/wp-content\/uploads\/2019\/06\/deutschkolleg-stuttgart-how-to-find-us-1500x573.jpg\" alt='Information about how to come to Deutschkolleg Stuttgart' title='How to find Deutschkolleg Stuttgart'  height=\"573\" width=\"1500\"  itemprop=\"thumbnailUrl\" srcset=\"https:\/\/deutschkurs-stuttgart.de\/wp-content\/uploads\/2019\/06\/deutschkolleg-stuttgart-how-to-find-us.jpg 1500w, https:\/\/deutschkurs-stuttgart.de\/wp-content\/uploads\/2019\/06\/deutschkolleg-stuttgart-how-to-find-us-300x115.jpg 300w, https:\/\/deutschkurs-stuttgart.de\/wp-content\/uploads\/2019\/06\/deutschkolleg-stuttgart-how-to-find-us-768x293.jpg 768w, https:\/\/deutschkurs-stuttgart.de\/wp-content\/uploads\/2019\/06\/deutschkolleg-stuttgart-how-to-find-us-1030x393.jpg 1030w, https:\/\/deutschkurs-stuttgart.de\/wp-content\/uploads\/2019\/06\/deutschkolleg-stuttgart-how-to-find-us-705x269.jpg 705w, https:\/\/deutschkurs-stuttgart.de\/wp-content\/uploads\/2019\/06\/deutschkolleg-stuttgart-how-to-find-us-450x172.jpg 450w\" sizes=\"(max-width: 1500px) 100vw, 1500px\" \/><\/div><\/div><\/div><\/div>\n\n<style type=\"text\/css\" data-created_by=\"avia_inline_auto\" id=\"style-css-av-1qm7g-bcac57a836483b768a5e28c4a7613286\">\n.flex_column.av-1qm7g-bcac57a836483b768a5e28c4a7613286{\nborder-radius:0px 0px 0px 0px;\npadding:0px 0px 0px 0px;\n}\n<\/style>\n<div  class='flex_column av-1qm7g-bcac57a836483b768a5e28c4a7613286 av_one_full  avia-builder-el-2  el_after_av_one_full  avia-builder-el-last  first flex_column_div av-zero-column-padding  column-top-margin'     ><section  class='av_textblock_section av-jtri1aed-aa76bc42c903f286ad3ae6604dc0417b '   itemscope=\"itemscope\" itemtype=\"https:\/\/schema.org\/CreativeWork\" ><div class='avia_textblock'  itemprop=\"text\" ><h1>Deutschunterricht im Deutschkolleg in Corona-Zeiten<\/h1>\n<\/div><\/section><br \/>\n\n<style type=\"text\/css\" data-created_by=\"avia_inline_auto\" id=\"style-css-av-juutyfrg-f2a55e626120034cf59f28e3130d42c9\">\n#top .hr.hr-invisible.av-juutyfrg-f2a55e626120034cf59f28e3130d42c9{\nheight:20px;\n}\n<\/style>\n<div  class='hr av-juutyfrg-f2a55e626120034cf59f28e3130d42c9 hr-invisible  avia-builder-el-4  el_after_av_textblock  el_before_av_textblock '><span class='hr-inner '><span class=\"hr-inner-style\"><\/span><\/span><\/div><br \/>\n<section  class='av_textblock_section av-juuu9nh3-8bfe21a55629f98900311d2f7760a3cd '   itemscope=\"itemscope\" itemtype=\"https:\/\/schema.org\/CreativeWork\" ><div class='avia_textblock'  itemprop=\"text\" ><h3>Zum Kursablauf am Deutschkolleg w\u00e4hrend der Covid-19-Pandemie<\/h3>\n<p>Seit Beginn der Corona-Pandemie im Fr\u00fchjahr 2020 hat das Deutschkolleg durch starke Schutzma\u00dfnahmen erfolgreich Infektionsketten in den Kursen verhindert.<\/p>\n<p>Auch in Zukunft m\u00f6chten wir Sie und uns auch weiterhin so gut wie m\u00f6glich vor dem Coronavirus sch\u00fctzen. So bleiben alle gesund, und wir k\u00f6nnen verhin\u00addern, dass wir wegen Quarant\u00e4ne l\u00e4ngere Zeit Onlineunterricht machen m\u00fcssen.<\/p>\n<p><strong>Zur Zeit planen wir unsere Kurse mit 4 Pr\u00e4senz- und einem Online-Tag pro Woche.<\/strong><\/p>\n<p>Sollte es z.B. aufgrund einer Quarant\u00e4neverpflichtung erforderlich sein, k\u00f6nnen wir kurzfristig mehr Online-Unterricht anbieten.<\/p>\n<p><strong>F\u00fcr einen erfolgreichen Kursbesuch ist die Teilnahme am Pr\u00e4senzunterricht notwendig!<\/strong><\/p>\n<p><img loading=\"lazy\" decoding=\"async\" class=\"alignnone wp-image-2264 size-full\" src=\"https:\/\/deutschkurs-stuttgart.de\/wp-content\/uploads\/2020\/05\/Corona-Sicherheit.jpg\" alt=\"Corona Sicherheitsma\u00dfnahmen im Deutschkolleg\" width=\"480\" height=\"256\" srcset=\"https:\/\/deutschkurs-stuttgart.de\/wp-content\/uploads\/2020\/05\/Corona-Sicherheit.jpg 480w, https:\/\/deutschkurs-stuttgart.de\/wp-content\/uploads\/2020\/05\/Corona-Sicherheit-300x160.jpg 300w, https:\/\/deutschkurs-stuttgart.de\/wp-content\/uploads\/2020\/05\/Corona-Sicherheit-450x240.jpg 450w\" sizes=\"auto, (max-width: 480px) 100vw, 480px\" \/><\/p>\n<h3>Was Sie zum Online-Unterricht wissen m\u00fcssen<\/h3>\n<p>\u00c4hnlich wie bei Pr\u00e4senzkursen haben Online-Kurse verschiedene Phasen wie z.B.<\/p>\n<ul>\n<li>Videounterricht mit der gesamten Klasse<\/li>\n<li>Einzel- oder Gruppenarbeit online oder offline.<\/li>\n<\/ul>\n<p>Ihre Lehrerin kann nicht in jeder\u00a0Phase sichtbar sein. Aber sie steht f\u00fcr Sie bereit, nimmt Ihre Ergebnisse entgegen, \u00fcberpr\u00fcft sie und\u00a0gibt Ihnen R\u00fcckmeldung dazu. Die Bereitschaft und F\u00e4higkeit zu selbst\u00e4ndigem Arbeiten im\u00a0Unterricht ist on- und offline der Schl\u00fcssel zum Erfolg!<\/p>\n<p>Als <strong>technische Ausstattung<\/strong> hat sich bew\u00e4hrt:<\/p>\n<ul>\n<li>Laptop\/Computer (Windows 7 SP1 oder h\u00f6her \/ Mac OS X),<br \/>\nTablet oder (weniger gut) Smartphone (Android ab Version 5, iOS ab Version 11)<\/li>\n<li>Internetverbindung (mind. 500 Kbit\/s pro Nutzer)<\/li>\n<li>Kopfh\u00f6rer\/Headset und Maus sind n\u00fctzlich, um alle \u00dcbungen optimal bearbeiten zu k\u00f6nnen.<\/li>\n<\/ul>\n<p>Geeignet sind alle g\u00e4ngigen Browser (Mozilla Firefox, Google Chrome, Microsoft Edge, Safari) in der jeweils aktuellsten Version. In den Sicherheitseinstellungen des Browsers muss ggfls. JavaScript aktiviert sein.<\/p>\n<p>Haben Sie noch Fragen? &#8211; Kontaktieren Sie uns:<\/p>\n<p>info@deutschkolleg-stuttgart.de<br \/>\nTelefon: +49-711-687068-18<br \/>\nWhatsApp: +49-1520-3645556<\/p>\n<p>Deutschkolleg Stuttgart<br \/>\nAllmandring 6<br \/>\n70569 Stuttgart<br \/>\n<a href=\"https:\/\/www.deutschkolleg-stuttgart.de\/\">www.deutschkolleg-stuttgart.de<\/a><\/p>\n<\/div><\/section><\/p><\/div>\n","protected":false},"excerpt":{"rendered":"","protected":false},"author":4,"featured_media":0,"parent":0,"menu_order":0,"comment_status":"closed","ping_status":"closed","template":"","meta":{"footnotes":""},"class_list":["post-2507","page","type-page","status-publish","hentry"],"yoast_head":"<!-- This site is optimized with the Yoast SEO plugin v26.4 - https:\/\/yoast.com\/wordpress\/plugins\/seo\/ -->\n<title>Deutschunterricht in Corona-Zeiten - Deutschkolleg Stuttgart<\/title>\n<meta name=\"description\" content=\"Seit Beginn der Corona-Pandemie hat das Deutschkolleg durch starke Schutzma\u00dfnahmen erfolgreich Infektionsketten in den Kursen verhindert.\" \/>\n<meta name=\"robots\" content=\"index, follow, max-snippet:-1, max-image-preview:large, max-video-preview:-1\" \/>\n<link rel=\"canonical\" href=\"https:\/\/deutschkurs-stuttgart.de\/de\/deutschunterricht-im-deutschkolleg-in-corona-zeiten\/\" \/>\n<meta property=\"og:locale\" content=\"de_DE\" \/>\n<meta property=\"og:type\" content=\"article\" \/>\n<meta property=\"og:title\" content=\"Deutschunterricht in Corona-Zeiten - Deutschkolleg Stuttgart\" \/>\n<meta property=\"og:description\" content=\"Seit Beginn der Corona-Pandemie hat das Deutschkolleg durch starke Schutzma\u00dfnahmen erfolgreich Infektionsketten in den Kursen verhindert.\" \/>\n<meta property=\"og:url\" content=\"https:\/\/deutschkurs-stuttgart.de\/de\/deutschunterricht-im-deutschkolleg-in-corona-zeiten\/\" \/>\n<meta property=\"og:site_name\" content=\"Deutschkolleg Stuttgart\" \/>\n<meta property=\"article:publisher\" content=\"https:\/\/www.facebook.com\/DeutschkollegStuttgart\" \/>\n<meta property=\"article:modified_time\" content=\"2022-12-07T11:46:49+00:00\" \/>\n<meta property=\"og:image\" content=\"https:\/\/deutschkurs-stuttgart.de\/wp-content\/uploads\/2020\/05\/Corona-Sicherheit.jpg\" \/>\n<meta name=\"twitter:card\" content=\"summary_large_image\" \/>\n<meta name=\"twitter:label1\" content=\"Gesch\u00e4tzte Lesezeit\" \/>\n\t<meta name=\"twitter:data1\" content=\"3\u00a0Minuten\" \/>\n<script type=\"application\/ld+json\" class=\"yoast-schema-graph\">{\"@context\":\"https:\/\/schema.org\",\"@graph\":[{\"@type\":\"WebPage\",\"@id\":\"https:\/\/deutschkurs-stuttgart.de\/de\/deutschunterricht-im-deutschkolleg-in-corona-zeiten\/\",\"url\":\"https:\/\/deutschkurs-stuttgart.de\/de\/deutschunterricht-im-deutschkolleg-in-corona-zeiten\/\",\"name\":\"Deutschunterricht in Corona-Zeiten - Deutschkolleg Stuttgart\",\"isPartOf\":{\"@id\":\"https:\/\/deutschkurs-stuttgart.de\/de\/#website\"},\"primaryImageOfPage\":{\"@id\":\"https:\/\/deutschkurs-stuttgart.de\/de\/deutschunterricht-im-deutschkolleg-in-corona-zeiten\/#primaryimage\"},\"image\":{\"@id\":\"https:\/\/deutschkurs-stuttgart.de\/de\/deutschunterricht-im-deutschkolleg-in-corona-zeiten\/#primaryimage\"},\"thumbnailUrl\":\"https:\/\/deutschkurs-stuttgart.de\/wp-content\/uploads\/2020\/05\/Corona-Sicherheit.jpg\",\"datePublished\":\"2020-11-25T12:19:43+00:00\",\"dateModified\":\"2022-12-07T11:46:49+00:00\",\"description\":\"Seit Beginn der Corona-Pandemie hat das Deutschkolleg durch starke Schutzma\u00dfnahmen erfolgreich Infektionsketten in den Kursen verhindert.\",\"breadcrumb\":{\"@id\":\"https:\/\/deutschkurs-stuttgart.de\/de\/deutschunterricht-im-deutschkolleg-in-corona-zeiten\/#breadcrumb\"},\"inLanguage\":\"de\",\"potentialAction\":[{\"@type\":\"ReadAction\",\"target\":[\"https:\/\/deutschkurs-stuttgart.de\/de\/deutschunterricht-im-deutschkolleg-in-corona-zeiten\/\"]}]},{\"@type\":\"ImageObject\",\"inLanguage\":\"de\",\"@id\":\"https:\/\/deutschkurs-stuttgart.de\/de\/deutschunterricht-im-deutschkolleg-in-corona-zeiten\/#primaryimage\",\"url\":\"https:\/\/deutschkurs-stuttgart.de\/wp-content\/uploads\/2020\/05\/Corona-Sicherheit.jpg\",\"contentUrl\":\"https:\/\/deutschkurs-stuttgart.de\/wp-content\/uploads\/2020\/05\/Corona-Sicherheit.jpg\"},{\"@type\":\"BreadcrumbList\",\"@id\":\"https:\/\/deutschkurs-stuttgart.de\/de\/deutschunterricht-im-deutschkolleg-in-corona-zeiten\/#breadcrumb\",\"itemListElement\":[{\"@type\":\"ListItem\",\"position\":1,\"name\":\"Startseite\",\"item\":\"https:\/\/deutschkurs-stuttgart.de\/de\/deutschkolleg-stuttgart\/\"},{\"@type\":\"ListItem\",\"position\":2,\"name\":\"Deutschunterricht in Corona-Zeiten\"}]},{\"@type\":\"WebSite\",\"@id\":\"https:\/\/deutschkurs-stuttgart.de\/de\/#website\",\"url\":\"https:\/\/deutschkurs-stuttgart.de\/de\/\",\"name\":\"Deutschkolleg Stuttgart\",\"description\":\"Schnell und effektiv Deutsch f\u00fcr Studium und Beruf lernen\",\"publisher\":{\"@id\":\"https:\/\/deutschkurs-stuttgart.de\/de\/#organization\"},\"potentialAction\":[{\"@type\":\"SearchAction\",\"target\":{\"@type\":\"EntryPoint\",\"urlTemplate\":\"https:\/\/deutschkurs-stuttgart.de\/de\/?s={search_term_string}\"},\"query-input\":{\"@type\":\"PropertyValueSpecification\",\"valueRequired\":true,\"valueName\":\"search_term_string\"}}],\"inLanguage\":\"de\"},{\"@type\":\"Organization\",\"@id\":\"https:\/\/deutschkurs-stuttgart.de\/de\/#organization\",\"name\":\"Deutschkolleg Stuttgart\",\"url\":\"https:\/\/deutschkurs-stuttgart.de\/de\/\",\"logo\":{\"@type\":\"ImageObject\",\"inLanguage\":\"de\",\"@id\":\"https:\/\/deutschkurs-stuttgart.de\/de\/#\/schema\/logo\/image\/\",\"url\":\"https:\/\/deutschkurs-stuttgart.de\/wp-content\/uploads\/2019\/05\/DK-Logo.png\",\"contentUrl\":\"https:\/\/deutschkurs-stuttgart.de\/wp-content\/uploads\/2019\/05\/DK-Logo.png\",\"width\":200,\"height\":152,\"caption\":\"Deutschkolleg Stuttgart\"},\"image\":{\"@id\":\"https:\/\/deutschkurs-stuttgart.de\/de\/#\/schema\/logo\/image\/\"},\"sameAs\":[\"https:\/\/www.facebook.com\/DeutschkollegStuttgart\",\"https:\/\/www.instagram.com\/deutschkolleg.stuttgart\/\"]}]}<\/script>\n<!-- \/ Yoast SEO plugin. -->","yoast_head_json":{"title":"Deutschunterricht in Corona-Zeiten - Deutschkolleg Stuttgart","description":"Seit Beginn der Corona-Pandemie hat das Deutschkolleg durch starke Schutzma\u00dfnahmen erfolgreich Infektionsketten in den Kursen verhindert.","robots":{"index":"index","follow":"follow","max-snippet":"max-snippet:-1","max-image-preview":"max-image-preview:large","max-video-preview":"max-video-preview:-1"},"canonical":"https:\/\/deutschkurs-stuttgart.de\/de\/deutschunterricht-im-deutschkolleg-in-corona-zeiten\/","og_locale":"de_DE","og_type":"article","og_title":"Deutschunterricht in Corona-Zeiten - Deutschkolleg Stuttgart","og_description":"Seit Beginn der Corona-Pandemie hat das Deutschkolleg durch starke Schutzma\u00dfnahmen erfolgreich Infektionsketten in den Kursen verhindert.","og_url":"https:\/\/deutschkurs-stuttgart.de\/de\/deutschunterricht-im-deutschkolleg-in-corona-zeiten\/","og_site_name":"Deutschkolleg Stuttgart","article_publisher":"https:\/\/www.facebook.com\/DeutschkollegStuttgart","article_modified_time":"2022-12-07T11:46:49+00:00","og_image":[{"url":"https:\/\/deutschkurs-stuttgart.de\/wp-content\/uploads\/2020\/05\/Corona-Sicherheit.jpg","type":"","width":"","height":""}],"twitter_card":"summary_large_image","twitter_misc":{"Gesch\u00e4tzte Lesezeit":"3\u00a0Minuten"},"schema":{"@context":"https:\/\/schema.org","@graph":[{"@type":"WebPage","@id":"https:\/\/deutschkurs-stuttgart.de\/de\/deutschunterricht-im-deutschkolleg-in-corona-zeiten\/","url":"https:\/\/deutschkurs-stuttgart.de\/de\/deutschunterricht-im-deutschkolleg-in-corona-zeiten\/","name":"Deutschunterricht in Corona-Zeiten - Deutschkolleg Stuttgart","isPartOf":{"@id":"https:\/\/deutschkurs-stuttgart.de\/de\/#website"},"primaryImageOfPage":{"@id":"https:\/\/deutschkurs-stuttgart.de\/de\/deutschunterricht-im-deutschkolleg-in-corona-zeiten\/#primaryimage"},"image":{"@id":"https:\/\/deutschkurs-stuttgart.de\/de\/deutschunterricht-im-deutschkolleg-in-corona-zeiten\/#primaryimage"},"thumbnailUrl":"https:\/\/deutschkurs-stuttgart.de\/wp-content\/uploads\/2020\/05\/Corona-Sicherheit.jpg","datePublished":"2020-11-25T12:19:43+00:00","dateModified":"2022-12-07T11:46:49+00:00","description":"Seit Beginn der Corona-Pandemie hat das Deutschkolleg durch starke Schutzma\u00dfnahmen erfolgreich Infektionsketten in den Kursen verhindert.","breadcrumb":{"@id":"https:\/\/deutschkurs-stuttgart.de\/de\/deutschunterricht-im-deutschkolleg-in-corona-zeiten\/#breadcrumb"},"inLanguage":"de","potentialAction":[{"@type":"ReadAction","target":["https:\/\/deutschkurs-stuttgart.de\/de\/deutschunterricht-im-deutschkolleg-in-corona-zeiten\/"]}]},{"@type":"ImageObject","inLanguage":"de","@id":"https:\/\/deutschkurs-stuttgart.de\/de\/deutschunterricht-im-deutschkolleg-in-corona-zeiten\/#primaryimage","url":"https:\/\/deutschkurs-stuttgart.de\/wp-content\/uploads\/2020\/05\/Corona-Sicherheit.jpg","contentUrl":"https:\/\/deutschkurs-stuttgart.de\/wp-content\/uploads\/2020\/05\/Corona-Sicherheit.jpg"},{"@type":"BreadcrumbList","@id":"https:\/\/deutschkurs-stuttgart.de\/de\/deutschunterricht-im-deutschkolleg-in-corona-zeiten\/#breadcrumb","itemListElement":[{"@type":"ListItem","position":1,"name":"Startseite","item":"https:\/\/deutschkurs-stuttgart.de\/de\/deutschkolleg-stuttgart\/"},{"@type":"ListItem","position":2,"name":"Deutschunterricht in Corona-Zeiten"}]},{"@type":"WebSite","@id":"https:\/\/deutschkurs-stuttgart.de\/de\/#website","url":"https:\/\/deutschkurs-stuttgart.de\/de\/","name":"Deutschkolleg Stuttgart","description":"Schnell und effektiv Deutsch f\u00fcr Studium und Beruf lernen","publisher":{"@id":"https:\/\/deutschkurs-stuttgart.de\/de\/#organization"},"potentialAction":[{"@type":"SearchAction","target":{"@type":"EntryPoint","urlTemplate":"https:\/\/deutschkurs-stuttgart.de\/de\/?s={search_term_string}"},"query-input":{"@type":"PropertyValueSpecification","valueRequired":true,"valueName":"search_term_string"}}],"inLanguage":"de"},{"@type":"Organization","@id":"https:\/\/deutschkurs-stuttgart.de\/de\/#organization","name":"Deutschkolleg Stuttgart","url":"https:\/\/deutschkurs-stuttgart.de\/de\/","logo":{"@type":"ImageObject","inLanguage":"de","@id":"https:\/\/deutschkurs-stuttgart.de\/de\/#\/schema\/logo\/image\/","url":"https:\/\/deutschkurs-stuttgart.de\/wp-content\/uploads\/2019\/05\/DK-Logo.png","contentUrl":"https:\/\/deutschkurs-stuttgart.de\/wp-content\/uploads\/2019\/05\/DK-Logo.png","width":200,"height":152,"caption":"Deutschkolleg Stuttgart"},"image":{"@id":"https:\/\/deutschkurs-stuttgart.de\/de\/#\/schema\/logo\/image\/"},"sameAs":["https:\/\/www.facebook.com\/DeutschkollegStuttgart","https:\/\/www.instagram.com\/deutschkolleg.stuttgart\/"]}]}},"_links":{"self":[{"href":"https:\/\/deutschkurs-stuttgart.de\/de\/wp-json\/wp\/v2\/pages\/2507","targetHints":{"allow":["GET"]}}],"collection":[{"href":"https:\/\/deutschkurs-stuttgart.de\/de\/wp-json\/wp\/v2\/pages"}],"about":[{"href":"https:\/\/deutschkurs-stuttgart.de\/de\/wp-json\/wp\/v2\/types\/page"}],"author":[{"embeddable":true,"href":"https:\/\/deutschkurs-stuttgart.de\/de\/wp-json\/wp\/v2\/users\/4"}],"replies":[{"embeddable":true,"href":"https:\/\/deutschkurs-stuttgart.de\/de\/wp-json\/wp\/v2\/comments?post=2507"}],"version-history":[{"count":18,"href":"https:\/\/deutschkurs-stuttgart.de\/de\/wp-json\/wp\/v2\/pages\/2507\/revisions"}],"predecessor-version":[{"id":4010,"href":"https:\/\/deutschkurs-stuttgart.de\/de\/wp-json\/wp\/v2\/pages\/2507\/revisions\/4010"}],"wp:attachment":[{"href":"https:\/\/deutschkurs-stuttgart.de\/de\/wp-json\/wp\/v2\/media?parent=2507"}],"curies":[{"name":"wp","href":"https:\/\/api.w.org\/{rel}","templated":true}]}}