{"id":1325,"date":"2019-06-19T08:27:31","date_gmt":"2019-06-19T08:27:31","guid":{"rendered":"https:\/\/deutschkurs-stuttgart.de\/?page_id=1325"},"modified":"2023-11-22T12:40:22","modified_gmt":"2023-11-22T11:40:22","slug":"haeufige-fragen","status":"publish","type":"page","link":"https:\/\/deutschkurs-stuttgart.de\/de\/haeufige-fragen\/","title":{"rendered":"H\u00e4ufige Fragen"},"content":{"rendered":"\n<style type=\"text\/css\" data-created_by=\"avia_inline_auto\" id=\"style-css-av-3rrgo-3986381b43d68a2e4a3023b63e16e4b5\">\n.flex_column.av-3rrgo-3986381b43d68a2e4a3023b63e16e4b5{\nborder-radius:0px 0px 0px 0px;\npadding:0px 0px 0px 0px;\n}\n<\/style>\n<div  class='flex_column av-3rrgo-3986381b43d68a2e4a3023b63e16e4b5 av_one_full  avia-builder-el-0  el_before_av_one_full  avia-builder-el-first  first flex_column_div av-zero-column-padding  '     ><style type=\"text\/css\" data-created_by=\"avia_inline_auto\" id=\"style-css-av-jx2z1dp4-19bd547d7a0488d9b928a2e323642646\">\n.avia-image-container.av-jx2z1dp4-19bd547d7a0488d9b928a2e323642646 img.avia_image{\nbox-shadow:none;\n}\n.avia-image-container.av-jx2z1dp4-19bd547d7a0488d9b928a2e323642646 .av-image-caption-overlay-center{\ncolor:#ffffff;\n}\n<\/style>\n<div  class='avia-image-container av-jx2z1dp4-19bd547d7a0488d9b928a2e323642646 av-styling- avia-align-center  avia-builder-el-1  avia-builder-el-no-sibling '   itemprop=\"image\" itemscope=\"itemscope\" itemtype=\"https:\/\/schema.org\/ImageObject\" ><div class=\"avia-image-container-inner\"><div class=\"avia-image-overlay-wrap\"><img decoding=\"async\" fetchpriority=\"high\" class='wp-image-807 avia-img-lazy-loading-not-807 avia_image ' src=\"https:\/\/deutschkurs-stuttgart.de\/wp-content\/uploads\/2019\/05\/deutschkurs-im-deutschkolleg-stuttgart-1500x573.jpg\" alt='Optimal Deutschlernen im Deutschkolleg Stuttgart' title='Deutschkurs im Deutschkolleg Stuttgart'  height=\"573\" width=\"1500\"  itemprop=\"thumbnailUrl\" srcset=\"https:\/\/deutschkurs-stuttgart.de\/wp-content\/uploads\/2019\/05\/deutschkurs-im-deutschkolleg-stuttgart.jpg 1500w, https:\/\/deutschkurs-stuttgart.de\/wp-content\/uploads\/2019\/05\/deutschkurs-im-deutschkolleg-stuttgart-300x115.jpg 300w, https:\/\/deutschkurs-stuttgart.de\/wp-content\/uploads\/2019\/05\/deutschkurs-im-deutschkolleg-stuttgart-768x293.jpg 768w, https:\/\/deutschkurs-stuttgart.de\/wp-content\/uploads\/2019\/05\/deutschkurs-im-deutschkolleg-stuttgart-1030x393.jpg 1030w, https:\/\/deutschkurs-stuttgart.de\/wp-content\/uploads\/2019\/05\/deutschkurs-im-deutschkolleg-stuttgart-705x269.jpg 705w, https:\/\/deutschkurs-stuttgart.de\/wp-content\/uploads\/2019\/05\/deutschkurs-im-deutschkolleg-stuttgart-450x172.jpg 450w\" sizes=\"(max-width: 1500px) 100vw, 1500px\" \/><\/div><\/div><\/div><\/div>\n\n<style type=\"text\/css\" data-created_by=\"avia_inline_auto\" id=\"style-css-av-1qm7g-bcac57a836483b768a5e28c4a7613286\">\n.flex_column.av-1qm7g-bcac57a836483b768a5e28c4a7613286{\nborder-radius:0px 0px 0px 0px;\npadding:0px 0px 0px 0px;\n}\n<\/style>\n<div  class='flex_column av-1qm7g-bcac57a836483b768a5e28c4a7613286 av_one_full  avia-builder-el-2  el_after_av_one_full  avia-builder-el-last  first flex_column_div av-zero-column-padding  column-top-margin'     ><section  class='av_textblock_section av-jtri1aed-d5e0d6581702c234382410f29200f75a '   itemscope=\"itemscope\" itemtype=\"https:\/\/schema.org\/CreativeWork\" ><div class='avia_textblock'  itemprop=\"text\" ><h1>H\u00e4ufige Fragen zu den Deutschkursen im Deutschkolleg Stuttgart<\/h1>\n<\/div><\/section><br \/>\n\n<style type=\"text\/css\" data-created_by=\"avia_inline_auto\" id=\"style-css-av-juutyfrg-f2a55e626120034cf59f28e3130d42c9\">\n#top .hr.hr-invisible.av-juutyfrg-f2a55e626120034cf59f28e3130d42c9{\nheight:20px;\n}\n<\/style>\n<div  class='hr av-juutyfrg-f2a55e626120034cf59f28e3130d42c9 hr-invisible  avia-builder-el-4  el_after_av_textblock  el_before_av_textblock '><span class='hr-inner '><span class=\"hr-inner-style\"><\/span><\/span><\/div><br \/>\n<section  class='av_textblock_section av-juuu9nh3-8bfe21a55629f98900311d2f7760a3cd '   itemscope=\"itemscope\" itemtype=\"https:\/\/schema.org\/CreativeWork\" ><div class='avia_textblock'  itemprop=\"text\" ><p>Auf dieser Seite beantworten wir h\u00e4ufige Fragen zu den Deutschkursen im Deutschkolleg Stuttgart.<\/p>\n<p>Bitte kontaktieren Sie unser Deutschkurs-B\u00fcro, wenn Sie weitere Fragen haben: <a href=\"https:\/\/deutschkurs-stuttgart.de\/de\/deutschkolleg-stuttgart-kontakt\/\">Kontakt<\/a><\/p>\n<h3>Was kostet ein Deutschkurs im Deutschkolleg Stuttgart?<\/h3>\n<ul>\n<li>Unsere aktuellen Preise finden sich hier: <a href=\"https:\/\/deutschkurs-stuttgart.de\/de\/deutschkurse-preise-und-termine\/\">Preise und Termine<\/a><\/li>\n<li>Alle Kurse auf allen Kursstufen (A1 bis TestDaF) dauern gleich lang (ca. 6 Wochen).<\/li>\n<li>Kosten f\u00fcr Kursmaterialien (B\u00fccher, Kopien), Kursbescheinigungen und Zeugnisse sind im Preis enthalten.<\/li>\n<\/ul>\n<h3>Wie lange dauern die Deutschkurse im Deutschkolleg Stuttgart?<\/h3>\n<ul>\n<li>Alle Kurse auf allen Kursstufen (A1 bis TestDaF) dauern ca. 6 Wochen \u00e1 25 Unterrichtseinheiten, insgesamt ca. 140 UEs (1 UE = 45 Minuten).<\/li>\n<\/ul>\n<h3>Wann beginnt der n\u00e4chste Kurs\u00a0im Deutschkolleg Stuttgart?<\/h3>\n<p>Alle aktuellen Termine erfahren Sie auf dieser Seite:<\/p>\n<p><a href=\"https:\/\/deutschkurs-stuttgart.de\/de\/deutschkurse-preise-und-termine\/\">Preise und Termine<\/a><\/p>\n<h3>Wann findet der Unterricht statt?<\/h3>\n<p>Bitte beachten Sie unsere aktuellen Hinweise zum Unterricht w\u00e4hrend der Corona-Krise:\u00a0<a href=\"https:\/\/deutschkurs-stuttgart.de\/de\/deutschunterricht-im-deutschkolleg-in-corona-zeiten\/\">Deutschunterricht im Deutschkolleg in Corona-Zeiten<\/a><\/p>\n<p>Sie haben jede Woche t\u00e4glich von Montag bis Freitag 5 Unterrichtsstunden (\u00e0 45 Minuten) = 25 Unterrichtsstunden\/Woche.<\/p>\n<p>Der Unterricht findet entweder vormittags oder nachmittags statt:<\/p>\n<ul>\n<li>vormittags von 9.00 Uhr &#8211; 13,15 Uhr oder<\/li>\n<\/ul>\n<ul>\n<li>nachmittags von 13.30 Uhr &#8211; 17.45 Uhr.<\/li>\n<\/ul>\n<p>Alle Kurse dauern 6 Wochen (\u00e0 25 Unterrichtsstunden = 150 Unterrichtsstunden).<\/p>\n<p>Die Kurszeiten f\u00fcr Ihren Kurs erfahren Sie in unserem Deutschkurs-B\u00fcro:<\/p>\n<p><a href=\"https:\/\/deutschkurs-stuttgart.de\/de\/deutschkolleg-stuttgart-kontakt\/\">Kontakt<\/a><\/p>\n<h3>Welcher\u00a0 Deutschkurs ist der richtige?<\/h3>\n<p>Bevor Sie Ihren Kurs beginnen, f\u00fchren wir einen Einstufungstest durch, damit wir den richtigen Deutschkurs f\u00fcr Sie finden k\u00f6nnen.<\/p>\n<p>Mehr Informationen zum Einstufungstest:\u00a0<a href=\"https:\/\/deutschkurs-stuttgart.de\/de\/deutschkurs-einstufung-niveau\/\">Einstufungstest<\/a><\/p>\n<h3>Wie kann man sich\u00a0 im Deutschkolleg Stuttgart anmelden?<\/h3>\n<p>Sie k\u00f6nnen sich bequem online anmelden. Gehen Sie zu unserer Anmeldeseite im Internet und w\u00e4hlen den gew\u00fcnschten Kurs und das passende Datum.<\/p>\n<p>Wenn Sie nicht wissen, welches Kursniveau f\u00fcr Sie passt, w\u00e4hlen Sie einfach das Niveau, das ihrer Meinung nach am besten passen k\u00f6nnte: Wir werden das f\u00fcr Sie passende Kursniveau vor Beginn des Kurses in unserem Einstufungstest feststellen.<\/p>\n<p><a href=\"https:\/\/deutschkurs-stuttgart.de\/de\/anmeldung\/\">Online-Anmeldung<\/a><\/p>\n<p>Wenn Sie schon in Stuttgart sind, k\u00f6nnen Sie sich nat\u00fcrlich auch w\u00e4hrend\u00a0 unserer B\u00fcrozeiten in unserem Deutschkurs-B\u00fcro anmelden. Die aktuellen B\u00fcrozeiten und unseren Adresse\u00a0 finden sie auf unserer Kontaktseite:<\/p>\n<p><a href=\"https:\/\/deutschkurs-stuttgart.de\/de\/deutschkolleg-stuttgart-kontakt\/\">Kontakt &#8211; Deutschkolleg Stuttgart<\/a><\/p>\n<h2>Andere Fragen<\/h2>\n<p><a href=\"https:\/\/deutschkurs-stuttgart.de\/de\/visum-deutschkurs\/\">Das richtige Visum f\u00fcr euren Deutschkurs<\/a><\/p>\n<p><a href=\"https:\/\/deutschkurs-stuttgart.de\/de\/deutschkurs-anmeldung-vom-ausland\/\">Deutschkurs Anmeldung vom Ausland<\/a><\/p>\n<p><a href=\"https:\/\/deutschkurs-stuttgart.de\/de\/warum-ihr-im-deutschkolleg-deutsch-lernen-solltet\/\">Warum ihr im Deutschkolleg Deutsch lernen solltet<\/a><\/p>\n<p><a href=\"https:\/\/deutschkurs-stuttgart.de\/de\/testdaf-digital-im-deutschkolleg-stuttgart\/\">TestDaF digital im Deutschkolleg Stuttgart<\/a><\/p>\n<p>Zur\u00fcck zur: <a href=\"https:\/\/deutschkurs-stuttgart.de\/de\/\">Startseite<\/a><\/p>\n<\/div><\/section><\/p><\/div>\n","protected":false},"excerpt":{"rendered":"","protected":false},"author":4,"featured_media":0,"parent":0,"menu_order":0,"comment_status":"closed","ping_status":"closed","template":"","meta":{"footnotes":""},"class_list":["post-1325","page","type-page","status-publish","hentry"],"yoast_head":"<!-- This site is optimized with the Yoast SEO plugin v26.4 - https:\/\/yoast.com\/wordpress\/plugins\/seo\/ -->\n<title>H\u00e4ufige Fragen - Deutschkolleg Stuttgart<\/title>\n<meta name=\"description\" content=\"Hier finden Sie Antworten auf Fragen, die uns h\u00e4ufig gestellt werden. Bitte kontaktieren Sie uns, wenn Sie Ihre Fragen hier nicht beantwortet finden.\" \/>\n<meta name=\"robots\" content=\"index, follow, max-snippet:-1, max-image-preview:large, max-video-preview:-1\" \/>\n<link rel=\"canonical\" href=\"https:\/\/deutschkurs-stuttgart.de\/de\/haeufige-fragen\/\" \/>\n<meta property=\"og:locale\" content=\"de_DE\" \/>\n<meta property=\"og:type\" content=\"article\" \/>\n<meta property=\"og:title\" content=\"H\u00e4ufige Fragen - Deutschkolleg Stuttgart\" \/>\n<meta property=\"og:description\" content=\"Hier finden Sie Antworten auf Fragen, die uns h\u00e4ufig gestellt werden. Bitte kontaktieren Sie uns, wenn Sie Ihre Fragen hier nicht beantwortet finden.\" \/>\n<meta property=\"og:url\" content=\"https:\/\/deutschkurs-stuttgart.de\/de\/haeufige-fragen\/\" \/>\n<meta property=\"og:site_name\" content=\"Deutschkolleg Stuttgart\" \/>\n<meta property=\"article:publisher\" content=\"https:\/\/www.facebook.com\/DeutschkollegStuttgart\" \/>\n<meta property=\"article:modified_time\" content=\"2023-11-22T11:40:22+00:00\" \/>\n<meta name=\"twitter:card\" content=\"summary_large_image\" \/>\n<meta name=\"twitter:label1\" content=\"Gesch\u00e4tzte Lesezeit\" \/>\n\t<meta name=\"twitter:data1\" content=\"3\u00a0Minuten\" \/>\n<script type=\"application\/ld+json\" class=\"yoast-schema-graph\">{\"@context\":\"https:\/\/schema.org\",\"@graph\":[{\"@type\":\"WebPage\",\"@id\":\"https:\/\/deutschkurs-stuttgart.de\/de\/haeufige-fragen\/\",\"url\":\"https:\/\/deutschkurs-stuttgart.de\/de\/haeufige-fragen\/\",\"name\":\"H\u00e4ufige Fragen - Deutschkolleg Stuttgart\",\"isPartOf\":{\"@id\":\"https:\/\/deutschkurs-stuttgart.de\/de\/#website\"},\"datePublished\":\"2019-06-19T08:27:31+00:00\",\"dateModified\":\"2023-11-22T11:40:22+00:00\",\"description\":\"Hier finden Sie Antworten auf Fragen, die uns h\u00e4ufig gestellt werden. Bitte kontaktieren Sie uns, wenn Sie Ihre Fragen hier nicht beantwortet finden.\",\"breadcrumb\":{\"@id\":\"https:\/\/deutschkurs-stuttgart.de\/de\/haeufige-fragen\/#breadcrumb\"},\"inLanguage\":\"de\",\"potentialAction\":[{\"@type\":\"ReadAction\",\"target\":[\"https:\/\/deutschkurs-stuttgart.de\/de\/haeufige-fragen\/\"]}]},{\"@type\":\"BreadcrumbList\",\"@id\":\"https:\/\/deutschkurs-stuttgart.de\/de\/haeufige-fragen\/#breadcrumb\",\"itemListElement\":[{\"@type\":\"ListItem\",\"position\":1,\"name\":\"Startseite\",\"item\":\"https:\/\/deutschkurs-stuttgart.de\/de\/deutschkolleg-stuttgart\/\"},{\"@type\":\"ListItem\",\"position\":2,\"name\":\"H\u00e4ufige Fragen\"}]},{\"@type\":\"WebSite\",\"@id\":\"https:\/\/deutschkurs-stuttgart.de\/de\/#website\",\"url\":\"https:\/\/deutschkurs-stuttgart.de\/de\/\",\"name\":\"Deutschkolleg Stuttgart\",\"description\":\"Schnell und effektiv Deutsch f\u00fcr Studium und Beruf lernen\",\"publisher\":{\"@id\":\"https:\/\/deutschkurs-stuttgart.de\/de\/#organization\"},\"potentialAction\":[{\"@type\":\"SearchAction\",\"target\":{\"@type\":\"EntryPoint\",\"urlTemplate\":\"https:\/\/deutschkurs-stuttgart.de\/de\/?s={search_term_string}\"},\"query-input\":{\"@type\":\"PropertyValueSpecification\",\"valueRequired\":true,\"valueName\":\"search_term_string\"}}],\"inLanguage\":\"de\"},{\"@type\":\"Organization\",\"@id\":\"https:\/\/deutschkurs-stuttgart.de\/de\/#organization\",\"name\":\"Deutschkolleg Stuttgart\",\"url\":\"https:\/\/deutschkurs-stuttgart.de\/de\/\",\"logo\":{\"@type\":\"ImageObject\",\"inLanguage\":\"de\",\"@id\":\"https:\/\/deutschkurs-stuttgart.de\/de\/#\/schema\/logo\/image\/\",\"url\":\"https:\/\/deutschkurs-stuttgart.de\/wp-content\/uploads\/2019\/05\/DK-Logo.png\",\"contentUrl\":\"https:\/\/deutschkurs-stuttgart.de\/wp-content\/uploads\/2019\/05\/DK-Logo.png\",\"width\":200,\"height\":152,\"caption\":\"Deutschkolleg Stuttgart\"},\"image\":{\"@id\":\"https:\/\/deutschkurs-stuttgart.de\/de\/#\/schema\/logo\/image\/\"},\"sameAs\":[\"https:\/\/www.facebook.com\/DeutschkollegStuttgart\",\"https:\/\/www.instagram.com\/deutschkolleg.stuttgart\/\"]}]}<\/script>\n<!-- \/ Yoast SEO plugin. -->","yoast_head_json":{"title":"H\u00e4ufige Fragen - Deutschkolleg Stuttgart","description":"Hier finden Sie Antworten auf Fragen, die uns h\u00e4ufig gestellt werden. Bitte kontaktieren Sie uns, wenn Sie Ihre Fragen hier nicht beantwortet finden.","robots":{"index":"index","follow":"follow","max-snippet":"max-snippet:-1","max-image-preview":"max-image-preview:large","max-video-preview":"max-video-preview:-1"},"canonical":"https:\/\/deutschkurs-stuttgart.de\/de\/haeufige-fragen\/","og_locale":"de_DE","og_type":"article","og_title":"H\u00e4ufige Fragen - Deutschkolleg Stuttgart","og_description":"Hier finden Sie Antworten auf Fragen, die uns h\u00e4ufig gestellt werden. Bitte kontaktieren Sie uns, wenn Sie Ihre Fragen hier nicht beantwortet finden.","og_url":"https:\/\/deutschkurs-stuttgart.de\/de\/haeufige-fragen\/","og_site_name":"Deutschkolleg Stuttgart","article_publisher":"https:\/\/www.facebook.com\/DeutschkollegStuttgart","article_modified_time":"2023-11-22T11:40:22+00:00","twitter_card":"summary_large_image","twitter_misc":{"Gesch\u00e4tzte Lesezeit":"3\u00a0Minuten"},"schema":{"@context":"https:\/\/schema.org","@graph":[{"@type":"WebPage","@id":"https:\/\/deutschkurs-stuttgart.de\/de\/haeufige-fragen\/","url":"https:\/\/deutschkurs-stuttgart.de\/de\/haeufige-fragen\/","name":"H\u00e4ufige Fragen - Deutschkolleg Stuttgart","isPartOf":{"@id":"https:\/\/deutschkurs-stuttgart.de\/de\/#website"},"datePublished":"2019-06-19T08:27:31+00:00","dateModified":"2023-11-22T11:40:22+00:00","description":"Hier finden Sie Antworten auf Fragen, die uns h\u00e4ufig gestellt werden. Bitte kontaktieren Sie uns, wenn Sie Ihre Fragen hier nicht beantwortet finden.","breadcrumb":{"@id":"https:\/\/deutschkurs-stuttgart.de\/de\/haeufige-fragen\/#breadcrumb"},"inLanguage":"de","potentialAction":[{"@type":"ReadAction","target":["https:\/\/deutschkurs-stuttgart.de\/de\/haeufige-fragen\/"]}]},{"@type":"BreadcrumbList","@id":"https:\/\/deutschkurs-stuttgart.de\/de\/haeufige-fragen\/#breadcrumb","itemListElement":[{"@type":"ListItem","position":1,"name":"Startseite","item":"https:\/\/deutschkurs-stuttgart.de\/de\/deutschkolleg-stuttgart\/"},{"@type":"ListItem","position":2,"name":"H\u00e4ufige Fragen"}]},{"@type":"WebSite","@id":"https:\/\/deutschkurs-stuttgart.de\/de\/#website","url":"https:\/\/deutschkurs-stuttgart.de\/de\/","name":"Deutschkolleg Stuttgart","description":"Schnell und effektiv Deutsch f\u00fcr Studium und Beruf lernen","publisher":{"@id":"https:\/\/deutschkurs-stuttgart.de\/de\/#organization"},"potentialAction":[{"@type":"SearchAction","target":{"@type":"EntryPoint","urlTemplate":"https:\/\/deutschkurs-stuttgart.de\/de\/?s={search_term_string}"},"query-input":{"@type":"PropertyValueSpecification","valueRequired":true,"valueName":"search_term_string"}}],"inLanguage":"de"},{"@type":"Organization","@id":"https:\/\/deutschkurs-stuttgart.de\/de\/#organization","name":"Deutschkolleg Stuttgart","url":"https:\/\/deutschkurs-stuttgart.de\/de\/","logo":{"@type":"ImageObject","inLanguage":"de","@id":"https:\/\/deutschkurs-stuttgart.de\/de\/#\/schema\/logo\/image\/","url":"https:\/\/deutschkurs-stuttgart.de\/wp-content\/uploads\/2019\/05\/DK-Logo.png","contentUrl":"https:\/\/deutschkurs-stuttgart.de\/wp-content\/uploads\/2019\/05\/DK-Logo.png","width":200,"height":152,"caption":"Deutschkolleg Stuttgart"},"image":{"@id":"https:\/\/deutschkurs-stuttgart.de\/de\/#\/schema\/logo\/image\/"},"sameAs":["https:\/\/www.facebook.com\/DeutschkollegStuttgart","https:\/\/www.instagram.com\/deutschkolleg.stuttgart\/"]}]}},"_links":{"self":[{"href":"https:\/\/deutschkurs-stuttgart.de\/de\/wp-json\/wp\/v2\/pages\/1325","targetHints":{"allow":["GET"]}}],"collection":[{"href":"https:\/\/deutschkurs-stuttgart.de\/de\/wp-json\/wp\/v2\/pages"}],"about":[{"href":"https:\/\/deutschkurs-stuttgart.de\/de\/wp-json\/wp\/v2\/types\/page"}],"author":[{"embeddable":true,"href":"https:\/\/deutschkurs-stuttgart.de\/de\/wp-json\/wp\/v2\/users\/4"}],"replies":[{"embeddable":true,"href":"https:\/\/deutschkurs-stuttgart.de\/de\/wp-json\/wp\/v2\/comments?post=1325"}],"version-history":[{"count":29,"href":"https:\/\/deutschkurs-stuttgart.de\/de\/wp-json\/wp\/v2\/pages\/1325\/revisions"}],"predecessor-version":[{"id":4983,"href":"https:\/\/deutschkurs-stuttgart.de\/de\/wp-json\/wp\/v2\/pages\/1325\/revisions\/4983"}],"wp:attachment":[{"href":"https:\/\/deutschkurs-stuttgart.de\/de\/wp-json\/wp\/v2\/media?parent=1325"}],"curies":[{"name":"wp","href":"https:\/\/api.w.org\/{rel}","templated":true}]}}