{"id":1225,"date":"2019-06-17T13:07:32","date_gmt":"2019-06-17T13:07:32","guid":{"rendered":"https:\/\/deutschkurs-stuttgart.de\/?page_id=1225"},"modified":"2022-05-25T09:41:48","modified_gmt":"2022-05-25T09:41:48","slug":"allgemeine-geschaeftsbedingungen","status":"publish","type":"page","link":"https:\/\/deutschkurs-stuttgart.de\/de\/allgemeine-geschaeftsbedingungen\/","title":{"rendered":"Allgemeine Gesch\u00e4ftsbedingungen"},"content":{"rendered":"\n<style type=\"text\/css\" data-created_by=\"avia_inline_auto\" id=\"style-css-av-3rrgo-3986381b43d68a2e4a3023b63e16e4b5\">\n.flex_column.av-3rrgo-3986381b43d68a2e4a3023b63e16e4b5{\nborder-radius:0px 0px 0px 0px;\npadding:0px 0px 0px 0px;\n}\n<\/style>\n<div  class='flex_column av-3rrgo-3986381b43d68a2e4a3023b63e16e4b5 av_one_full  avia-builder-el-0  el_before_av_one_full  avia-builder-el-first  first flex_column_div av-zero-column-padding  '     ><style type=\"text\/css\" data-created_by=\"avia_inline_auto\" id=\"style-css-av-25r8jt-aef947dd1ddb7b38299e1b857d6c1817\">\n.avia-image-container.av-25r8jt-aef947dd1ddb7b38299e1b857d6c1817 img.avia_image{\nbox-shadow:none;\n}\n.avia-image-container.av-25r8jt-aef947dd1ddb7b38299e1b857d6c1817 .av-image-caption-overlay-center{\ncolor:#ffffff;\n}\n<\/style>\n<div  class='avia-image-container av-25r8jt-aef947dd1ddb7b38299e1b857d6c1817 av-styling- avia-align-center  avia-builder-el-1  avia-builder-el-no-sibling '   itemprop=\"image\" itemscope=\"itemscope\" itemtype=\"https:\/\/schema.org\/ImageObject\" ><div class=\"avia-image-container-inner\"><div class=\"avia-image-overlay-wrap\"><img decoding=\"async\" fetchpriority=\"high\" class='wp-image-1153 avia-img-lazy-loading-not-1153 avia_image ' src=\"https:\/\/deutschkurs-stuttgart.de\/wp-content\/uploads\/2019\/06\/deutschkolleg-stuttgart-how-to-find-us-1500x573.jpg\" alt='Information about how to come to Deutschkolleg Stuttgart' title='How to find Deutschkolleg Stuttgart'  height=\"573\" width=\"1500\"  itemprop=\"thumbnailUrl\" srcset=\"https:\/\/deutschkurs-stuttgart.de\/wp-content\/uploads\/2019\/06\/deutschkolleg-stuttgart-how-to-find-us.jpg 1500w, https:\/\/deutschkurs-stuttgart.de\/wp-content\/uploads\/2019\/06\/deutschkolleg-stuttgart-how-to-find-us-300x115.jpg 300w, https:\/\/deutschkurs-stuttgart.de\/wp-content\/uploads\/2019\/06\/deutschkolleg-stuttgart-how-to-find-us-768x293.jpg 768w, https:\/\/deutschkurs-stuttgart.de\/wp-content\/uploads\/2019\/06\/deutschkolleg-stuttgart-how-to-find-us-1030x393.jpg 1030w, https:\/\/deutschkurs-stuttgart.de\/wp-content\/uploads\/2019\/06\/deutschkolleg-stuttgart-how-to-find-us-705x269.jpg 705w, https:\/\/deutschkurs-stuttgart.de\/wp-content\/uploads\/2019\/06\/deutschkolleg-stuttgart-how-to-find-us-450x172.jpg 450w\" sizes=\"(max-width: 1500px) 100vw, 1500px\" \/><\/div><\/div><\/div><\/div>\n<style type=\"text\/css\" data-created_by=\"avia_inline_auto\" id=\"style-css-av-1qm7g-bcac57a836483b768a5e28c4a7613286\">\n.flex_column.av-1qm7g-bcac57a836483b768a5e28c4a7613286{\nborder-radius:0px 0px 0px 0px;\npadding:0px 0px 0px 0px;\n}\n<\/style>\n<div  class='flex_column av-1qm7g-bcac57a836483b768a5e28c4a7613286 av_one_full  avia-builder-el-2  el_after_av_one_full  avia-builder-el-last  first flex_column_div av-zero-column-padding  column-top-margin'     ><section  class='av_textblock_section av-jtri1aed-aa76bc42c903f286ad3ae6604dc0417b '   itemscope=\"itemscope\" itemtype=\"https:\/\/schema.org\/CreativeWork\" ><div class='avia_textblock'  itemprop=\"text\" ><h1>Allgemeine Gesch\u00e4ftsbedingungen<\/h1>\n<\/div><\/section><br \/>\n\n<style type=\"text\/css\" data-created_by=\"avia_inline_auto\" id=\"style-css-av-juutyfrg-f2a55e626120034cf59f28e3130d42c9\">\n#top .hr.hr-invisible.av-juutyfrg-f2a55e626120034cf59f28e3130d42c9{\nheight:20px;\n}\n<\/style>\n<div  class='hr av-juutyfrg-f2a55e626120034cf59f28e3130d42c9 hr-invisible  avia-builder-el-4  el_after_av_textblock  el_before_av_textblock '><span class='hr-inner '><span class=\"hr-inner-style\"><\/span><\/span><\/div><br \/>\n<section  class='av_textblock_section av-juuu9nh3-c5f382e4e01347e5b9fa67dfdfef3b05 '   itemscope=\"itemscope\" itemtype=\"https:\/\/schema.org\/CreativeWork\" ><div class='avia_textblock'  itemprop=\"text\" ><p><strong>1. Anmeldung und Voraussetzung<\/strong><br \/>\nVoraussetzung f\u00fcr die Teilnahme an den Kursen ist die Beherrschung der lateinischen Schrift und der h\u00f6chste Schulabschluss im Heimatland (Abitur\/Hochschulreife).<\/p>\n<p><strong>2. Zahlung<\/strong><br \/>\nDie Kursgeb\u00fchr muss sp\u00e4testens 3 Tage nach der Zulassung zum Kurs eingezahlt werden. Erst nach Eingang der Kursgeb\u00fchr ist die Reservierung verbindlich. Eine erneute Zahlungsaufforderung erfolgt nicht.<\/p>\n<p><strong>3. Umbuchung und R\u00fccktritt<\/strong><br \/>\nDer R\u00fccktritt vom gebuchten Kurs oder die Umbuchung auf einen darauffolgenden Kurs ist m\u00f6glich bis sp\u00e4testens 2 Wochen vor Kursbeginn. Die Umbuchung erfolgt dann kostenlos. Bei rechtzeitigem R\u00fccktritt werden die Kursgeb\u00fchren bis auf eine Bearbeitungsgeb\u00fchr von Euro 50,- zur\u00fcckerstattet. Bei sp\u00e4terem R\u00fccktritt oder w\u00e4hrend des laufenden Kurses besteht kein Anspruch auf R\u00fcckerstattung der Kursgeb\u00fchr bzw. eines Teils davon oder Teilnahme an einem Sprachkurs zu einem anderen Zeitpunkt.<\/p>\n<p><strong>4. Zertifikate und Bescheinigungen<\/strong><br \/>\nZeugnis und Teilnahmebest\u00e4tigung werden am letzten Tag des Kurses ausgestellt. Wer mehr als 20% der Unterrichtszeit fehlt, kann nur eine Teilnahmebest\u00e4tigung \u00fcber die reale Anwesenheit im Kurs bekommen. Das Zertifikat TestDaF wird ca. 6 Wochen nach Ablegen der Pr\u00fcfung per Post versandt.<\/p>\n<p><strong>5. Kursabsage<\/strong><br \/>\nIst bis eine Woche vor Beginn des Kurses die Mindestanzahl von Teilnehmern nicht erreicht, kann der Kurs storniert werden.<\/p>\n<p><strong>6. Datenschutz<\/strong><br \/>\nDas Deutschkolleg Stuttgart erfasst die Daten aus verwaltungstechnischen Gr\u00fcnden elektronisch und gibt diese nicht an Dritte weiter.<\/p>\n<\/div><\/section><\/p><\/div><\/p>\n","protected":false},"excerpt":{"rendered":"","protected":false},"author":1,"featured_media":0,"parent":0,"menu_order":0,"comment_status":"closed","ping_status":"closed","template":"","meta":{"footnotes":""},"class_list":["post-1225","page","type-page","status-publish","hentry"],"yoast_head":"<!-- This site is optimized with the Yoast SEO plugin v26.4 - https:\/\/yoast.com\/wordpress\/plugins\/seo\/ -->\n<title>Allgemeine Gesch\u00e4ftsbedingungen - Deutschkolleg Stuttgart<\/title>\n<meta name=\"description\" content=\"Das Deutschkolleg Stuttgart ist ein eingetragener, gemeinn\u00fctziger Verein. Wir garantieren faire Gesch\u00e4ftsbedingungen.\" \/>\n<meta name=\"robots\" content=\"index, follow, max-snippet:-1, max-image-preview:large, max-video-preview:-1\" \/>\n<link rel=\"canonical\" href=\"https:\/\/deutschkurs-stuttgart.de\/de\/allgemeine-geschaeftsbedingungen\/\" \/>\n<meta property=\"og:locale\" content=\"de_DE\" \/>\n<meta property=\"og:type\" content=\"article\" \/>\n<meta property=\"og:title\" content=\"Allgemeine Gesch\u00e4ftsbedingungen - Deutschkolleg Stuttgart\" \/>\n<meta property=\"og:description\" content=\"Das Deutschkolleg Stuttgart ist ein eingetragener, gemeinn\u00fctziger Verein. Wir garantieren faire Gesch\u00e4ftsbedingungen.\" \/>\n<meta property=\"og:url\" content=\"https:\/\/deutschkurs-stuttgart.de\/de\/allgemeine-geschaeftsbedingungen\/\" \/>\n<meta property=\"og:site_name\" content=\"Deutschkolleg Stuttgart\" \/>\n<meta property=\"article:publisher\" content=\"https:\/\/www.facebook.com\/DeutschkollegStuttgart\" \/>\n<meta property=\"article:modified_time\" content=\"2022-05-25T09:41:48+00:00\" \/>\n<meta name=\"twitter:card\" content=\"summary_large_image\" \/>\n<meta name=\"twitter:label1\" content=\"Gesch\u00e4tzte Lesezeit\" \/>\n\t<meta name=\"twitter:data1\" content=\"3\u00a0Minuten\" \/>\n<script type=\"application\/ld+json\" class=\"yoast-schema-graph\">{\"@context\":\"https:\/\/schema.org\",\"@graph\":[{\"@type\":\"WebPage\",\"@id\":\"https:\/\/deutschkurs-stuttgart.de\/de\/allgemeine-geschaeftsbedingungen\/\",\"url\":\"https:\/\/deutschkurs-stuttgart.de\/de\/allgemeine-geschaeftsbedingungen\/\",\"name\":\"Allgemeine Gesch\u00e4ftsbedingungen - Deutschkolleg Stuttgart\",\"isPartOf\":{\"@id\":\"https:\/\/deutschkurs-stuttgart.de\/de\/#website\"},\"datePublished\":\"2019-06-17T13:07:32+00:00\",\"dateModified\":\"2022-05-25T09:41:48+00:00\",\"description\":\"Das Deutschkolleg Stuttgart ist ein eingetragener, gemeinn\u00fctziger Verein. Wir garantieren faire Gesch\u00e4ftsbedingungen.\",\"breadcrumb\":{\"@id\":\"https:\/\/deutschkurs-stuttgart.de\/de\/allgemeine-geschaeftsbedingungen\/#breadcrumb\"},\"inLanguage\":\"de\",\"potentialAction\":[{\"@type\":\"ReadAction\",\"target\":[\"https:\/\/deutschkurs-stuttgart.de\/de\/allgemeine-geschaeftsbedingungen\/\"]}]},{\"@type\":\"BreadcrumbList\",\"@id\":\"https:\/\/deutschkurs-stuttgart.de\/de\/allgemeine-geschaeftsbedingungen\/#breadcrumb\",\"itemListElement\":[{\"@type\":\"ListItem\",\"position\":1,\"name\":\"Startseite\",\"item\":\"https:\/\/deutschkurs-stuttgart.de\/de\/deutschkolleg-stuttgart\/\"},{\"@type\":\"ListItem\",\"position\":2,\"name\":\"Allgemeine Gesch\u00e4ftsbedingungen\"}]},{\"@type\":\"WebSite\",\"@id\":\"https:\/\/deutschkurs-stuttgart.de\/de\/#website\",\"url\":\"https:\/\/deutschkurs-stuttgart.de\/de\/\",\"name\":\"Deutschkolleg Stuttgart\",\"description\":\"Schnell und effektiv Deutsch f\u00fcr Studium und Beruf lernen\",\"publisher\":{\"@id\":\"https:\/\/deutschkurs-stuttgart.de\/de\/#organization\"},\"potentialAction\":[{\"@type\":\"SearchAction\",\"target\":{\"@type\":\"EntryPoint\",\"urlTemplate\":\"https:\/\/deutschkurs-stuttgart.de\/de\/?s={search_term_string}\"},\"query-input\":{\"@type\":\"PropertyValueSpecification\",\"valueRequired\":true,\"valueName\":\"search_term_string\"}}],\"inLanguage\":\"de\"},{\"@type\":\"Organization\",\"@id\":\"https:\/\/deutschkurs-stuttgart.de\/de\/#organization\",\"name\":\"Deutschkolleg Stuttgart\",\"url\":\"https:\/\/deutschkurs-stuttgart.de\/de\/\",\"logo\":{\"@type\":\"ImageObject\",\"inLanguage\":\"de\",\"@id\":\"https:\/\/deutschkurs-stuttgart.de\/de\/#\/schema\/logo\/image\/\",\"url\":\"https:\/\/deutschkurs-stuttgart.de\/wp-content\/uploads\/2019\/05\/DK-Logo.png\",\"contentUrl\":\"https:\/\/deutschkurs-stuttgart.de\/wp-content\/uploads\/2019\/05\/DK-Logo.png\",\"width\":200,\"height\":152,\"caption\":\"Deutschkolleg Stuttgart\"},\"image\":{\"@id\":\"https:\/\/deutschkurs-stuttgart.de\/de\/#\/schema\/logo\/image\/\"},\"sameAs\":[\"https:\/\/www.facebook.com\/DeutschkollegStuttgart\",\"https:\/\/www.instagram.com\/deutschkolleg.stuttgart\/\"]}]}<\/script>\n<!-- \/ Yoast SEO plugin. -->","yoast_head_json":{"title":"Allgemeine Gesch\u00e4ftsbedingungen - Deutschkolleg Stuttgart","description":"Das Deutschkolleg Stuttgart ist ein eingetragener, gemeinn\u00fctziger Verein. Wir garantieren faire Gesch\u00e4ftsbedingungen.","robots":{"index":"index","follow":"follow","max-snippet":"max-snippet:-1","max-image-preview":"max-image-preview:large","max-video-preview":"max-video-preview:-1"},"canonical":"https:\/\/deutschkurs-stuttgart.de\/de\/allgemeine-geschaeftsbedingungen\/","og_locale":"de_DE","og_type":"article","og_title":"Allgemeine Gesch\u00e4ftsbedingungen - Deutschkolleg Stuttgart","og_description":"Das Deutschkolleg Stuttgart ist ein eingetragener, gemeinn\u00fctziger Verein. Wir garantieren faire Gesch\u00e4ftsbedingungen.","og_url":"https:\/\/deutschkurs-stuttgart.de\/de\/allgemeine-geschaeftsbedingungen\/","og_site_name":"Deutschkolleg Stuttgart","article_publisher":"https:\/\/www.facebook.com\/DeutschkollegStuttgart","article_modified_time":"2022-05-25T09:41:48+00:00","twitter_card":"summary_large_image","twitter_misc":{"Gesch\u00e4tzte Lesezeit":"3\u00a0Minuten"},"schema":{"@context":"https:\/\/schema.org","@graph":[{"@type":"WebPage","@id":"https:\/\/deutschkurs-stuttgart.de\/de\/allgemeine-geschaeftsbedingungen\/","url":"https:\/\/deutschkurs-stuttgart.de\/de\/allgemeine-geschaeftsbedingungen\/","name":"Allgemeine Gesch\u00e4ftsbedingungen - Deutschkolleg Stuttgart","isPartOf":{"@id":"https:\/\/deutschkurs-stuttgart.de\/de\/#website"},"datePublished":"2019-06-17T13:07:32+00:00","dateModified":"2022-05-25T09:41:48+00:00","description":"Das Deutschkolleg Stuttgart ist ein eingetragener, gemeinn\u00fctziger Verein. Wir garantieren faire Gesch\u00e4ftsbedingungen.","breadcrumb":{"@id":"https:\/\/deutschkurs-stuttgart.de\/de\/allgemeine-geschaeftsbedingungen\/#breadcrumb"},"inLanguage":"de","potentialAction":[{"@type":"ReadAction","target":["https:\/\/deutschkurs-stuttgart.de\/de\/allgemeine-geschaeftsbedingungen\/"]}]},{"@type":"BreadcrumbList","@id":"https:\/\/deutschkurs-stuttgart.de\/de\/allgemeine-geschaeftsbedingungen\/#breadcrumb","itemListElement":[{"@type":"ListItem","position":1,"name":"Startseite","item":"https:\/\/deutschkurs-stuttgart.de\/de\/deutschkolleg-stuttgart\/"},{"@type":"ListItem","position":2,"name":"Allgemeine Gesch\u00e4ftsbedingungen"}]},{"@type":"WebSite","@id":"https:\/\/deutschkurs-stuttgart.de\/de\/#website","url":"https:\/\/deutschkurs-stuttgart.de\/de\/","name":"Deutschkolleg Stuttgart","description":"Schnell und effektiv Deutsch f\u00fcr Studium und Beruf lernen","publisher":{"@id":"https:\/\/deutschkurs-stuttgart.de\/de\/#organization"},"potentialAction":[{"@type":"SearchAction","target":{"@type":"EntryPoint","urlTemplate":"https:\/\/deutschkurs-stuttgart.de\/de\/?s={search_term_string}"},"query-input":{"@type":"PropertyValueSpecification","valueRequired":true,"valueName":"search_term_string"}}],"inLanguage":"de"},{"@type":"Organization","@id":"https:\/\/deutschkurs-stuttgart.de\/de\/#organization","name":"Deutschkolleg Stuttgart","url":"https:\/\/deutschkurs-stuttgart.de\/de\/","logo":{"@type":"ImageObject","inLanguage":"de","@id":"https:\/\/deutschkurs-stuttgart.de\/de\/#\/schema\/logo\/image\/","url":"https:\/\/deutschkurs-stuttgart.de\/wp-content\/uploads\/2019\/05\/DK-Logo.png","contentUrl":"https:\/\/deutschkurs-stuttgart.de\/wp-content\/uploads\/2019\/05\/DK-Logo.png","width":200,"height":152,"caption":"Deutschkolleg Stuttgart"},"image":{"@id":"https:\/\/deutschkurs-stuttgart.de\/de\/#\/schema\/logo\/image\/"},"sameAs":["https:\/\/www.facebook.com\/DeutschkollegStuttgart","https:\/\/www.instagram.com\/deutschkolleg.stuttgart\/"]}]}},"_links":{"self":[{"href":"https:\/\/deutschkurs-stuttgart.de\/de\/wp-json\/wp\/v2\/pages\/1225","targetHints":{"allow":["GET"]}}],"collection":[{"href":"https:\/\/deutschkurs-stuttgart.de\/de\/wp-json\/wp\/v2\/pages"}],"about":[{"href":"https:\/\/deutschkurs-stuttgart.de\/de\/wp-json\/wp\/v2\/types\/page"}],"author":[{"embeddable":true,"href":"https:\/\/deutschkurs-stuttgart.de\/de\/wp-json\/wp\/v2\/users\/1"}],"replies":[{"embeddable":true,"href":"https:\/\/deutschkurs-stuttgart.de\/de\/wp-json\/wp\/v2\/comments?post=1225"}],"version-history":[{"count":3,"href":"https:\/\/deutschkurs-stuttgart.de\/de\/wp-json\/wp\/v2\/pages\/1225\/revisions"}],"predecessor-version":[{"id":3316,"href":"https:\/\/deutschkurs-stuttgart.de\/de\/wp-json\/wp\/v2\/pages\/1225\/revisions\/3316"}],"wp:attachment":[{"href":"https:\/\/deutschkurs-stuttgart.de\/de\/wp-json\/wp\/v2\/media?parent=1225"}],"curies":[{"name":"wp","href":"https:\/\/api.w.org\/{rel}","templated":true}]}}